{"id":1305,"date":"2015-08-13T14:33:20","date_gmt":"2015-08-13T18:33:20","guid":{"rendered":"http:\/\/www.benoitboisverthypnotherapeute.com\/?page_id=1305"},"modified":"2015-08-21T14:09:32","modified_gmt":"2015-08-21T18:09:32","slug":"les-dependances","status":"publish","type":"page","link":"https:\/\/www.consuljl.com\/developpement3\/services\/les-dependances\/","title":{"rendered":"D\u00e9pendances"},"content":{"rendered":"<div class=\"fcbkbttn_buttons_block\" id=\"fcbkbttn_left\"><div class=\"fcbkbttn_like \"><fb:like href=\"https:\/\/www.consuljl.com\/developpement3\/services\/les-dependances\/\" action=\"like\" colorscheme=\"light\" layout=\"button_count\"  size=\"small\"><\/fb:like><\/div><\/div><h2>Quelles d\u00e9pendances?<\/h2>\n<p><img decoding=\"async\" loading=\"lazy\" class=\"alignleft wp-image-1172\" src=\"http:\/\/www.benoitboisverthypnotherapeute.com\/wp-content\/uploads\/2015\/08\/images-811.jpg\" alt=\"d\u00e9pendance\" width=\"320\" height=\"213\" \/>L\u2019hypnoth\u00e9rapeute est de plus en plus sollicit\u00e9\u00a0pour traiter\u00a0la toxicomanie ou la <strong>d\u00e9pendance<\/strong>.<\/p>\n<p>Avec le temps, l\u2019hypnose gagne en cr\u00e9dibilit\u00e9 dans ce domaine.<\/p>\n<p>Trop souvent, les personnes utilisent l\u2019hypnose comme dernier recours pour se d\u00e9barrasser de leurs <strong>d\u00e9pendances<\/strong>.<\/p>\n<p>L\u2019hypnoth\u00e9rapeute est couramment\u00a0per\u00e7u comme une bou\u00e9e de sauvetage par les clients qui, au d\u00e9but de leur consommation, croyaient \u00eatre \u00e0 l\u2019abri de la <strong>d\u00e9pendance<\/strong> ou de la<strong> toxicomanie<\/strong>.<\/p>\n<p>Ils cherchent de l\u2019aide\u00a0\u2014 et la\u00a0trouvent en hypnoth\u00e9rapie.<\/p>\n<h3><strong><strong>Un peu de vocabulaire<\/strong><\/strong><\/h3>\n<p>Il est important de bien d\u00e9finir\u00a0en quoi consistent ces troubles.<\/p>\n<p>La <strong>d\u00e9pendance<\/strong>, selon le <em>Larousse <\/em>en ligne, est \u00ab\u00a0un rapport de liaison \u00e9troite entre quelque chose et ce qui le conditionne, le r\u00e9git\u00a0\u00bb. Elle est aussi d\u00e9finie comme un \u00ab\u00a0assujettissement \u00e0 une drogue, \u00e0 une substance <strong>toxicomanog\u00e8ne<\/strong>, se manifestant lors de la suppression de cette derni\u00e8re par un ensemble de troubles physiques et\/ou psychiques\u00a0\u00bb.<\/p>\n<p><a href=\"http:\/\/www.benoitboisverthypnotherapeute.com\/wp-content\/uploads\/2015\/08\/images-861.jpg\"><img decoding=\"async\" loading=\"lazy\" class=\"alignright size-full wp-image-1177\" src=\"http:\/\/www.benoitboisverthypnotherapeute.com\/wp-content\/uploads\/2015\/08\/images-861.jpg\" alt=\"d\u00e9pendance\" width=\"259\" height=\"194\" \/><\/a>L\u2019<strong>addiction<\/strong>, aussi appel\u00e9e la conduite addictive, est un \u00ab comportement r\u00e9p\u00e9titif plus ou moins incoercible et nuisible \u00e0 la sant\u00e9 (toxicomanie, alcoolisme, tabagisme, boulimie, anorexie) \u00bb.<\/p>\n<p><strong><strong>Quelques d\u00e9pendances<\/strong><\/strong><\/p>\n<p>Voici comment se r\u00e9partissent en g\u00e9n\u00e9ral les demandes d\u2019aide et de soutien en hypnoth\u00e9rapie :<\/p>\n<ul>\n<li>Tabagisme (cigarette) : 75 %<\/li>\n<li>Cannabisme (pot) : 10 %<\/li>\n<li><img decoding=\"async\" loading=\"lazy\" class=\"alignright size-full wp-image-1314\" src=\"http:\/\/www.benoitboisverthypnotherapeute.com\/wp-content\/uploads\/2015\/08\/imagesJAF1QCA8.jpg\" alt=\"d\u00e9pendance\" width=\"259\" height=\"194\" \/>Alcoolisme (bi\u00e8re, vin et spiritueux) : 10 %<\/li>\n<li>Autres d\u00e9pendances : 5 %\n<ul>\n<li>Drogues dures<\/li>\n<li>Jeu\u00a0pathologique<\/li>\n<li>Cyberd\u00e9pendance<\/li>\n<li>D\u00e9pendance aux achats<\/li>\n<li>Ergomanie (<em>workaholism<\/em>)<\/li>\n<\/ul>\n<\/li>\n<\/ul>\n<p>La plupart\u00a0des probl\u00e9matiques\u00a0r\u00e9v\u00e8lent souvent chez l\u2019individu une forme de <strong>d\u00e9pendance<\/strong> affective sous-jacente qu&rsquo;il faut\u00a0r\u00e9orienter\u00a0\u00e0 partir de techniques hypnotiques adapt\u00e9es et personnalis\u00e9es.<\/p>\n<p>Comme l\u2019estime de soi est\u00a0r\u00e9guli\u00e8rement en cause, le travail sur cet\u00a0\u00e9l\u00e9ment est aussi ajout\u00e9\u00a0dans le plan d\u2019action.<\/p>\n<h3><strong><strong>Quelques crit\u00e8res de d\u00e9pendance<\/strong><\/strong><\/h3>\n<p>Voici quelques crit\u00e8res pour vous aider \u00e0 savoir si vous avez besoin de soutien par rapport \u00e0\u00a0votre <strong>d\u00e9pendance<\/strong>\u00a0:<\/p>\n<ul>\n<li>Impossibilit\u00e9 de r\u00e9sister aux impulsions d&rsquo;ex\u00e9cuter\u00a0un\u00a0comportement<\/li>\n<li>Sensation croissante de tension (avoir l\u2019impression de bouillir de\u00a0l\u2019int\u00e9rieur) pr\u00e9c\u00e9dant imm\u00e9diatement le comportement<\/li>\n<li>Plaisir ou soulagement pendant la dur\u00e9e du geste de d\u00e9pendance<\/li>\n<li>Obsession\u00a0\u00e0 vouloir poss\u00e9der\u00a0l\u2019objet en question<\/li>\n<li>Tentatives r\u00e9p\u00e9t\u00e9es de\u00a0r\u00e9duire, ma\u00eetriser\u00a0ou abandonner le comportement<\/li>\n<li>Persistance du comportement malgr\u00e9\u00a0des probl\u00e8mes financiers, familiaux, psychologiques ou physiques<\/li>\n<\/ul>\n<h3><strong>Engagement<\/strong><\/h3>\n<p>La prise en charge d&rsquo;une d\u00e9pendance\u00a0n\u00e9cessite un engagement de votre part pour assurer l&rsquo;atteinte de\u00a0vos objectifs.<\/p>\n<p><a href=\"http:\/\/www.benoitboisverthypnotherapeute.com\/wp-content\/uploads\/2015\/08\/livre2.jpg\"><img decoding=\"async\" loading=\"lazy\" class=\"alignright size-full wp-image-1281\" src=\"http:\/\/www.benoitboisverthypnotherapeute.com\/wp-content\/uploads\/2015\/08\/livre2.jpg\" alt=\"livre2\" width=\"276\" height=\"183\" \/><\/a>Il vous sera demand\u00e9 de\u00a0:<\/p>\n<ul>\n<li>Tenir\u00a0un journal personnel<\/li>\n<li>Vous pr\u00e9senter \u00e0 chacune de vos rencontres<\/li>\n<li>R\u00e9aliser les exercices sugg\u00e9r\u00e9s \u00e0 la maison<\/li>\n<li>Remplir\u00a0des questionnaires<\/li>\n<li>Collaborer \u00e0 la mise en place d\u2019un plan d\u2019action<\/li>\n<\/ul>\n<p><strong>Si possible, apportez votre cellulaire ou un lecteur MP3 pour\u00a0enregistrer\u00a0les s\u00e9ances et les \u00e9couter entre\u00a0les rencontres.<\/strong><\/p>\n<h3><strong>Techniques employ\u00e9es<\/strong><\/h3>\n<p>La m\u00e9thode utilis\u00e9e est\u00a0l\u2019hypnose classique selon Milton Erickson, qui vise \u00e0 r\u00e9duire ou \u00e0 \u00e9liminer\u00a0compl\u00e8tement la d\u00e9pendance.<\/p>\n<p>Parmi les techniques que le praticien en hypnose utilise, on compte\u00a0notamment :<\/p>\n<ul>\n<li><img decoding=\"async\" loading=\"lazy\" class=\"alignright size-full wp-image-1160\" src=\"http:\/\/www.benoitboisverthypnotherapeute.com\/wp-content\/uploads\/2015\/08\/images-69.jpg\" alt=\"d\u00e9pendance\" width=\"259\" height=\"194\" \/>La suggestion hypnotique<\/li>\n<li>La m\u00e9taphore hypnotique adapt\u00e9e<\/li>\n<li>L&rsquo;ancrage<\/li>\n<li>L&rsquo;autohypnose<\/li>\n<li>Le renforcement positif<\/li>\n<li>La visualisation<\/li>\n<li>Etc.<\/li>\n<\/ul>\n<p>Certaines techniques peuvent \u00eatre employ\u00e9es\u00a0s\u00e9par\u00e9ment ou simultan\u00e9ment afin de personnaliser l\u2019accompagnement.<\/p>\n<p>\u00ab\u00a0Vous \u00eates l&rsquo;\u00e9l\u00e9ment cl\u00e9 de votre r\u00e9ussite, car l&rsquo;hypnose ne peut rien sans votre engagement.\u00a0\u00bb<\/p>\n<p>\u2014 Beno\u00eet Boisvert, Hypnoth\u00e9rapeute<\/p>\n<p>Vous \u00eates invit\u00e9 \u00e0 suivre Beno\u00eet Boisvert, hypnoth\u00e9rapeute sur <a href=\"https:\/\/www.facebook.com\/benoitboisverthypnotherapeute?ref=hl\" target=\"_blank\"><u>Facebook<\/u><\/a> et <a href=\"https:\/\/www.linkedin.com\/profile\/view?id=AAIAABgE5V8BnbhfR7imAaVMcm2YTi4vM3drj6s&amp;trk=nav_responsive_tab_profile_pic\" target=\"_blank\"><u>LinkedIn<\/u><\/a>.<\/p>\n<div class=\"fcbkbttn_buttons_block\" id=\"fcbkbttn_left\"><div class=\"fcbkbttn_like \"><fb:like href=\"https:\/\/www.consuljl.com\/developpement3\/services\/les-dependances\/\" action=\"like\" colorscheme=\"light\" layout=\"button_count\"  size=\"small\"><\/fb:like><\/div><\/div>","protected":false},"excerpt":{"rendered":"<p>Quelles d\u00e9pendances? L\u2019hypnoth\u00e9rapeute est de plus en plus sollicit\u00e9\u00a0pour traiter\u00a0la toxicomanie ou la d\u00e9pendance. Avec le temps, l\u2019hypnose gagne en cr\u00e9dibilit\u00e9 dans ce domaine. Trop souvent, les personnes utilisent l\u2019hypnose comme dernier recours pour se d\u00e9barrasser de leurs d\u00e9pendances. L\u2019hypnoth\u00e9rapeute <span class=\"excerpt-dots\">&hellip;<\/span> <a class=\"more-link\" href=\"https:\/\/www.consuljl.com\/developpement3\/services\/les-dependances\/\"><span class=\"more-msg\">Lire la suite &rarr;<\/span><\/a><\/p>\n","protected":false},"author":2,"featured_media":0,"parent":27,"menu_order":100,"comment_status":"closed","ping_status":"closed","template":"","meta":[],"yoast_head":"<!-- This site is optimized with the Yoast SEO plugin v20.10 - https:\/\/yoast.com\/wordpress\/plugins\/seo\/ -->\n<title>D\u00e9pendances - Beno\u00eet Boisvert Hypnoth\u00e9rapeute<\/title>\n<meta name=\"description\" content=\"L\u2019hypnose est de plus en plus sollicit\u00e9e pour traiter la toxicomanie ou la d\u00e9pendance. Elle demeure trop souvent utilis\u00e9e en dernier recours.\" \/>\n<meta name=\"robots\" content=\"noindex, follow, max-snippet:-1, max-image-preview:large, max-video-preview:-1\" \/>\n<meta property=\"og:locale\" content=\"fr_FR\" \/>\n<meta property=\"og:type\" content=\"article\" \/>\n<meta property=\"og:title\" content=\"D\u00e9pendances - Beno\u00eet Boisvert Hypnoth\u00e9rapeute\" \/>\n<meta property=\"og:description\" content=\"L\u2019hypnose est de plus en plus sollicit\u00e9e pour traiter la toxicomanie ou la d\u00e9pendance. Elle demeure trop souvent utilis\u00e9e en dernier recours.\" \/>\n<meta property=\"og:url\" content=\"https:\/\/www.consuljl.com\/developpement3\/services\/les-dependances\/\" \/>\n<meta property=\"og:site_name\" content=\"Beno\u00eet Boisvert Hypnoth\u00e9rapeute\" \/>\n<meta property=\"article:publisher\" content=\"http:\/\/facebook.com\/benoitboisverthypnotherapeute\" \/>\n<meta property=\"article:modified_time\" content=\"2015-08-21T18:09:32+00:00\" \/>\n<meta property=\"og:image\" content=\"http:\/\/www.benoitboisverthypnotherapeute.com\/wp-content\/uploads\/2015\/08\/images-811.jpg\" \/>\n<meta name=\"twitter:card\" content=\"summary_large_image\" \/>\n<meta name=\"twitter:label1\" content=\"Dur\u00e9e de lecture estim\u00e9e\" \/>\n\t<meta name=\"twitter:data1\" content=\"3 minutes\" \/>\n<script type=\"application\/ld+json\" class=\"yoast-schema-graph\">{\"@context\":\"https:\/\/schema.org\",\"@graph\":[{\"@type\":\"WebPage\",\"@id\":\"https:\/\/www.consuljl.com\/developpement3\/services\/les-dependances\/\",\"url\":\"https:\/\/www.consuljl.com\/developpement3\/services\/les-dependances\/\",\"name\":\"D\u00e9pendances - Beno\u00eet Boisvert Hypnoth\u00e9rapeute\",\"isPartOf\":{\"@id\":\"https:\/\/www.consuljl.com\/developpement3\/#website\"},\"datePublished\":\"2015-08-13T18:33:20+00:00\",\"dateModified\":\"2015-08-21T18:09:32+00:00\",\"description\":\"L\u2019hypnose est de plus en plus sollicit\u00e9e pour traiter la toxicomanie ou la d\u00e9pendance. Elle demeure trop souvent utilis\u00e9e en dernier recours.\",\"breadcrumb\":{\"@id\":\"https:\/\/www.consuljl.com\/developpement3\/services\/les-dependances\/#breadcrumb\"},\"inLanguage\":\"fr-FR\",\"potentialAction\":[{\"@type\":\"ReadAction\",\"target\":[\"https:\/\/www.consuljl.com\/developpement3\/services\/les-dependances\/\"]}]},{\"@type\":\"BreadcrumbList\",\"@id\":\"https:\/\/www.consuljl.com\/developpement3\/services\/les-dependances\/#breadcrumb\",\"itemListElement\":[{\"@type\":\"ListItem\",\"position\":1,\"name\":\"Accueil\",\"item\":\"https:\/\/www.consuljl.com\/developpement3\/\"},{\"@type\":\"ListItem\",\"position\":2,\"name\":\"Services\",\"item\":\"https:\/\/www.consuljl.com\/developpement3\/services\/\"},{\"@type\":\"ListItem\",\"position\":3,\"name\":\"D\u00e9pendances\"}]},{\"@type\":\"WebSite\",\"@id\":\"https:\/\/www.consuljl.com\/developpement3\/#website\",\"url\":\"https:\/\/www.consuljl.com\/developpement3\/\",\"name\":\"Beno\u00eet Boisvert Hypnoth\u00e9rapeute\",\"description\":\"R\u00e9v\u00e9lez la force de votre esprit par l&#039;hypnose\",\"potentialAction\":[{\"@type\":\"SearchAction\",\"target\":{\"@type\":\"EntryPoint\",\"urlTemplate\":\"https:\/\/www.consuljl.com\/developpement3\/?s={search_term_string}\"},\"query-input\":\"required name=search_term_string\"}],\"inLanguage\":\"fr-FR\"}]}<\/script>\n<!-- \/ Yoast SEO plugin. -->","yoast_head_json":{"title":"D\u00e9pendances - Beno\u00eet Boisvert Hypnoth\u00e9rapeute","description":"L\u2019hypnose est de plus en plus sollicit\u00e9e pour traiter la toxicomanie ou la d\u00e9pendance. Elle demeure trop souvent utilis\u00e9e en dernier recours.","robots":{"index":"noindex","follow":"follow","max-snippet":"max-snippet:-1","max-image-preview":"max-image-preview:large","max-video-preview":"max-video-preview:-1"},"og_locale":"fr_FR","og_type":"article","og_title":"D\u00e9pendances - Beno\u00eet Boisvert Hypnoth\u00e9rapeute","og_description":"L\u2019hypnose est de plus en plus sollicit\u00e9e pour traiter la toxicomanie ou la d\u00e9pendance. Elle demeure trop souvent utilis\u00e9e en dernier recours.","og_url":"https:\/\/www.consuljl.com\/developpement3\/services\/les-dependances\/","og_site_name":"Beno\u00eet Boisvert Hypnoth\u00e9rapeute","article_publisher":"http:\/\/facebook.com\/benoitboisverthypnotherapeute","article_modified_time":"2015-08-21T18:09:32+00:00","og_image":[{"url":"http:\/\/www.benoitboisverthypnotherapeute.com\/wp-content\/uploads\/2015\/08\/images-811.jpg"}],"twitter_card":"summary_large_image","twitter_misc":{"Dur\u00e9e de lecture estim\u00e9e":"3 minutes"},"schema":{"@context":"https:\/\/schema.org","@graph":[{"@type":"WebPage","@id":"https:\/\/www.consuljl.com\/developpement3\/services\/les-dependances\/","url":"https:\/\/www.consuljl.com\/developpement3\/services\/les-dependances\/","name":"D\u00e9pendances - Beno\u00eet Boisvert Hypnoth\u00e9rapeute","isPartOf":{"@id":"https:\/\/www.consuljl.com\/developpement3\/#website"},"datePublished":"2015-08-13T18:33:20+00:00","dateModified":"2015-08-21T18:09:32+00:00","description":"L\u2019hypnose est de plus en plus sollicit\u00e9e pour traiter la toxicomanie ou la d\u00e9pendance. Elle demeure trop souvent utilis\u00e9e en dernier recours.","breadcrumb":{"@id":"https:\/\/www.consuljl.com\/developpement3\/services\/les-dependances\/#breadcrumb"},"inLanguage":"fr-FR","potentialAction":[{"@type":"ReadAction","target":["https:\/\/www.consuljl.com\/developpement3\/services\/les-dependances\/"]}]},{"@type":"BreadcrumbList","@id":"https:\/\/www.consuljl.com\/developpement3\/services\/les-dependances\/#breadcrumb","itemListElement":[{"@type":"ListItem","position":1,"name":"Accueil","item":"https:\/\/www.consuljl.com\/developpement3\/"},{"@type":"ListItem","position":2,"name":"Services","item":"https:\/\/www.consuljl.com\/developpement3\/services\/"},{"@type":"ListItem","position":3,"name":"D\u00e9pendances"}]},{"@type":"WebSite","@id":"https:\/\/www.consuljl.com\/developpement3\/#website","url":"https:\/\/www.consuljl.com\/developpement3\/","name":"Beno\u00eet Boisvert Hypnoth\u00e9rapeute","description":"R\u00e9v\u00e9lez la force de votre esprit par l&#039;hypnose","potentialAction":[{"@type":"SearchAction","target":{"@type":"EntryPoint","urlTemplate":"https:\/\/www.consuljl.com\/developpement3\/?s={search_term_string}"},"query-input":"required name=search_term_string"}],"inLanguage":"fr-FR"}]}},"_links":{"self":[{"href":"https:\/\/www.consuljl.com\/developpement3\/wp-json\/wp\/v2\/pages\/1305"}],"collection":[{"href":"https:\/\/www.consuljl.com\/developpement3\/wp-json\/wp\/v2\/pages"}],"about":[{"href":"https:\/\/www.consuljl.com\/developpement3\/wp-json\/wp\/v2\/types\/page"}],"author":[{"embeddable":true,"href":"https:\/\/www.consuljl.com\/developpement3\/wp-json\/wp\/v2\/users\/2"}],"replies":[{"embeddable":true,"href":"https:\/\/www.consuljl.com\/developpement3\/wp-json\/wp\/v2\/comments?post=1305"}],"version-history":[{"count":14,"href":"https:\/\/www.consuljl.com\/developpement3\/wp-json\/wp\/v2\/pages\/1305\/revisions"}],"predecessor-version":[{"id":1388,"href":"https:\/\/www.consuljl.com\/developpement3\/wp-json\/wp\/v2\/pages\/1305\/revisions\/1388"}],"up":[{"embeddable":true,"href":"https:\/\/www.consuljl.com\/developpement3\/wp-json\/wp\/v2\/pages\/27"}],"wp:attachment":[{"href":"https:\/\/www.consuljl.com\/developpement3\/wp-json\/wp\/v2\/media?parent=1305"}],"curies":[{"name":"wp","href":"https:\/\/api.w.org\/{rel}","templated":true}]}}