{"id":1634,"date":"2015-11-10T12:05:54","date_gmt":"2015-11-10T17:05:54","guid":{"rendered":"http:\/\/www.benoitboisverthypnotherapeute.com\/?page_id=1634"},"modified":"2022-10-19T14:23:25","modified_gmt":"2022-10-19T18:23:25","slug":"pnl-2","status":"publish","type":"page","link":"https:\/\/www.consuljl.com\/developpement3\/pnl-2\/","title":{"rendered":"La PNL, c&rsquo;est pour vous!!!"},"content":{"rendered":"<div class=\"fcbkbttn_buttons_block\" id=\"fcbkbttn_left\"><div class=\"fcbkbttn_like \"><fb:like href=\"https:\/\/www.consuljl.com\/developpement3\/pnl-2\/\" action=\"like\" colorscheme=\"light\" layout=\"button_count\"  size=\"small\"><\/fb:like><\/div><\/div><h3>D&rsquo;o\u00f9 vient la programmation neurolinguistique (PNL)?<\/h3>\n<p><strong>L\u2019hypnose et la PNL, une synergie puissante!<\/strong><\/p>\n<p><img decoding=\"async\" loading=\"lazy\" class=\"alignleft size-medium wp-image-1674\" src=\"http:\/\/www.benoitboisverthypnotherapeute.com\/wp-content\/uploads\/2015\/11\/une-seule-cl\u00e9-300x247.jpg\" alt=\"Les cl\u00e9s\" width=\"300\" height=\"247\" srcset=\"https:\/\/www.consuljl.com\/developpement3\/wp-content\/uploads\/2015\/11\/une-seule-cl\u00e9-300x247.jpg 300w, https:\/\/www.consuljl.com\/developpement3\/wp-content\/uploads\/2015\/11\/une-seule-cl\u00e9-1024x844.jpg 1024w, https:\/\/www.consuljl.com\/developpement3\/wp-content\/uploads\/2015\/11\/une-seule-cl\u00e9-364x300.jpg 364w\" sizes=\"(max-width: 300px) 100vw, 300px\" \/>La <strong>PNL<\/strong> offre une multitude de cl\u00e9s\u00a0 pour vous aider \u00e0 atteindre vos objectifs.<\/p>\n<p>\u00ab\u00a0En 1972, \u00e0 l\u2019Universit\u00e9 de Santa Cruz en Californie,\u00a0<strong>Richard Bandler<\/strong>, math\u00e9maticien et cybern\u00e9ticien et\u00a0<strong>John Grinder<\/strong>, \u00e9minent linguiste, tous les deux docteurs en psychologie, motiv\u00e9s par un questionnement partag\u00e9, se sont int\u00e9ress\u00e9s \u00e0 la fa\u00e7on dont nous apprenons, nous communiquons, nous agissons, nous initions le processus du changement, et ce, dans un contexte donn\u00e9.<\/p>\n<p>\u00ab\u00a0En s\u2019appuyant sur les fondements de la s\u00e9mantique g\u00e9n\u00e9rale, de l\u2019approche syst\u00e9mique, de la cybern\u00e9tique, des travaux de l\u2019\u00e9cole de\u00a0<strong>Palo Alto<\/strong>\u00a0et des recherches sur le fonctionnement c\u00e9r\u00e9bral, <strong>Brandler <\/strong>et<strong> Grinder<\/strong> observent minutieusement le travail de th\u00e9rapeutes experts, reconnus pour la qualit\u00e9 des r\u00e9sultats obtenus :\u00a0<strong>Fritz Perls<\/strong>,\u00a0p\u00e8re de la th\u00e9rapie Gestalt,\u00a0<strong>Virginia Satir<\/strong>, fondatrice de la th\u00e9rapie familiale,\u00a0<strong>Milton Erickson<\/strong>, cr\u00e9ateur de l\u2019hypnose \u00c9ricksonienne.<\/p>\n<p>\u00ab\u00a0Le d\u00e9codage de la structure subjective de ces savoir-faire hautement performants lui a permis de mettre au point une s\u00e9rie de mod\u00e8les pour transf\u00e9rer des comp\u00e9tences en soi et chez les autres, et de poser les bases de cette discipline qui est mondialement connue comme la <strong>PNL.<\/strong>\u00a0\u00bb<\/p>\n<p>\u2014 Tir\u00e9 du site de l&rsquo;\u00c9FPHQ<\/p>\n<h3>Qu&rsquo;est-ce que la PNL?<\/h3>\n<p><a href=\"http:\/\/www.amazon.ca\/gp\/product\/276192679X\/ref=as_li_qf_sp_asin_tl?ie=UTF8&amp;camp=15121&amp;creative=330641&amp;creativeASIN=276192679X&amp;linkCode=as2&amp;tag=benoitboisver-20\"><img decoding=\"async\" loading=\"lazy\" class=\"alignright wp-image-1656\" src=\"http:\/\/www.benoitboisverthypnotherapeute.com\/wp-content\/uploads\/2015\/10\/richard-bandler.jpg\" alt=\"richard bandler\" width=\"185\" height=\"272\" srcset=\"https:\/\/www.consuljl.com\/developpement3\/wp-content\/uploads\/2015\/10\/richard-bandler.jpg 233w, https:\/\/www.consuljl.com\/developpement3\/wp-content\/uploads\/2015\/10\/richard-bandler-204x300.jpg 204w\" sizes=\"(max-width: 185px) 100vw, 185px\" \/><\/a>Richard Bandler, le c\u00e9l\u00e8bre cocr\u00e9ateur de la programmation neurolinguistique, croit que vous pouvez devenir qui vous voulez.<\/p>\n<p>\u00ab\u00a0La P<strong>NL<\/strong> est une attitude, une m\u00e9thodologie et une technique qui enseigne au sujet la mani\u00e8re d&rsquo;am\u00e9liorer la qualit\u00e9 de sa vie. C&rsquo;est un outil p\u00e9dagogique qui lui apprend \u00e0 communiquer plus efficacement avec lui-m\u00eame et les autres. Il est con\u00e7u de mani\u00e8re \u00e0 aider les gens \u00e0 trouver la libert\u00e9 personnelle dans leur fa\u00e7on de penser, de se sentir et de se comporter\u00a0\u00bb.<\/p>\n<p>\u2014 Tir\u00e9 du livre <em>Obtenez la vie que vous voulez<\/em> de Richard Bandler<\/p>\n<h3><a href=\"http:\/\/www.benoitboisverthypnotherapeute.com\/wp-content\/uploads\/2015\/07\/t\u00e9l\u00e9chargement-32.jpg\"><img decoding=\"async\" loading=\"lazy\" class=\"alignright size-full wp-image-736\" src=\"http:\/\/www.benoitboisverthypnotherapeute.com\/wp-content\/uploads\/2015\/07\/t\u00e9l\u00e9chargement-32.jpg\" alt=\"Famille\" width=\"254\" height=\"199\" \/><\/a>Pour qui?<\/h3>\n<p>La <strong>PNL<\/strong> s&rsquo;adresse \u00e0 toute personne voulant du changement durable dans sa\u00a0vie.<\/p>\n<p>Il n&rsquo;y a pas d&rsquo;\u00e2ge pour am\u00e9liorer son existence.<\/p>\n<h3>Pourquoi?<\/h3>\n<p>Devenez\u00a0ma\u00eetre de votre vie : gr\u00e2ce \u00e0 la <strong>PNL<\/strong>, vous vaincrez vos peurs, vos phobies et vos mauvaises habitudes. Vous serez plus heureux et vous conna\u00eetrez plus de r\u00e9ussite dans votre travail et vos relations.<\/p>\n<h3>Comment \u00e7a marche?<\/h3>\n<p>En<strong> PNL<\/strong>, on ne cherche jamais\u00a0ce qui ne fonctionne pas, mais on se concentre plut\u00f4t sur ce qui fonctionne efficacement.<\/p>\n<p>Par exemple, s&rsquo;il s&rsquo;agit de\u00a0travailler \u00e0 parler en public, on se concentrera sur la mani\u00e8re de\u00a0r\u00e9ussir \u00e0\u00a0prendre la parole\u00a0devant les gens efficacement.<\/p>\n<p><a href=\"http:\/\/www.benoitboisverthypnotherapeute.com\/wp-content\/uploads\/2015\/10\/pnl3.jpg\"><img decoding=\"async\" loading=\"lazy\" class=\"alignright size-full wp-image-1643\" src=\"http:\/\/www.benoitboisverthypnotherapeute.com\/wp-content\/uploads\/2015\/10\/pnl3.jpg\" alt=\"pnl3\" width=\"275\" height=\"183\" \/><\/a>Il existe une multitude de techniques li\u00e9es \u00e0 la p\u00e9noculaire pour vous aider \u00e0 r\u00e9ussir vos objectifs.<\/p>\n<p>Individuellement, vous avez vos propres syst\u00e8mes de repr\u00e9sentation. Ce sont les cinq syst\u00e8mes par lesquels vous recevez de l&rsquo;information du monde ext\u00e9rieur.\u00a0Au moyen de vos cinq sens, ou votre syst\u00e8me de repr\u00e9sentation, vous cr\u00e9ez une repr\u00e9sentation de l&rsquo;information re\u00e7ue.<\/p>\n<p>En <strong>PNL<\/strong>, les techniques agissent \u00e0 partir de vos sens et offrent \u00e0 l&rsquo;accompagnateur une multitude d&rsquo;informations contribuant\u00a0\u00e0 la r\u00e9ussite de votre projet.<\/p>\n<p><strong>R\u00e9v\u00e9lez la force de votre esprit avec Beno\u00eet Boisvert, hypnoth\u00e9rapeute<\/strong><\/p>\n<hr \/>\n<p>Suivez Beno\u00eet Boisvert, hypnoth\u00e9rapeute sur <a href=\"https:\/\/www.facebook.com\/benoitboisverthypnotherapeute?ref=hl\">Facebook<\/a> et <a href=\"https:\/\/www.linkedin.com\/profile\/view?id=AAIAABgE5V8BnbhfR7imAaVMcm2YTi4vM3drj6s&amp;trk=nav_responsive_tab_profile_pic\">LinkedIn<\/a>.<\/p>\n<p><img decoding=\"async\" loading=\"lazy\" style=\"border: none !important; margin: 0px !important;\" src=\"http:\/\/ir-ca.amazon-adsystem.com\/e\/ir?t=benoitboisver-20&amp;l=as2&amp;o=15&amp;a=276192679X\" alt=\"\" width=\"1\" height=\"1\" border=\"0\" \/><\/p>\n<p>&nbsp;<\/p>\n<div class=\"fcbkbttn_buttons_block\" id=\"fcbkbttn_left\"><div class=\"fcbkbttn_like \"><fb:like href=\"https:\/\/www.consuljl.com\/developpement3\/pnl-2\/\" action=\"like\" colorscheme=\"light\" layout=\"button_count\"  size=\"small\"><\/fb:like><\/div><\/div>","protected":false},"excerpt":{"rendered":"<p>D&rsquo;o\u00f9 vient la programmation neurolinguistique (PNL)? L\u2019hypnose et la PNL, une synergie puissante! La PNL offre une multitude de cl\u00e9s\u00a0 pour vous aider \u00e0 atteindre vos objectifs. \u00ab\u00a0En 1972, \u00e0 l\u2019Universit\u00e9 de Santa Cruz en Californie,\u00a0Richard Bandler, math\u00e9maticien et cybern\u00e9ticien <span class=\"excerpt-dots\">&hellip;<\/span> <a class=\"more-link\" href=\"https:\/\/www.consuljl.com\/developpement3\/pnl-2\/\"><span class=\"more-msg\">Lire la suite &rarr;<\/span><\/a><\/p>\n","protected":false},"author":2,"featured_media":0,"parent":0,"menu_order":20,"comment_status":"closed","ping_status":"closed","template":"","meta":[],"yoast_head":"<!-- This site is optimized with the Yoast SEO plugin v20.10 - https:\/\/yoast.com\/wordpress\/plugins\/seo\/ -->\n<title>La PNL, c&#039;est pour vous!!! - Beno\u00eet Boisvert Hypnoth\u00e9rapeute<\/title>\n<meta name=\"description\" content=\"PNL : Des techniques qui agissent \u00e0 partir de vos sens et offrent \u00e0 l&#039;accompagnateur une multitude d&#039;informations contribuant \u00e0 la r\u00e9ussite de votre projet.\" \/>\n<meta name=\"robots\" content=\"noindex, follow, max-snippet:-1, max-image-preview:large, max-video-preview:-1\" \/>\n<meta property=\"og:locale\" content=\"fr_FR\" \/>\n<meta property=\"og:type\" content=\"article\" \/>\n<meta property=\"og:title\" content=\"La PNL, c&#039;est pour vous!!! - Beno\u00eet Boisvert Hypnoth\u00e9rapeute\" \/>\n<meta property=\"og:description\" content=\"PNL : Des techniques qui agissent \u00e0 partir de vos sens et offrent \u00e0 l&#039;accompagnateur une multitude d&#039;informations contribuant \u00e0 la r\u00e9ussite de votre projet.\" \/>\n<meta property=\"og:url\" content=\"https:\/\/www.consuljl.com\/developpement3\/pnl-2\/\" \/>\n<meta property=\"og:site_name\" content=\"Beno\u00eet Boisvert Hypnoth\u00e9rapeute\" \/>\n<meta property=\"article:publisher\" content=\"http:\/\/facebook.com\/benoitboisverthypnotherapeute\" \/>\n<meta property=\"article:modified_time\" content=\"2022-10-19T18:23:25+00:00\" \/>\n<meta property=\"og:image\" content=\"http:\/\/www.benoitboisverthypnotherapeute.com\/wp-content\/uploads\/2015\/10\/richard-bandler.jpg\" \/>\n<meta name=\"twitter:card\" content=\"summary_large_image\" \/>\n<meta name=\"twitter:label1\" content=\"Dur\u00e9e de lecture estim\u00e9e\" \/>\n\t<meta name=\"twitter:data1\" content=\"3 minutes\" \/>\n<script type=\"application\/ld+json\" class=\"yoast-schema-graph\">{\"@context\":\"https:\/\/schema.org\",\"@graph\":[{\"@type\":\"WebPage\",\"@id\":\"https:\/\/www.consuljl.com\/developpement3\/pnl-2\/\",\"url\":\"https:\/\/www.consuljl.com\/developpement3\/pnl-2\/\",\"name\":\"La PNL, c'est pour vous!!! - Beno\u00eet Boisvert Hypnoth\u00e9rapeute\",\"isPartOf\":{\"@id\":\"https:\/\/www.consuljl.com\/developpement3\/#website\"},\"datePublished\":\"2015-11-10T17:05:54+00:00\",\"dateModified\":\"2022-10-19T18:23:25+00:00\",\"description\":\"PNL : Des techniques qui agissent \u00e0 partir de vos sens et offrent \u00e0 l'accompagnateur une multitude d'informations contribuant \u00e0 la r\u00e9ussite de votre projet.\",\"breadcrumb\":{\"@id\":\"https:\/\/www.consuljl.com\/developpement3\/pnl-2\/#breadcrumb\"},\"inLanguage\":\"fr-FR\",\"potentialAction\":[{\"@type\":\"ReadAction\",\"target\":[\"https:\/\/www.consuljl.com\/developpement3\/pnl-2\/\"]}]},{\"@type\":\"BreadcrumbList\",\"@id\":\"https:\/\/www.consuljl.com\/developpement3\/pnl-2\/#breadcrumb\",\"itemListElement\":[{\"@type\":\"ListItem\",\"position\":1,\"name\":\"Accueil\",\"item\":\"https:\/\/www.consuljl.com\/developpement3\/\"},{\"@type\":\"ListItem\",\"position\":2,\"name\":\"La PNL, c&rsquo;est pour vous!!!\"}]},{\"@type\":\"WebSite\",\"@id\":\"https:\/\/www.consuljl.com\/developpement3\/#website\",\"url\":\"https:\/\/www.consuljl.com\/developpement3\/\",\"name\":\"Beno\u00eet Boisvert Hypnoth\u00e9rapeute\",\"description\":\"R\u00e9v\u00e9lez la force de votre esprit par l&#039;hypnose\",\"potentialAction\":[{\"@type\":\"SearchAction\",\"target\":{\"@type\":\"EntryPoint\",\"urlTemplate\":\"https:\/\/www.consuljl.com\/developpement3\/?s={search_term_string}\"},\"query-input\":\"required name=search_term_string\"}],\"inLanguage\":\"fr-FR\"}]}<\/script>\n<!-- \/ Yoast SEO plugin. -->","yoast_head_json":{"title":"La PNL, c'est pour vous!!! - Beno\u00eet Boisvert Hypnoth\u00e9rapeute","description":"PNL : Des techniques qui agissent \u00e0 partir de vos sens et offrent \u00e0 l'accompagnateur une multitude d'informations contribuant \u00e0 la r\u00e9ussite de votre projet.","robots":{"index":"noindex","follow":"follow","max-snippet":"max-snippet:-1","max-image-preview":"max-image-preview:large","max-video-preview":"max-video-preview:-1"},"og_locale":"fr_FR","og_type":"article","og_title":"La PNL, c'est pour vous!!! - Beno\u00eet Boisvert Hypnoth\u00e9rapeute","og_description":"PNL : Des techniques qui agissent \u00e0 partir de vos sens et offrent \u00e0 l'accompagnateur une multitude d'informations contribuant \u00e0 la r\u00e9ussite de votre projet.","og_url":"https:\/\/www.consuljl.com\/developpement3\/pnl-2\/","og_site_name":"Beno\u00eet Boisvert Hypnoth\u00e9rapeute","article_publisher":"http:\/\/facebook.com\/benoitboisverthypnotherapeute","article_modified_time":"2022-10-19T18:23:25+00:00","og_image":[{"url":"http:\/\/www.benoitboisverthypnotherapeute.com\/wp-content\/uploads\/2015\/10\/richard-bandler.jpg"}],"twitter_card":"summary_large_image","twitter_misc":{"Dur\u00e9e de lecture estim\u00e9e":"3 minutes"},"schema":{"@context":"https:\/\/schema.org","@graph":[{"@type":"WebPage","@id":"https:\/\/www.consuljl.com\/developpement3\/pnl-2\/","url":"https:\/\/www.consuljl.com\/developpement3\/pnl-2\/","name":"La PNL, c'est pour vous!!! - Beno\u00eet Boisvert Hypnoth\u00e9rapeute","isPartOf":{"@id":"https:\/\/www.consuljl.com\/developpement3\/#website"},"datePublished":"2015-11-10T17:05:54+00:00","dateModified":"2022-10-19T18:23:25+00:00","description":"PNL : Des techniques qui agissent \u00e0 partir de vos sens et offrent \u00e0 l'accompagnateur une multitude d'informations contribuant \u00e0 la r\u00e9ussite de votre projet.","breadcrumb":{"@id":"https:\/\/www.consuljl.com\/developpement3\/pnl-2\/#breadcrumb"},"inLanguage":"fr-FR","potentialAction":[{"@type":"ReadAction","target":["https:\/\/www.consuljl.com\/developpement3\/pnl-2\/"]}]},{"@type":"BreadcrumbList","@id":"https:\/\/www.consuljl.com\/developpement3\/pnl-2\/#breadcrumb","itemListElement":[{"@type":"ListItem","position":1,"name":"Accueil","item":"https:\/\/www.consuljl.com\/developpement3\/"},{"@type":"ListItem","position":2,"name":"La PNL, c&rsquo;est pour vous!!!"}]},{"@type":"WebSite","@id":"https:\/\/www.consuljl.com\/developpement3\/#website","url":"https:\/\/www.consuljl.com\/developpement3\/","name":"Beno\u00eet Boisvert Hypnoth\u00e9rapeute","description":"R\u00e9v\u00e9lez la force de votre esprit par l&#039;hypnose","potentialAction":[{"@type":"SearchAction","target":{"@type":"EntryPoint","urlTemplate":"https:\/\/www.consuljl.com\/developpement3\/?s={search_term_string}"},"query-input":"required name=search_term_string"}],"inLanguage":"fr-FR"}]}},"_links":{"self":[{"href":"https:\/\/www.consuljl.com\/developpement3\/wp-json\/wp\/v2\/pages\/1634"}],"collection":[{"href":"https:\/\/www.consuljl.com\/developpement3\/wp-json\/wp\/v2\/pages"}],"about":[{"href":"https:\/\/www.consuljl.com\/developpement3\/wp-json\/wp\/v2\/types\/page"}],"author":[{"embeddable":true,"href":"https:\/\/www.consuljl.com\/developpement3\/wp-json\/wp\/v2\/users\/2"}],"replies":[{"embeddable":true,"href":"https:\/\/www.consuljl.com\/developpement3\/wp-json\/wp\/v2\/comments?post=1634"}],"version-history":[{"count":14,"href":"https:\/\/www.consuljl.com\/developpement3\/wp-json\/wp\/v2\/pages\/1634\/revisions"}],"predecessor-version":[{"id":2335,"href":"https:\/\/www.consuljl.com\/developpement3\/wp-json\/wp\/v2\/pages\/1634\/revisions\/2335"}],"wp:attachment":[{"href":"https:\/\/www.consuljl.com\/developpement3\/wp-json\/wp\/v2\/media?parent=1634"}],"curies":[{"name":"wp","href":"https:\/\/api.w.org\/{rel}","templated":true}]}}