{"id":1825,"date":"2016-02-16T14:27:50","date_gmt":"2016-02-16T19:27:50","guid":{"rendered":"http:\/\/www.benoitboisverthypnotherapeute.com\/?page_id=1825"},"modified":"2017-10-05T14:51:39","modified_gmt":"2017-10-05T18:51:39","slug":"auteur-benoit-boisvert","status":"publish","type":"page","link":"https:\/\/www.consuljl.com\/developpement3\/auteur-benoit-boisvert\/","title":{"rendered":"Auteur : Beno\u00eet Boisvert"},"content":{"rendered":"<div class=\"fcbkbttn_buttons_block\" id=\"fcbkbttn_left\"><div class=\"fcbkbttn_like \"><fb:like href=\"https:\/\/www.consuljl.com\/developpement3\/auteur-benoit-boisvert\/\" action=\"like\" colorscheme=\"light\" layout=\"button_count\"  size=\"small\"><\/fb:like><\/div><\/div><h3>Auteur : Beno\u00eet Boisvert<\/h3>\n<p><img decoding=\"async\" loading=\"lazy\" class=\"alignright wp-image-1833 size-full\" src=\"http:\/\/www.benoitboisverthypnotherapeute.com\/wp-content\/uploads\/2016\/02\/Benoit-janv2013.jpg\" alt=\"Beno\u00eet Boisvert, auteur\" width=\"121\" height=\"160\" \/><\/p>\n<p>Originaire des Basses-Laurentides, <strong>Beno\u00eet<\/strong> obtient son\u00a0dipl\u00f4me en sciences humaines, option psychologie. Il se dirige ensuite \u00e0 l\u2019Universit\u00e9 du Qu\u00e9bec \u00e0 Montr\u00e9al en enseignement en adaptation scolaire et sociale.<\/p>\n<p>Il travaille dans le milieu de l\u2019\u00e9ducation durant plus de 20 ans comme enseignant en adaptation scolaire au secteur r\u00e9gulier, au primaire et au secondaire; comme directeur adjoint au secondaire ainsi que comme conseiller p\u00e9dagogique en\u00a0univers social et en adaptation scolaire. Il pratique aussi l\u2019orthop\u00e9dagogie en bureau priv\u00e9, et ce, depuis plusieurs ann\u00e9es.<\/p>\n<p><strong>Beno\u00eet<\/strong> participe durant quatre ans \u00e0 un projet de recherche entre l\u2019Universit\u00e9 du Qu\u00e9bec \u00e0 Trois-Rivi\u00e8res et le minist\u00e8re de l\u2019\u00c9ducation, du Loisir et du Sport, o\u00f9 il collabore \u00e0 <em>l\u2019\u00e9criture de trois livres<\/em> et participe \u00e0 la<em> r\u00e9daction de plusieurs situations d\u2019apprentissage et d\u2019accompagnement.<\/em> Durant ces quatre ann\u00e9es, Beno\u00eet r\u00e9alise plus de 600 animations et accompagnements aupr\u00e8s des diff\u00e9rents membres du personnel scolaire de la province du Qu\u00e9bec.<\/p>\n<p><strong>Beno\u00eet<\/strong> travaille maintenant comme hypnoth\u00e9rapeute et offre la PNL (praticien en programmation neurolinguistique) dans un cadre priv\u00e9, en plus d\u2019enseigner l\u2019hypnose \u00e0 <a href=\"http:\/\/efphq.com\/\">l&rsquo;\u00c9cole de Formation professionnelle en hypnotisme du Qu\u00e9bec Inc<\/a> . \u00c0 l\u2019occasion, il fait aussi des conf\u00e9rences dans certaines \u00e9coles.<\/p>\n<p>Il a suivi une formation reconnu par l&rsquo;Ordre des Psychologues du Qu\u00e9bec (offerte par une psychologue) portant sur l&rsquo;\u00e9valuation et le suivi des personnes transsexuelles et transgenres. Il fait aussi des conf\u00e9rences \u00e0 l\u2018Universit\u00e9 en sexologie portant notamment sur la fa\u00e7on d\u2019accompagner des personnes transidentitaires dans leur transition.<\/p>\n<p>Il \u00e9duque des jeunes en milieu scolaire au secondaire sur la r\u00e9alit\u00e9 des personnes transidentitaires et aide les cadres de certains milieux scolaires \u00e0 accompagner des jeunes et des adultes transidentitaires \u00e0 r\u00e9aliser leur transition.<\/p>\n<p><strong>Beno\u00eet<\/strong> a toujours gard\u00e9 des traces \u00e9crites de tout ce qui se passait dans sa vie. Il r\u00e9alise aujourd&rsquo;hui qu&rsquo;il est plus que temps d\u2019offrir son exp\u00e9rience, son expertise et ses\u00a0comp\u00e9tences pour vous partager les richesses qu&rsquo;a accumul\u00e9es son c\u0153ur.<\/p>\n<p><strong>Beno\u00eet<\/strong> a toujours \u0153uvr\u00e9 aupr\u00e8s de personnes diff\u00e9rentes socialement, autant des enfants que des adultes. Il a \u00e0 c\u0153ur la r\u00e9ussite pour tous ind\u00e9pendamment de ce qui caract\u00e9rise la personne, car pour lui, tout le monde a les m\u00eames droits et la m\u00eame valeur.<\/p>\n<p>Il a toujours aim\u00e9 composer des textes, et ce, m\u00eame \u00e0 l&rsquo;\u00e9cole primaire. <strong>Beno\u00eet<\/strong> est un <strong>auteur<\/strong> depuis longtemps.<\/p>\n<p>Oui, vous d\u00e9couvrirez un <strong>auteur : Beno\u00eet Boisvert.<\/strong><\/p>\n<p>Pour en savoir plus:\u00a0<a href=\"http:\/\/www.benoitboisverthypnotherapeute.com\/services\/\" target=\"_blank\" rel=\"noopener noreferrer\"> http:\/\/www.benoitboisverthypnotherapeute.com\/services\/<\/a><\/p>\n<p>&nbsp;<\/p>\n<p>&nbsp;<\/p>\n<div class=\"fcbkbttn_buttons_block\" id=\"fcbkbttn_left\"><div class=\"fcbkbttn_like \"><fb:like href=\"https:\/\/www.consuljl.com\/developpement3\/auteur-benoit-boisvert\/\" action=\"like\" colorscheme=\"light\" layout=\"button_count\"  size=\"small\"><\/fb:like><\/div><\/div>","protected":false},"excerpt":{"rendered":"<p>Auteur : Beno\u00eet Boisvert Originaire des Basses-Laurentides, Beno\u00eet obtient son\u00a0dipl\u00f4me en sciences humaines, option psychologie. Il se dirige ensuite \u00e0 l\u2019Universit\u00e9 du Qu\u00e9bec \u00e0 Montr\u00e9al en enseignement en adaptation scolaire et sociale. Il travaille dans le milieu de l\u2019\u00e9ducation durant <span class=\"excerpt-dots\">&hellip;<\/span> <a class=\"more-link\" href=\"https:\/\/www.consuljl.com\/developpement3\/auteur-benoit-boisvert\/\"><span class=\"more-msg\">Lire la suite &rarr;<\/span><\/a><\/p>\n","protected":false},"author":2,"featured_media":0,"parent":0,"menu_order":30,"comment_status":"closed","ping_status":"closed","template":"","meta":[],"yoast_head":"<!-- This site is optimized with the Yoast SEO plugin v20.10 - https:\/\/yoast.com\/wordpress\/plugins\/seo\/ -->\n<title>Auteur : Beno\u00eet Boisvert - Beno\u00eet Boisvert Hypnoth\u00e9rapeute<\/title>\n<meta name=\"description\" content=\"Auteur : Beno\u00eet Boisvert. Il\u00a0a toujours aim\u00e9 composer des textes, et ce, m\u00eame \u00e0 l&#039;\u00e9cole primaire.\u00a0Il\u00a0est un\u00a0auteur\u00a0depuis longtemps.\u00a0\" \/>\n<meta name=\"robots\" content=\"noindex, follow, max-snippet:-1, max-image-preview:large, max-video-preview:-1\" \/>\n<meta property=\"og:locale\" content=\"fr_FR\" \/>\n<meta property=\"og:type\" content=\"article\" \/>\n<meta property=\"og:title\" content=\"Auteur : Beno\u00eet Boisvert - Beno\u00eet Boisvert Hypnoth\u00e9rapeute\" \/>\n<meta property=\"og:description\" content=\"Auteur : Beno\u00eet Boisvert. Il\u00a0a toujours aim\u00e9 composer des textes, et ce, m\u00eame \u00e0 l&#039;\u00e9cole primaire.\u00a0Il\u00a0est un\u00a0auteur\u00a0depuis longtemps.\u00a0\" \/>\n<meta property=\"og:url\" content=\"https:\/\/www.consuljl.com\/developpement3\/auteur-benoit-boisvert\/\" \/>\n<meta property=\"og:site_name\" content=\"Beno\u00eet Boisvert Hypnoth\u00e9rapeute\" \/>\n<meta property=\"article:publisher\" content=\"http:\/\/facebook.com\/benoitboisverthypnotherapeute\" \/>\n<meta property=\"article:modified_time\" content=\"2017-10-05T18:51:39+00:00\" \/>\n<meta property=\"og:image\" content=\"http:\/\/www.benoitboisverthypnotherapeute.com\/wp-content\/uploads\/2016\/02\/Benoit-janv2013.jpg\" \/>\n<meta name=\"twitter:card\" content=\"summary_large_image\" \/>\n<meta name=\"twitter:label1\" content=\"Dur\u00e9e de lecture estim\u00e9e\" \/>\n\t<meta name=\"twitter:data1\" content=\"2 minutes\" \/>\n<script type=\"application\/ld+json\" class=\"yoast-schema-graph\">{\"@context\":\"https:\/\/schema.org\",\"@graph\":[{\"@type\":\"WebPage\",\"@id\":\"https:\/\/www.consuljl.com\/developpement3\/auteur-benoit-boisvert\/\",\"url\":\"https:\/\/www.consuljl.com\/developpement3\/auteur-benoit-boisvert\/\",\"name\":\"Auteur : Beno\u00eet Boisvert - Beno\u00eet Boisvert Hypnoth\u00e9rapeute\",\"isPartOf\":{\"@id\":\"https:\/\/www.consuljl.com\/developpement3\/#website\"},\"datePublished\":\"2016-02-16T19:27:50+00:00\",\"dateModified\":\"2017-10-05T18:51:39+00:00\",\"description\":\"Auteur : Beno\u00eet Boisvert. Il\u00a0a toujours aim\u00e9 composer des textes, et ce, m\u00eame \u00e0 l'\u00e9cole primaire.\u00a0Il\u00a0est un\u00a0auteur\u00a0depuis longtemps.\u00a0\",\"breadcrumb\":{\"@id\":\"https:\/\/www.consuljl.com\/developpement3\/auteur-benoit-boisvert\/#breadcrumb\"},\"inLanguage\":\"fr-FR\",\"potentialAction\":[{\"@type\":\"ReadAction\",\"target\":[\"https:\/\/www.consuljl.com\/developpement3\/auteur-benoit-boisvert\/\"]}]},{\"@type\":\"BreadcrumbList\",\"@id\":\"https:\/\/www.consuljl.com\/developpement3\/auteur-benoit-boisvert\/#breadcrumb\",\"itemListElement\":[{\"@type\":\"ListItem\",\"position\":1,\"name\":\"Accueil\",\"item\":\"https:\/\/www.consuljl.com\/developpement3\/\"},{\"@type\":\"ListItem\",\"position\":2,\"name\":\"Auteur : Beno\u00eet Boisvert\"}]},{\"@type\":\"WebSite\",\"@id\":\"https:\/\/www.consuljl.com\/developpement3\/#website\",\"url\":\"https:\/\/www.consuljl.com\/developpement3\/\",\"name\":\"Beno\u00eet Boisvert Hypnoth\u00e9rapeute\",\"description\":\"R\u00e9v\u00e9lez la force de votre esprit par l&#039;hypnose\",\"potentialAction\":[{\"@type\":\"SearchAction\",\"target\":{\"@type\":\"EntryPoint\",\"urlTemplate\":\"https:\/\/www.consuljl.com\/developpement3\/?s={search_term_string}\"},\"query-input\":\"required name=search_term_string\"}],\"inLanguage\":\"fr-FR\"}]}<\/script>\n<!-- \/ Yoast SEO plugin. -->","yoast_head_json":{"title":"Auteur : Beno\u00eet Boisvert - Beno\u00eet Boisvert Hypnoth\u00e9rapeute","description":"Auteur : Beno\u00eet Boisvert. Il\u00a0a toujours aim\u00e9 composer des textes, et ce, m\u00eame \u00e0 l'\u00e9cole primaire.\u00a0Il\u00a0est un\u00a0auteur\u00a0depuis longtemps.\u00a0","robots":{"index":"noindex","follow":"follow","max-snippet":"max-snippet:-1","max-image-preview":"max-image-preview:large","max-video-preview":"max-video-preview:-1"},"og_locale":"fr_FR","og_type":"article","og_title":"Auteur : Beno\u00eet Boisvert - Beno\u00eet Boisvert Hypnoth\u00e9rapeute","og_description":"Auteur : Beno\u00eet Boisvert. Il\u00a0a toujours aim\u00e9 composer des textes, et ce, m\u00eame \u00e0 l'\u00e9cole primaire.\u00a0Il\u00a0est un\u00a0auteur\u00a0depuis longtemps.\u00a0","og_url":"https:\/\/www.consuljl.com\/developpement3\/auteur-benoit-boisvert\/","og_site_name":"Beno\u00eet Boisvert Hypnoth\u00e9rapeute","article_publisher":"http:\/\/facebook.com\/benoitboisverthypnotherapeute","article_modified_time":"2017-10-05T18:51:39+00:00","og_image":[{"url":"http:\/\/www.benoitboisverthypnotherapeute.com\/wp-content\/uploads\/2016\/02\/Benoit-janv2013.jpg"}],"twitter_card":"summary_large_image","twitter_misc":{"Dur\u00e9e de lecture estim\u00e9e":"2 minutes"},"schema":{"@context":"https:\/\/schema.org","@graph":[{"@type":"WebPage","@id":"https:\/\/www.consuljl.com\/developpement3\/auteur-benoit-boisvert\/","url":"https:\/\/www.consuljl.com\/developpement3\/auteur-benoit-boisvert\/","name":"Auteur : Beno\u00eet Boisvert - Beno\u00eet Boisvert Hypnoth\u00e9rapeute","isPartOf":{"@id":"https:\/\/www.consuljl.com\/developpement3\/#website"},"datePublished":"2016-02-16T19:27:50+00:00","dateModified":"2017-10-05T18:51:39+00:00","description":"Auteur : Beno\u00eet Boisvert. Il\u00a0a toujours aim\u00e9 composer des textes, et ce, m\u00eame \u00e0 l'\u00e9cole primaire.\u00a0Il\u00a0est un\u00a0auteur\u00a0depuis longtemps.\u00a0","breadcrumb":{"@id":"https:\/\/www.consuljl.com\/developpement3\/auteur-benoit-boisvert\/#breadcrumb"},"inLanguage":"fr-FR","potentialAction":[{"@type":"ReadAction","target":["https:\/\/www.consuljl.com\/developpement3\/auteur-benoit-boisvert\/"]}]},{"@type":"BreadcrumbList","@id":"https:\/\/www.consuljl.com\/developpement3\/auteur-benoit-boisvert\/#breadcrumb","itemListElement":[{"@type":"ListItem","position":1,"name":"Accueil","item":"https:\/\/www.consuljl.com\/developpement3\/"},{"@type":"ListItem","position":2,"name":"Auteur : Beno\u00eet Boisvert"}]},{"@type":"WebSite","@id":"https:\/\/www.consuljl.com\/developpement3\/#website","url":"https:\/\/www.consuljl.com\/developpement3\/","name":"Beno\u00eet Boisvert Hypnoth\u00e9rapeute","description":"R\u00e9v\u00e9lez la force de votre esprit par l&#039;hypnose","potentialAction":[{"@type":"SearchAction","target":{"@type":"EntryPoint","urlTemplate":"https:\/\/www.consuljl.com\/developpement3\/?s={search_term_string}"},"query-input":"required name=search_term_string"}],"inLanguage":"fr-FR"}]}},"_links":{"self":[{"href":"https:\/\/www.consuljl.com\/developpement3\/wp-json\/wp\/v2\/pages\/1825"}],"collection":[{"href":"https:\/\/www.consuljl.com\/developpement3\/wp-json\/wp\/v2\/pages"}],"about":[{"href":"https:\/\/www.consuljl.com\/developpement3\/wp-json\/wp\/v2\/types\/page"}],"author":[{"embeddable":true,"href":"https:\/\/www.consuljl.com\/developpement3\/wp-json\/wp\/v2\/users\/2"}],"replies":[{"embeddable":true,"href":"https:\/\/www.consuljl.com\/developpement3\/wp-json\/wp\/v2\/comments?post=1825"}],"version-history":[{"count":19,"href":"https:\/\/www.consuljl.com\/developpement3\/wp-json\/wp\/v2\/pages\/1825\/revisions"}],"predecessor-version":[{"id":2220,"href":"https:\/\/www.consuljl.com\/developpement3\/wp-json\/wp\/v2\/pages\/1825\/revisions\/2220"}],"wp:attachment":[{"href":"https:\/\/www.consuljl.com\/developpement3\/wp-json\/wp\/v2\/media?parent=1825"}],"curies":[{"name":"wp","href":"https:\/\/api.w.org\/{rel}","templated":true}]}}