{"id":1885,"date":"2016-03-21T13:54:52","date_gmt":"2016-03-21T17:54:52","guid":{"rendered":"http:\/\/www.benoitboisverthypnotherapeute.com\/?page_id=1885"},"modified":"2016-04-29T11:14:57","modified_gmt":"2016-04-29T15:14:57","slug":"litterature","status":"publish","type":"page","link":"https:\/\/www.consuljl.com\/developpement3\/litterature\/","title":{"rendered":"Litt\u00e9rature"},"content":{"rendered":"<div class=\"fcbkbttn_buttons_block\" id=\"fcbkbttn_left\"><div class=\"fcbkbttn_like \"><fb:like href=\"https:\/\/www.consuljl.com\/developpement3\/litterature\/\" action=\"like\" colorscheme=\"light\" layout=\"button_count\"  size=\"small\"><\/fb:like><\/div><\/div><h3><strong>La litt\u00e9rature\u00a0<\/strong>est le lieu de ressources \u00e9volutifs<\/h3>\n<p><strong><img decoding=\"async\" loading=\"lazy\" class=\"alignleft wp-image-1876 \" src=\"http:\/\/www.benoitboisverthypnotherapeute.com\/wp-content\/uploads\/2016\/03\/ebook-cover-v1-1800px-233x300.jpg\" alt=\"Litt\u00e9raturen \u00c9volution par Beno\u00eet Boisvert Hypnoth\u00e9rapeute\" width=\"181\" height=\"233\" srcset=\"https:\/\/www.consuljl.com\/developpement3\/wp-content\/uploads\/2016\/03\/ebook-cover-v1-1800px-233x300.jpg 233w, https:\/\/www.consuljl.com\/developpement3\/wp-content\/uploads\/2016\/03\/ebook-cover-v1-1800px-768x990.jpg 768w, https:\/\/www.consuljl.com\/developpement3\/wp-content\/uploads\/2016\/03\/ebook-cover-v1-1800px-794x1024.jpg 794w, https:\/\/www.consuljl.com\/developpement3\/wp-content\/uploads\/2016\/03\/ebook-cover-v1-1800px.jpg 1396w\" sizes=\"(max-width: 181px) 100vw, 181px\" \/><\/strong>De plus en plus de mes clients enfants, adultes et gestionnaires me demandent de la <strong>litt\u00e9rature<\/strong>, des textes et des r\u00e9f\u00e9rences de toutes sortes pouvant les aider \u00e0 se ressourcer,\u00a0\u00e0 approfondir ce dont nous avons discut\u00e9 ou \u00e0\u00a0se former davantage.<\/p>\n<p>C&rsquo;est pourquoi j&rsquo;ai choisi de vous proposer certains titres de mes lectures personnelles sur mon site afin de vous soutenir et de vous aider.<\/p>\n<p>Je vous sugg\u00e8re quelques \u0153uvres pouvant servir \u00e0 am\u00e9liorer votre vie.\u00a0Vous trouverez quatre\u00a0cat\u00e9gories de livres, soit celles pour les enfants, pour les adultes, pour les entrepreneurs\u00a0et pour tous.<\/p>\n<p>Si vous d\u00e9sirez vous procurer un de ces livres, vous n&rsquo;aurez qu&rsquo;\u00e0 cliquer sur l&rsquo;image\u00a0et le tour est jou\u00e9!<\/p>\n<p>Vous \u00eates \u00e0 quelques clics d&rsquo;am\u00e9liorer votre vie et d&rsquo;augmenter votre bonheur.<\/p>\n<h2>Litt\u00e9rature<\/h2>\n<p><a href=\"http:\/\/www.benoitboisverthypnotherapeute.com\/litterature\/litterature-enfant\/\" target=\"_blank\">Jeunes<\/a><a href=\"http:\/\/www.benoitboisverthypnotherapeute.com\/litterature\/litterature-enfant\/\" target=\"_blank\"><img decoding=\"async\" loading=\"lazy\" class=\"alignright wp-image-1923\" src=\"http:\/\/www.benoitboisverthypnotherapeute.com\/wp-content\/uploads\/2016\/03\/litt\u00e9rature1.jpg\" alt=\"litt\u00e9rature1\" width=\"209\" height=\"138\" \/><\/a><\/p>\n<p>&nbsp;<\/p>\n<p>&nbsp;<\/p>\n<p>&nbsp;<\/p>\n<p>&nbsp;<\/p>\n<p>&nbsp;<\/p>\n<p><a href=\"http:\/\/www.benoitboisverthypnotherapeute.com\/litterature\/litterature-adulte\/\" target=\"_blank\">Adultes<\/a><a href=\"http:\/\/www.benoitboisverthypnotherapeute.com\/litterature\/litterature-adulte\/\" target=\"_blank\"><img decoding=\"async\" loading=\"lazy\" class=\"alignright wp-image-1925\" src=\"http:\/\/www.benoitboisverthypnotherapeute.com\/wp-content\/uploads\/2016\/03\/litt\u00e9rature3.jpg\" alt=\"litt\u00e9rature3\" width=\"143\" height=\"201\" \/><\/a><\/p>\n<p>&nbsp;<\/p>\n<p>&nbsp;<\/p>\n<p>&nbsp;<\/p>\n<p>&nbsp;<\/p>\n<p>&nbsp;<\/p>\n<p><a href=\"http:\/\/www.benoitboisverthypnotherapeute.com\/litterature\/litterature-entreprises\/\" target=\"_blank\">Entrepreneurs<img decoding=\"async\" loading=\"lazy\" class=\"alignright wp-image-1924\" src=\"http:\/\/www.benoitboisverthypnotherapeute.com\/wp-content\/uploads\/2016\/03\/litt\u00e9rature2.jpg\" alt=\"litt\u00e9rature2\" width=\"161\" height=\"121\" \/><\/a><\/p>\n<p>&nbsp;<\/p>\n<p>&nbsp;<\/p>\n<p>&nbsp;<\/p>\n<p><a href=\"http:\/\/www.benoitboisverthypnotherapeute.com\/litterature\/litterature-pour-tous\/\" target=\"_blank\">Pour tous<\/a><a href=\"http:\/\/www.benoitboisverthypnotherapeute.com\/litterature\/litterature-pour-tous\/\" target=\"_blank\"><img decoding=\"async\" loading=\"lazy\" class=\"alignright wp-image-1926\" src=\"http:\/\/www.benoitboisverthypnotherapeute.com\/wp-content\/uploads\/2016\/03\/litt\u00e9rature4.jpg\" alt=\"litt\u00e9rature4\" width=\"213\" height=\"142\" \/><\/a><\/p>\n<p>&nbsp;<\/p>\n<p>&nbsp;<\/p>\n<p>&nbsp;<\/p>\n<p>Bonne lecture \u00e0 tous et \u00e0 toutes!<\/p>\n<div class=\"fcbkbttn_buttons_block\" id=\"fcbkbttn_left\"><div class=\"fcbkbttn_like \"><fb:like href=\"https:\/\/www.consuljl.com\/developpement3\/litterature\/\" action=\"like\" colorscheme=\"light\" layout=\"button_count\"  size=\"small\"><\/fb:like><\/div><\/div>","protected":false},"excerpt":{"rendered":"<p>La litt\u00e9rature\u00a0est le lieu de ressources \u00e9volutifs De plus en plus de mes clients enfants, adultes et gestionnaires me demandent de la litt\u00e9rature, des textes et des r\u00e9f\u00e9rences de toutes sortes pouvant les aider \u00e0 se ressourcer,\u00a0\u00e0 approfondir ce dont <span class=\"excerpt-dots\">&hellip;<\/span> <a class=\"more-link\" href=\"https:\/\/www.consuljl.com\/developpement3\/litterature\/\"><span class=\"more-msg\">Lire la suite &rarr;<\/span><\/a><\/p>\n","protected":false},"author":2,"featured_media":0,"parent":0,"menu_order":40,"comment_status":"closed","ping_status":"closed","template":"","meta":[],"yoast_head":"<!-- This site is optimized with the Yoast SEO plugin v20.10 - https:\/\/yoast.com\/wordpress\/plugins\/seo\/ -->\n<title>Litt\u00e9rature - Beno\u00eet Boisvert Hypnoth\u00e9rapeute<\/title>\n<meta name=\"description\" content=\"La litt\u00e9rature est une ressource d&#039;accompagnement, d&#039;information et de formation pouvant am\u00e9liorer votre vie et celle de vos enfants et de votre entreprise.\" \/>\n<meta name=\"robots\" content=\"noindex, follow, max-snippet:-1, max-image-preview:large, max-video-preview:-1\" \/>\n<meta property=\"og:locale\" content=\"fr_FR\" \/>\n<meta property=\"og:type\" content=\"article\" \/>\n<meta property=\"og:title\" content=\"Litt\u00e9rature - Beno\u00eet Boisvert Hypnoth\u00e9rapeute\" \/>\n<meta property=\"og:description\" content=\"La litt\u00e9rature est une ressource d&#039;accompagnement, d&#039;information et de formation pouvant am\u00e9liorer votre vie et celle de vos enfants et de votre entreprise.\" \/>\n<meta property=\"og:url\" content=\"https:\/\/www.consuljl.com\/developpement3\/litterature\/\" \/>\n<meta property=\"og:site_name\" content=\"Beno\u00eet Boisvert Hypnoth\u00e9rapeute\" \/>\n<meta property=\"article:publisher\" content=\"http:\/\/facebook.com\/benoitboisverthypnotherapeute\" \/>\n<meta property=\"article:modified_time\" content=\"2016-04-29T15:14:57+00:00\" \/>\n<meta property=\"og:image\" content=\"http:\/\/www.benoitboisverthypnotherapeute.com\/wp-content\/uploads\/2016\/03\/ebook-cover-v1-1800px-233x300.jpg\" \/>\n<meta name=\"twitter:card\" content=\"summary_large_image\" \/>\n<meta name=\"twitter:label1\" content=\"Dur\u00e9e de lecture estim\u00e9e\" \/>\n\t<meta name=\"twitter:data1\" content=\"1 minute\" \/>\n<script type=\"application\/ld+json\" class=\"yoast-schema-graph\">{\"@context\":\"https:\/\/schema.org\",\"@graph\":[{\"@type\":\"WebPage\",\"@id\":\"https:\/\/www.consuljl.com\/developpement3\/litterature\/\",\"url\":\"https:\/\/www.consuljl.com\/developpement3\/litterature\/\",\"name\":\"Litt\u00e9rature - Beno\u00eet Boisvert Hypnoth\u00e9rapeute\",\"isPartOf\":{\"@id\":\"https:\/\/www.consuljl.com\/developpement3\/#website\"},\"datePublished\":\"2016-03-21T17:54:52+00:00\",\"dateModified\":\"2016-04-29T15:14:57+00:00\",\"description\":\"La litt\u00e9rature est une ressource d'accompagnement, d'information et de formation pouvant am\u00e9liorer votre vie et celle de vos enfants et de votre entreprise.\",\"breadcrumb\":{\"@id\":\"https:\/\/www.consuljl.com\/developpement3\/litterature\/#breadcrumb\"},\"inLanguage\":\"fr-FR\",\"potentialAction\":[{\"@type\":\"ReadAction\",\"target\":[\"https:\/\/www.consuljl.com\/developpement3\/litterature\/\"]}]},{\"@type\":\"BreadcrumbList\",\"@id\":\"https:\/\/www.consuljl.com\/developpement3\/litterature\/#breadcrumb\",\"itemListElement\":[{\"@type\":\"ListItem\",\"position\":1,\"name\":\"Accueil\",\"item\":\"https:\/\/www.consuljl.com\/developpement3\/\"},{\"@type\":\"ListItem\",\"position\":2,\"name\":\"Litt\u00e9rature\"}]},{\"@type\":\"WebSite\",\"@id\":\"https:\/\/www.consuljl.com\/developpement3\/#website\",\"url\":\"https:\/\/www.consuljl.com\/developpement3\/\",\"name\":\"Beno\u00eet Boisvert Hypnoth\u00e9rapeute\",\"description\":\"R\u00e9v\u00e9lez la force de votre esprit par l&#039;hypnose\",\"potentialAction\":[{\"@type\":\"SearchAction\",\"target\":{\"@type\":\"EntryPoint\",\"urlTemplate\":\"https:\/\/www.consuljl.com\/developpement3\/?s={search_term_string}\"},\"query-input\":\"required name=search_term_string\"}],\"inLanguage\":\"fr-FR\"}]}<\/script>\n<!-- \/ Yoast SEO plugin. -->","yoast_head_json":{"title":"Litt\u00e9rature - Beno\u00eet Boisvert Hypnoth\u00e9rapeute","description":"La litt\u00e9rature est une ressource d'accompagnement, d'information et de formation pouvant am\u00e9liorer votre vie et celle de vos enfants et de votre entreprise.","robots":{"index":"noindex","follow":"follow","max-snippet":"max-snippet:-1","max-image-preview":"max-image-preview:large","max-video-preview":"max-video-preview:-1"},"og_locale":"fr_FR","og_type":"article","og_title":"Litt\u00e9rature - Beno\u00eet Boisvert Hypnoth\u00e9rapeute","og_description":"La litt\u00e9rature est une ressource d'accompagnement, d'information et de formation pouvant am\u00e9liorer votre vie et celle de vos enfants et de votre entreprise.","og_url":"https:\/\/www.consuljl.com\/developpement3\/litterature\/","og_site_name":"Beno\u00eet Boisvert Hypnoth\u00e9rapeute","article_publisher":"http:\/\/facebook.com\/benoitboisverthypnotherapeute","article_modified_time":"2016-04-29T15:14:57+00:00","og_image":[{"url":"http:\/\/www.benoitboisverthypnotherapeute.com\/wp-content\/uploads\/2016\/03\/ebook-cover-v1-1800px-233x300.jpg"}],"twitter_card":"summary_large_image","twitter_misc":{"Dur\u00e9e de lecture estim\u00e9e":"1 minute"},"schema":{"@context":"https:\/\/schema.org","@graph":[{"@type":"WebPage","@id":"https:\/\/www.consuljl.com\/developpement3\/litterature\/","url":"https:\/\/www.consuljl.com\/developpement3\/litterature\/","name":"Litt\u00e9rature - Beno\u00eet Boisvert Hypnoth\u00e9rapeute","isPartOf":{"@id":"https:\/\/www.consuljl.com\/developpement3\/#website"},"datePublished":"2016-03-21T17:54:52+00:00","dateModified":"2016-04-29T15:14:57+00:00","description":"La litt\u00e9rature est une ressource d'accompagnement, d'information et de formation pouvant am\u00e9liorer votre vie et celle de vos enfants et de votre entreprise.","breadcrumb":{"@id":"https:\/\/www.consuljl.com\/developpement3\/litterature\/#breadcrumb"},"inLanguage":"fr-FR","potentialAction":[{"@type":"ReadAction","target":["https:\/\/www.consuljl.com\/developpement3\/litterature\/"]}]},{"@type":"BreadcrumbList","@id":"https:\/\/www.consuljl.com\/developpement3\/litterature\/#breadcrumb","itemListElement":[{"@type":"ListItem","position":1,"name":"Accueil","item":"https:\/\/www.consuljl.com\/developpement3\/"},{"@type":"ListItem","position":2,"name":"Litt\u00e9rature"}]},{"@type":"WebSite","@id":"https:\/\/www.consuljl.com\/developpement3\/#website","url":"https:\/\/www.consuljl.com\/developpement3\/","name":"Beno\u00eet Boisvert Hypnoth\u00e9rapeute","description":"R\u00e9v\u00e9lez la force de votre esprit par l&#039;hypnose","potentialAction":[{"@type":"SearchAction","target":{"@type":"EntryPoint","urlTemplate":"https:\/\/www.consuljl.com\/developpement3\/?s={search_term_string}"},"query-input":"required name=search_term_string"}],"inLanguage":"fr-FR"}]}},"_links":{"self":[{"href":"https:\/\/www.consuljl.com\/developpement3\/wp-json\/wp\/v2\/pages\/1885"}],"collection":[{"href":"https:\/\/www.consuljl.com\/developpement3\/wp-json\/wp\/v2\/pages"}],"about":[{"href":"https:\/\/www.consuljl.com\/developpement3\/wp-json\/wp\/v2\/types\/page"}],"author":[{"embeddable":true,"href":"https:\/\/www.consuljl.com\/developpement3\/wp-json\/wp\/v2\/users\/2"}],"replies":[{"embeddable":true,"href":"https:\/\/www.consuljl.com\/developpement3\/wp-json\/wp\/v2\/comments?post=1885"}],"version-history":[{"count":27,"href":"https:\/\/www.consuljl.com\/developpement3\/wp-json\/wp\/v2\/pages\/1885\/revisions"}],"predecessor-version":[{"id":2059,"href":"https:\/\/www.consuljl.com\/developpement3\/wp-json\/wp\/v2\/pages\/1885\/revisions\/2059"}],"wp:attachment":[{"href":"https:\/\/www.consuljl.com\/developpement3\/wp-json\/wp\/v2\/media?parent=1885"}],"curies":[{"name":"wp","href":"https:\/\/api.w.org\/{rel}","templated":true}]}}