{"id":1915,"date":"2016-03-21T15:02:15","date_gmt":"2016-03-21T19:02:15","guid":{"rendered":"http:\/\/www.benoitboisverthypnotherapeute.com\/?page_id=1915"},"modified":"2022-10-19T13:29:05","modified_gmt":"2022-10-19T17:29:05","slug":"litterature-pour-tous","status":"publish","type":"page","link":"https:\/\/www.consuljl.com\/developpement3\/litterature-pour-tous\/","title":{"rendered":"Litt\u00e9rature pour tous"},"content":{"rendered":"<div class=\"fcbkbttn_buttons_block\" id=\"fcbkbttn_left\"><div class=\"fcbkbttn_like \"><fb:like href=\"https:\/\/www.consuljl.com\/developpement3\/litterature-pour-tous\/\" action=\"like\" colorscheme=\"light\" layout=\"button_count\"  size=\"small\"><\/fb:like><\/div><\/div><p>Voici un peu de litt\u00e9rature pour tous!<\/p>\n<p>&nbsp;<\/p>\n<p><img decoding=\"async\" loading=\"lazy\" class=\"alignleft wp-image-2045\" src=\"http:\/\/www.benoitboisverthypnotherapeute.com\/wp-content\/uploads\/2016\/03\/ebook-cover-v1-1800px-1-233x300.jpg\" alt=\"litt\u00e9rature\" width=\"152\" height=\"195\" srcset=\"https:\/\/www.consuljl.com\/developpement3\/wp-content\/uploads\/2016\/03\/ebook-cover-v1-1800px-1-233x300.jpg 233w, https:\/\/www.consuljl.com\/developpement3\/wp-content\/uploads\/2016\/03\/ebook-cover-v1-1800px-1-768x990.jpg 768w, https:\/\/www.consuljl.com\/developpement3\/wp-content\/uploads\/2016\/03\/ebook-cover-v1-1800px-1-794x1024.jpg 794w, https:\/\/www.consuljl.com\/developpement3\/wp-content\/uploads\/2016\/03\/ebook-cover-v1-1800px-1.jpg 1396w\" sizes=\"(max-width: 152px) 100vw, 152px\" \/><\/p>\n<p>\u00c9volution Recueil de po\u00e9sie par Beno\u00eet Boisvert<\/p>\n<p>Depuis d\u00e9j\u00e0 quelques ann\u00e9es que vous connaissez Fr\u00e9d\u00e9rique (Fredou) Fr\u00e9d\u00e9rique (Fredou, pour les intimes) a maintenant 14 ans et est atteinte du syndrome de Rett.<\/p>\n<p>Elle n\u2019a aucune d\u00e9ficience intellectuelle. Ses besoins sont importants, car elle ne pourra jamais parler. Elle a peine \u00e0 manger elle est donc gav\u00e9e depuis depuis longtemps.<\/p>\n<p>Elle fait aussi de l\u2019\u00e9pilepsie et fr\u00e9quente une \u00e9cole sp\u00e9cialis\u00e9e. Comme elle n\u2019a aucun contr\u00f4le sur le mouvement de ses mains, la seule fa\u00e7on pour elle de communiquer est d\u2019utiliser un ordinateur sp\u00e9cial nomm\u00e9 Tobii. Celui-ci lui permet d\u2019utiliser son regard, ses yeux afin que le Tobii parle pour elle. Cet outil de communication co\u00fbte 5000 $, et ce, sans compter les logiciels, qui sont excessivement chers. Les parents font tout ce qu\u2019ils peuvent pour offrir le meilleur \u00e0 leur fille ador\u00e9e. Ils ont organis\u00e9 une collecte de fonds afin d\u2019obtenir l\u2019argent n\u00e9cessaire pour acheter le Tobii. Ils apprennent \u00e0 leur fille \u00e0 faire fonctionner l\u2019appareil et doivent eux aussi se familiariser avec tous les logiciels n\u00e9cessaires \u00e0 la communication de Fr\u00e9d\u00e9rique et les programmer.<br \/>\nComme elle continue d\u2019\u00e9voluer, elle a besoin de nouveaux logiciels constamment. C\u2019est pourquoi 20 % des profits de ce livre serviront \u00e0 offrir \u00e0 Fr\u00e9d\u00e9rique ce dont elle a besoin pour poursuivre son d\u00e9veloppement le plus normalement possible.Je vous remercie de soutenir cette enfant si charmante et attachante, tout un amour.Beno\u00eet<\/p>\n<p>&nbsp;<\/p>\n<p>&nbsp;<\/p>\n<p>&nbsp;<\/p>\n<p>&nbsp;<\/p>\n<p>&nbsp;<\/p>\n<p>&nbsp;<\/p>\n<p>&nbsp;<\/p>\n<p>&nbsp;<\/p>\n<p>&nbsp;<\/p>\n<p>&nbsp;<\/p>\n<p>&nbsp;<\/p>\n<p>&nbsp;<\/p>\n<p><img decoding=\"async\" loading=\"lazy\" class=\"alignleft wp-image-1978\" src=\"http:\/\/www.benoitboisverthypnotherapeute.com\/wp-content\/uploads\/2016\/03\/manipulateur.jpg\" alt=\"manipulateur\" width=\"199\" height=\"296\" \/>b dbdfd<\/p>\n<p>&nbsp;<\/p>\n<p>&nbsp;<\/p>\n<p>&nbsp;<\/p>\n<p>&nbsp;<\/p>\n<p>&nbsp;<\/p>\n<p>&nbsp;<\/p>\n<p>&nbsp;<\/p>\n<p><img decoding=\"async\" loading=\"lazy\" class=\"alignleft size-medium wp-image-1710\" src=\"http:\/\/www.benoitboisverthypnotherapeute.com\/wp-content\/uploads\/2015\/11\/D\u00e9veloppemnt-de-soi-11-199x300.jpg\" alt=\"D\u00e9veloppement de soi\" width=\"199\" height=\"300\" srcset=\"https:\/\/www.consuljl.com\/developpement3\/wp-content\/uploads\/2015\/11\/D\u00e9veloppemnt-de-soi-11-199x300.jpg 199w, https:\/\/www.consuljl.com\/developpement3\/wp-content\/uploads\/2015\/11\/D\u00e9veloppemnt-de-soi-11-680x1024.jpg 680w, https:\/\/www.consuljl.com\/developpement3\/wp-content\/uploads\/2015\/11\/D\u00e9veloppemnt-de-soi-11.jpg 1191w\" sizes=\"(max-width: 199px) 100vw, 199px\" \/>tyrjyjyj<\/p>\n<p>&nbsp;<\/p>\n<p>&nbsp;<\/p>\n<p>&nbsp;<\/p>\n<p>&nbsp;<\/p>\n<p>&nbsp;<\/p>\n<p>&nbsp;<\/p>\n<p>&nbsp;<\/p>\n<p><img decoding=\"async\" loading=\"lazy\" class=\"alignleft wp-image-1707\" src=\"http:\/\/www.benoitboisverthypnotherapeute.com\/wp-content\/uploads\/2015\/11\/D\u00e9veloppement-de-soi-15-227x300.jpg\" alt=\"D\u00e9veloppement de soi\" width=\"204\" height=\"269\" srcset=\"https:\/\/www.consuljl.com\/developpement3\/wp-content\/uploads\/2015\/11\/D\u00e9veloppement-de-soi-15-227x300.jpg 227w, https:\/\/www.consuljl.com\/developpement3\/wp-content\/uploads\/2015\/11\/D\u00e9veloppement-de-soi-15-776x1024.jpg 776w, https:\/\/www.consuljl.com\/developpement3\/wp-content\/uploads\/2015\/11\/D\u00e9veloppement-de-soi-15.jpg 1389w\" sizes=\"(max-width: 204px) 100vw, 204px\" \/>hrthrh<\/p>\n<p>&nbsp;<\/p>\n<p>&nbsp;<\/p>\n<p>&nbsp;<\/p>\n<p>&nbsp;<\/p>\n<p>&nbsp;<\/p>\n<p>&nbsp;<\/p>\n<p>&nbsp;<\/p>\n<p><img decoding=\"async\" loading=\"lazy\" class=\"alignleft size-medium wp-image-1700\" src=\"http:\/\/www.benoitboisverthypnotherapeute.com\/wp-content\/uploads\/2015\/11\/D\u00e9veloppement-de-soi-5-187x300.jpg\" alt=\"D\u00e9veloppement de soi 5\" width=\"187\" height=\"300\" srcset=\"https:\/\/www.consuljl.com\/developpement3\/wp-content\/uploads\/2015\/11\/D\u00e9veloppement-de-soi-5-187x300.jpg 187w, https:\/\/www.consuljl.com\/developpement3\/wp-content\/uploads\/2015\/11\/D\u00e9veloppement-de-soi-5-638x1024.jpg 638w, https:\/\/www.consuljl.com\/developpement3\/wp-content\/uploads\/2015\/11\/D\u00e9veloppement-de-soi-5.jpg 1106w\" sizes=\"(max-width: 187px) 100vw, 187px\" \/>hhhyhr<\/p>\n<p>&nbsp;<\/p>\n<p>&nbsp;<\/p>\n<p>&nbsp;<\/p>\n<p>&nbsp;<\/p>\n<p>&nbsp;<\/p>\n<p>&nbsp;<\/p>\n<p>&nbsp;<\/p>\n<p><img decoding=\"async\" loading=\"lazy\" class=\"alignleft size-medium wp-image-1694\" src=\"http:\/\/www.benoitboisverthypnotherapeute.com\/wp-content\/uploads\/2015\/11\/D\u00e9velopement-de-soi-14-199x300.jpg\" alt=\"D\u00e9velopement de soi 14\" width=\"199\" height=\"300\" srcset=\"https:\/\/www.consuljl.com\/developpement3\/wp-content\/uploads\/2015\/11\/D\u00e9velopement-de-soi-14-199x300.jpg 199w, https:\/\/www.consuljl.com\/developpement3\/wp-content\/uploads\/2015\/11\/D\u00e9velopement-de-soi-14-680x1024.jpg 680w, https:\/\/www.consuljl.com\/developpement3\/wp-content\/uploads\/2015\/11\/D\u00e9velopement-de-soi-14.jpg 1192w\" sizes=\"(max-width: 199px) 100vw, 199px\" \/>nttytj<\/p>\n<p>&nbsp;<\/p>\n<p>&nbsp;<\/p>\n<p>&nbsp;<\/p>\n<div class=\"fcbkbttn_buttons_block\" id=\"fcbkbttn_left\"><div class=\"fcbkbttn_like \"><fb:like href=\"https:\/\/www.consuljl.com\/developpement3\/litterature-pour-tous\/\" action=\"like\" colorscheme=\"light\" layout=\"button_count\"  size=\"small\"><\/fb:like><\/div><\/div>","protected":false},"excerpt":{"rendered":"<p>Voici un peu de litt\u00e9rature pour tous! &nbsp; \u00c9volution Recueil de po\u00e9sie par Beno\u00eet Boisvert Depuis d\u00e9j\u00e0 quelques ann\u00e9es que vous connaissez Fr\u00e9d\u00e9rique (Fredou) Fr\u00e9d\u00e9rique (Fredou, pour les intimes) a maintenant 14 ans et est atteinte du syndrome de Rett. <span class=\"excerpt-dots\">&hellip;<\/span> <a class=\"more-link\" href=\"https:\/\/www.consuljl.com\/developpement3\/litterature-pour-tous\/\"><span class=\"more-msg\">Lire la suite &rarr;<\/span><\/a><\/p>\n","protected":false},"author":2,"featured_media":0,"parent":0,"menu_order":0,"comment_status":"closed","ping_status":"closed","template":"","meta":[],"yoast_head":"<!-- This site is optimized with the Yoast SEO plugin v20.10 - https:\/\/yoast.com\/wordpress\/plugins\/seo\/ -->\n<title>Litt\u00e9rature pour tous - Beno\u00eet Boisvert Hypnoth\u00e9rapeute<\/title>\n<meta name=\"robots\" content=\"noindex, follow, max-snippet:-1, max-image-preview:large, max-video-preview:-1\" \/>\n<meta property=\"og:locale\" content=\"fr_FR\" \/>\n<meta property=\"og:type\" content=\"article\" \/>\n<meta property=\"og:title\" content=\"Litt\u00e9rature pour tous - Beno\u00eet Boisvert Hypnoth\u00e9rapeute\" \/>\n<meta property=\"og:description\" content=\"Voici un peu de litt\u00e9rature pour tous! &nbsp; \u00c9volution Recueil de po\u00e9sie par Beno\u00eet Boisvert Depuis d\u00e9j\u00e0 quelques ann\u00e9es que vous connaissez Fr\u00e9d\u00e9rique (Fredou) Fr\u00e9d\u00e9rique (Fredou, pour les intimes) a maintenant 14 ans et est atteinte du syndrome de Rett. &hellip; Lire la suite &rarr;\" \/>\n<meta property=\"og:url\" content=\"https:\/\/www.consuljl.com\/developpement3\/litterature-pour-tous\/\" \/>\n<meta property=\"og:site_name\" content=\"Beno\u00eet Boisvert Hypnoth\u00e9rapeute\" \/>\n<meta property=\"article:publisher\" content=\"http:\/\/facebook.com\/benoitboisverthypnotherapeute\" \/>\n<meta property=\"article:modified_time\" content=\"2022-10-19T17:29:05+00:00\" \/>\n<meta property=\"og:image\" content=\"http:\/\/www.benoitboisverthypnotherapeute.com\/wp-content\/uploads\/2016\/03\/ebook-cover-v1-1800px-1-233x300.jpg\" \/>\n<meta name=\"twitter:card\" content=\"summary_large_image\" \/>\n<meta name=\"twitter:label1\" content=\"Dur\u00e9e de lecture estim\u00e9e\" \/>\n\t<meta name=\"twitter:data1\" content=\"2 minutes\" \/>\n<script type=\"application\/ld+json\" class=\"yoast-schema-graph\">{\"@context\":\"https:\/\/schema.org\",\"@graph\":[{\"@type\":\"WebPage\",\"@id\":\"https:\/\/www.consuljl.com\/developpement3\/litterature-pour-tous\/\",\"url\":\"https:\/\/www.consuljl.com\/developpement3\/litterature-pour-tous\/\",\"name\":\"Litt\u00e9rature pour tous - Beno\u00eet Boisvert Hypnoth\u00e9rapeute\",\"isPartOf\":{\"@id\":\"https:\/\/www.consuljl.com\/developpement3\/#website\"},\"datePublished\":\"2016-03-21T19:02:15+00:00\",\"dateModified\":\"2022-10-19T17:29:05+00:00\",\"breadcrumb\":{\"@id\":\"https:\/\/www.consuljl.com\/developpement3\/litterature-pour-tous\/#breadcrumb\"},\"inLanguage\":\"fr-FR\",\"potentialAction\":[{\"@type\":\"ReadAction\",\"target\":[\"https:\/\/www.consuljl.com\/developpement3\/litterature-pour-tous\/\"]}]},{\"@type\":\"BreadcrumbList\",\"@id\":\"https:\/\/www.consuljl.com\/developpement3\/litterature-pour-tous\/#breadcrumb\",\"itemListElement\":[{\"@type\":\"ListItem\",\"position\":1,\"name\":\"Accueil\",\"item\":\"https:\/\/www.consuljl.com\/developpement3\/\"},{\"@type\":\"ListItem\",\"position\":2,\"name\":\"Litt\u00e9rature pour tous\"}]},{\"@type\":\"WebSite\",\"@id\":\"https:\/\/www.consuljl.com\/developpement3\/#website\",\"url\":\"https:\/\/www.consuljl.com\/developpement3\/\",\"name\":\"Beno\u00eet Boisvert Hypnoth\u00e9rapeute\",\"description\":\"R\u00e9v\u00e9lez la force de votre esprit par l&#039;hypnose\",\"potentialAction\":[{\"@type\":\"SearchAction\",\"target\":{\"@type\":\"EntryPoint\",\"urlTemplate\":\"https:\/\/www.consuljl.com\/developpement3\/?s={search_term_string}\"},\"query-input\":\"required name=search_term_string\"}],\"inLanguage\":\"fr-FR\"}]}<\/script>\n<!-- \/ Yoast SEO plugin. -->","yoast_head_json":{"title":"Litt\u00e9rature pour tous - Beno\u00eet Boisvert Hypnoth\u00e9rapeute","robots":{"index":"noindex","follow":"follow","max-snippet":"max-snippet:-1","max-image-preview":"max-image-preview:large","max-video-preview":"max-video-preview:-1"},"og_locale":"fr_FR","og_type":"article","og_title":"Litt\u00e9rature pour tous - Beno\u00eet Boisvert Hypnoth\u00e9rapeute","og_description":"Voici un peu de litt\u00e9rature pour tous! &nbsp; \u00c9volution Recueil de po\u00e9sie par Beno\u00eet Boisvert Depuis d\u00e9j\u00e0 quelques ann\u00e9es que vous connaissez Fr\u00e9d\u00e9rique (Fredou) Fr\u00e9d\u00e9rique (Fredou, pour les intimes) a maintenant 14 ans et est atteinte du syndrome de Rett. &hellip; Lire la suite &rarr;","og_url":"https:\/\/www.consuljl.com\/developpement3\/litterature-pour-tous\/","og_site_name":"Beno\u00eet Boisvert Hypnoth\u00e9rapeute","article_publisher":"http:\/\/facebook.com\/benoitboisverthypnotherapeute","article_modified_time":"2022-10-19T17:29:05+00:00","og_image":[{"url":"http:\/\/www.benoitboisverthypnotherapeute.com\/wp-content\/uploads\/2016\/03\/ebook-cover-v1-1800px-1-233x300.jpg"}],"twitter_card":"summary_large_image","twitter_misc":{"Dur\u00e9e de lecture estim\u00e9e":"2 minutes"},"schema":{"@context":"https:\/\/schema.org","@graph":[{"@type":"WebPage","@id":"https:\/\/www.consuljl.com\/developpement3\/litterature-pour-tous\/","url":"https:\/\/www.consuljl.com\/developpement3\/litterature-pour-tous\/","name":"Litt\u00e9rature pour tous - Beno\u00eet Boisvert Hypnoth\u00e9rapeute","isPartOf":{"@id":"https:\/\/www.consuljl.com\/developpement3\/#website"},"datePublished":"2016-03-21T19:02:15+00:00","dateModified":"2022-10-19T17:29:05+00:00","breadcrumb":{"@id":"https:\/\/www.consuljl.com\/developpement3\/litterature-pour-tous\/#breadcrumb"},"inLanguage":"fr-FR","potentialAction":[{"@type":"ReadAction","target":["https:\/\/www.consuljl.com\/developpement3\/litterature-pour-tous\/"]}]},{"@type":"BreadcrumbList","@id":"https:\/\/www.consuljl.com\/developpement3\/litterature-pour-tous\/#breadcrumb","itemListElement":[{"@type":"ListItem","position":1,"name":"Accueil","item":"https:\/\/www.consuljl.com\/developpement3\/"},{"@type":"ListItem","position":2,"name":"Litt\u00e9rature pour tous"}]},{"@type":"WebSite","@id":"https:\/\/www.consuljl.com\/developpement3\/#website","url":"https:\/\/www.consuljl.com\/developpement3\/","name":"Beno\u00eet Boisvert Hypnoth\u00e9rapeute","description":"R\u00e9v\u00e9lez la force de votre esprit par l&#039;hypnose","potentialAction":[{"@type":"SearchAction","target":{"@type":"EntryPoint","urlTemplate":"https:\/\/www.consuljl.com\/developpement3\/?s={search_term_string}"},"query-input":"required name=search_term_string"}],"inLanguage":"fr-FR"}]}},"_links":{"self":[{"href":"https:\/\/www.consuljl.com\/developpement3\/wp-json\/wp\/v2\/pages\/1915"}],"collection":[{"href":"https:\/\/www.consuljl.com\/developpement3\/wp-json\/wp\/v2\/pages"}],"about":[{"href":"https:\/\/www.consuljl.com\/developpement3\/wp-json\/wp\/v2\/types\/page"}],"author":[{"embeddable":true,"href":"https:\/\/www.consuljl.com\/developpement3\/wp-json\/wp\/v2\/users\/2"}],"replies":[{"embeddable":true,"href":"https:\/\/www.consuljl.com\/developpement3\/wp-json\/wp\/v2\/comments?post=1915"}],"version-history":[{"count":6,"href":"https:\/\/www.consuljl.com\/developpement3\/wp-json\/wp\/v2\/pages\/1915\/revisions"}],"predecessor-version":[{"id":2285,"href":"https:\/\/www.consuljl.com\/developpement3\/wp-json\/wp\/v2\/pages\/1915\/revisions\/2285"}],"wp:attachment":[{"href":"https:\/\/www.consuljl.com\/developpement3\/wp-json\/wp\/v2\/media?parent=1915"}],"curies":[{"name":"wp","href":"https:\/\/api.w.org\/{rel}","templated":true}]}}