{"id":2,"date":"2015-06-05T21:18:04","date_gmt":"2015-06-06T01:18:04","guid":{"rendered":"http:\/\/127.0.0.1:8888\/BENOIT_BOISVERT-WORDPRESS-4_2_2\/?page_id=2"},"modified":"2022-10-19T14:07:00","modified_gmt":"2022-10-19T18:07:00","slug":"page-d-exemple","status":"publish","type":"page","link":"https:\/\/www.consuljl.com\/developpement3\/","title":{"rendered":"Bienvenue dans le monde de l&rsquo;hypnose!"},"content":{"rendered":"<div class=\"fcbkbttn_buttons_block\" id=\"fcbkbttn_left\"><div class=\"fcbkbttn_like \"><fb:like href=\"https:\/\/www.consuljl.com\/developpement3\/\" action=\"like\" colorscheme=\"light\" layout=\"button_count\"  size=\"small\"><\/fb:like><\/div><\/div><h3 style=\"text-align: left;\">Lors d&rsquo;une s\u00e9ance d&rsquo;hypnose, vous conservez votre conscience morale et\u00a0votre libre arbitre tout en restant \u00e9veill\u00e9.<\/h3>\n<p><strong>Voici quelques-uns des bienfaits que vous apporte l&rsquo;hypnose th\u00e9rapeutique\u00a0:<\/strong><\/p>\n<div id=\"attachment_2283\" style=\"width: 310px\" class=\"wp-caption alignnone\"><a href=\"https:\/\/www.consuljl.com\/developpement3\/wp-content\/uploads\/2022\/10\/unicit\u00e9.jpg\"><img aria-describedby=\"caption-attachment-2283\" decoding=\"async\" loading=\"lazy\" class=\"wp-image-2283 size-medium\" src=\"https:\/\/www.consuljl.com\/developpement3\/wp-content\/uploads\/2022\/10\/unicit\u00e9-300x225.jpg\" alt=\"\" width=\"300\" height=\"225\" srcset=\"https:\/\/www.consuljl.com\/developpement3\/wp-content\/uploads\/2022\/10\/unicit\u00e9-300x225.jpg 300w, https:\/\/www.consuljl.com\/developpement3\/wp-content\/uploads\/2022\/10\/unicit\u00e9-768x576.jpg 768w, https:\/\/www.consuljl.com\/developpement3\/wp-content\/uploads\/2022\/10\/unicit\u00e9-1024x768.jpg 1024w, https:\/\/www.consuljl.com\/developpement3\/wp-content\/uploads\/2022\/10\/unicit\u00e9-400x300.jpg 400w\" sizes=\"(max-width: 300px) 100vw, 300px\" \/><\/a><p id=\"caption-attachment-2283\" class=\"wp-caption-text\">Unicit\u00e9<\/p><\/div>\n<ul>\n<li>La r\u00e9alisation de vos objectifs<\/li>\n<li>Une meilleure performance<\/li>\n<li>Le contr\u00f4le de votre douleur, de votre stress et de vos peurs<\/li>\n<li>Une meilleure confiance en vous<\/li>\n<li>Et beaucoup plus&#8230;<\/li>\n<\/ul>\n<h3>R\u00e9v\u00e9lez la force de votre esprit par l&rsquo;hypnose<\/h3>\n<p>Comment?<\/p>\n<p>En utilisant\u00a0des strat\u00e9gies\u00a0et des\u00a0techniques hypnoth\u00e9rapeutiques favorisant :<\/p>\n<ul>\n<li>L&rsquo;am\u00e9lioration de la confiance en soi<\/li>\n<li>La gestion du stress<\/li>\n<li>La gestion des \u00e9motions<\/li>\n<li>L\u2019autocontr\u00f4le de la douleur<\/li>\n<li>La d\u00e9tente et la\u00a0relaxation profonde<\/li>\n<li>La gestion des peurs<\/li>\n<li>L&rsquo;apprentissage de l\u2019autohypnose<\/li>\n<li>L\u2019am\u00e9lioration de l\u2019attention et de la concentration<\/li>\n<li>La cessation tabagique<\/li>\n<li>L&rsquo;accouchement sans douleur<\/li>\n<li>La visualisation positive<\/li>\n<li>Et bien d&rsquo;autres\u00a0encore&#8230;<\/li>\n<\/ul>\n<h3>Comment r\u00e9ussir?<\/h3>\n<p>Et bien c&rsquo;est ensemble, n&rsquo;est-ce pas?<\/p>\n<p><span style=\"color: #000000;\"><a href=\"https:\/\/www.consuljl.com\/developpement3\/wp-content\/uploads\/2015\/06\/images-5.jpg\"><img decoding=\"async\" loading=\"lazy\" class=\"wp-image-2293 size-medium alignright\" src=\"https:\/\/www.consuljl.com\/developpement3\/wp-content\/uploads\/2015\/06\/images-5-300x162.jpg\" alt=\"\" width=\"300\" height=\"162\" srcset=\"https:\/\/www.consuljl.com\/developpement3\/wp-content\/uploads\/2015\/06\/images-5-300x162.jpg 300w, https:\/\/www.consuljl.com\/developpement3\/wp-content\/uploads\/2015\/06\/images-5.jpg 305w\" sizes=\"(max-width: 300px) 100vw, 300px\" \/><\/a><\/span><\/p>\n<p><span style=\"color: #000000;\">La seule fa\u00e7on de r\u00e9ussir est de vous\u00a0<em><span style=\"text-decoration: underline;\">engager<\/span>\u00a0<\/em>dans votre processus de changement.<\/span><\/p>\n<p>Parmi les techniques que le\u00a0Ma\u00eetre praticien en hypnose utilise, on compte\u00a0notamment\u00a0:<\/p>\n<ul>\n<li style=\"text-align: justify;\">La suggestion hypnotique<\/li>\n<li style=\"text-align: justify;\">La m\u00e9taphore hypnotique adapt\u00e9e aux besoins particuliers\u00a0du client<\/li>\n<li style=\"text-align: justify;\">L\u2019ancrage de nouveaux comportements<\/li>\n<li style=\"text-align: justify;\">L\u2019autohypnose et l&rsquo;autoprogrammation consciente<\/li>\n<li style=\"text-align: justify;\">Le renforcement positif<\/li>\n<li style=\"text-align: justify;\">La visualisation<\/li>\n<li style=\"text-align: justify;\">La d\u00e9tente<\/li>\n<li style=\"text-align: justify;\">La relaxation<\/li>\n<li style=\"text-align: justify;\">La respiration<\/li>\n<li style=\"text-align: justify;\">plus encore&#8230;<\/li>\n<\/ul>\n<p style=\"text-align: justify;\">Ces techniques peuvent \u00eatre utilis\u00e9es ind\u00e9pendamment les unes des autres ou encore conjointement lorsque n\u00e9cessaire.<\/p>\n<p>Vous serez donc invit\u00e9 \u00e0 exp\u00e9rimenter et \u00e0 utiliser les techniques et strat\u00e9gies\u00a0enseign\u00e9es lors des s\u00e9ances d&rsquo;hypnose. On vous proposera aussi d&rsquo;\u00e9couter des enregistrements audio\u00a0afin de vous soutenir entre les rencontres.<\/p>\n<p><a href=\"https:\/\/www.consuljl.com\/developpement3\/wp-content\/uploads\/2015\/06\/images-2.jpg\"><img decoding=\"async\" loading=\"lazy\" class=\"wp-image-2292 size-full alignright\" src=\"https:\/\/www.consuljl.com\/developpement3\/wp-content\/uploads\/2015\/06\/images-2.jpg\" alt=\"\" width=\"275\" height=\"183\" \/><\/a>Il est recommand\u00e9 d&rsquo;apporter\u00a0votre lecteur MP3 ou votre cellulaire pour la captation sonore.\u00a0L&rsquo;atteinte de vos objectifs en d\u00e9pend.<\/p>\n<p style=\"text-align: left;\">L&rsquo;hypnose fait partie des th\u00e9rapies br\u00e8ves en m\u00e9decine holistique. Souvent, quelques rencontres suffisent pour am\u00e9liorer ou m\u00eame r\u00e9gler une situation qui vous d\u00e9range depuis longtemps.<\/p>\n<p>Quand on peut, on veut et l&rsquo;hypnose peut vous aider!<\/p>\n<p><a href=\"https:\/\/www.consuljl.com\/developpement3\/wp-content\/uploads\/2022\/10\/Benoit-Boisvert.jpg\"><img decoding=\"async\" loading=\"lazy\" class=\"alignnone wp-image-2236 size-medium\" title=\"Beno\u00eet Boisvert,Hypnoth\u00e9rapeute\" src=\"https:\/\/www.consuljl.com\/developpement3\/wp-content\/uploads\/2022\/10\/Benoit-Boisvert-300x279.jpg\" alt=\"\" width=\"300\" height=\"279\" srcset=\"https:\/\/www.consuljl.com\/developpement3\/wp-content\/uploads\/2022\/10\/Benoit-Boisvert-300x279.jpg 300w, https:\/\/www.consuljl.com\/developpement3\/wp-content\/uploads\/2022\/10\/Benoit-Boisvert-768x714.jpg 768w, https:\/\/www.consuljl.com\/developpement3\/wp-content\/uploads\/2022\/10\/Benoit-Boisvert-1024x951.jpg 1024w, https:\/\/www.consuljl.com\/developpement3\/wp-content\/uploads\/2022\/10\/Benoit-Boisvert-323x300.jpg 323w\" sizes=\"(max-width: 300px) 100vw, 300px\" \/><\/a><\/p>\n<p><a href=\"https:\/\/efphq.com\/\">Beno\u00eet Boisvert, Maitre praticien en hypnose<\/a><a href=\"https:\/\/efphq.com\/\">praticien en PNL<\/a><\/p>\n<p><a href=\"https:\/\/efphq.com\/\"> Pr\u00e9sident EFPHQ<\/a><\/p>\n<p>&nbsp;<\/p>\n<p>&nbsp;<\/p>\n<p>&nbsp;<\/p>\n<p>&nbsp;<\/p>\n<p><span style=\"color: #333333;\"><span style=\"font-size: large;\">\u00a0<\/span><\/span><\/p>\n<hr \/>\n<p><span style=\"color: #333333;\"><span style=\"font-size: large;\">P.S. Faites l&rsquo;essai en \u00e9coutant cette d\u00e9tente concoct\u00e9e pour vous \u00a0en cliquant sur ce lien :<\/span><\/span><\/p>\n<!--[if lt IE 9]><script>document.createElement('audio');<\/script><![endif]-->\n<audio class=\"wp-audio-shortcode\" id=\"audio-2-1\" preload=\"none\" style=\"width: 100%;\" controls=\"controls\"><source type=\"audio\/mpeg\" src=\"http:\/\/www.benoitboisverthypnotherapeute.com\/wp-content\/uploads\/2015\/10\/D\u00e9tente-Site.mp3?_=1\" \/><a href=\"http:\/\/www.benoitboisverthypnotherapeute.com\/wp-content\/uploads\/2015\/10\/D\u00e9tente-Site.mp3\">http:\/\/www.benoitboisverthypnotherapeute.com\/wp-content\/uploads\/2015\/10\/D\u00e9tente-Site.mp3<\/a><\/audio>\n<p>&nbsp;<\/p>\n<p><span style=\"color: #333333;\"><span style=\"font-size: large;\">Un article \u00e0 consulter:\u00a0<a href=\"http:\/\/www.franceinfo.fr\/emission\/c-etait-comment\/2015-2016\/l-hypnose-un-art-de-vivre-27-08-2015-19-55\" target=\"_blank\" rel=\"noopener noreferrer\">L&rsquo;hypnose: un art de vivre<\/a><\/span><\/span><\/p>\n<p>Pour en savoir plus et guider votre choix, vous \u00eates invit\u00e9 \u00e0\u00a0consulter les multiples <a href=\"http:\/\/www.benoitboisverthypnotherapeute.com\/#\">services<\/a> qui vous sont offerts.<\/p>\n<p>Suivez Beno\u00eet Boisvert, hypnoth\u00e9rapeute sur <span style=\"text-decoration: underline;\"><a href=\"https:\/\/www.facebook.com\/benoitboisverthypnotherapeute?ref=hl\"><span style=\"color: #0066cc; text-decoration: underline;\">Facebook<\/span><\/a><\/span> et <span style=\"text-decoration: underline;\"><a href=\"https:\/\/www.linkedin.com\/profile\/view?id=AAIAABgE5V8BnbhfR7imAaVMcm2YTi4vM3drj6s&amp;trk=nav_responsive_tab_profile_pic\"><span style=\"color: #0066cc; text-decoration: underline;\">LinkedIn<\/span><\/a><\/span>.<\/p>\n<hr \/>\n<p><span style=\"color: #ff0000;\">Vaincre le stress parental :<\/span><\/p>\n<audio class=\"wp-audio-shortcode\" id=\"audio-2-2\" preload=\"none\" style=\"width: 100%;\" controls=\"controls\"><source type=\"audio\/mpeg\" src=\"http:\/\/www.benoitboisverthypnotherapeute.com\/wp-content\/uploads\/2016\/10\/stress-parental.mp3?_=2\" \/><a href=\"http:\/\/www.benoitboisverthypnotherapeute.com\/wp-content\/uploads\/2016\/10\/stress-parental.mp3\">http:\/\/www.benoitboisverthypnotherapeute.com\/wp-content\/uploads\/2016\/10\/stress-parental.mp3<\/a><\/audio>\n<div class=\"fcbkbttn_buttons_block\" id=\"fcbkbttn_left\"><div class=\"fcbkbttn_like \"><fb:like href=\"https:\/\/www.consuljl.com\/developpement3\/\" action=\"like\" colorscheme=\"light\" layout=\"button_count\"  size=\"small\"><\/fb:like><\/div><\/div>","protected":false},"excerpt":{"rendered":"<p>Lors d&rsquo;une s\u00e9ance d&rsquo;hypnose, vous conservez votre conscience morale et\u00a0votre libre arbitre tout en restant \u00e9veill\u00e9. Voici quelques-uns des bienfaits que vous apporte l&rsquo;hypnose th\u00e9rapeutique\u00a0: La r\u00e9alisation de vos objectifs Une meilleure performance Le contr\u00f4le de votre douleur, de votre <span class=\"excerpt-dots\">&hellip;<\/span> <a class=\"more-link\" href=\"https:\/\/www.consuljl.com\/developpement3\/\"><span class=\"more-msg\">Lire la suite &rarr;<\/span><\/a><\/p>\n","protected":false},"author":2,"featured_media":0,"parent":0,"menu_order":10,"comment_status":"closed","ping_status":"closed","template":"","meta":[],"yoast_head":"<!-- This site is optimized with the Yoast SEO plugin v20.10 - https:\/\/yoast.com\/wordpress\/plugins\/seo\/ -->\n<title>Bienvenue dans le monde de l&#039;hypnose! - Beno\u00eet Boisvert Hypnoth\u00e9rapeute<\/title>\n<meta name=\"description\" content=\"Lors de l&#039;hypnose, vous conservez votre conscience morale et votre libre arbitre tout en restant \u00e9veill\u00e9. R\u00e9v\u00e9lez la force de votre esprit par l&#039;hypnose.\" \/>\n<meta name=\"robots\" content=\"noindex, follow, max-snippet:-1, max-image-preview:large, max-video-preview:-1\" \/>\n<meta property=\"og:locale\" content=\"fr_FR\" \/>\n<meta property=\"og:type\" content=\"article\" \/>\n<meta property=\"og:title\" content=\"Bienvenue dans le monde de l&#039;hypnose! - Beno\u00eet Boisvert Hypnoth\u00e9rapeute\" \/>\n<meta property=\"og:description\" content=\"Lors de l&#039;hypnose, vous conservez votre conscience morale et votre libre arbitre tout en restant \u00e9veill\u00e9. R\u00e9v\u00e9lez la force de votre esprit par l&#039;hypnose.\" \/>\n<meta property=\"og:url\" content=\"https:\/\/www.consuljl.com\/developpement3\/\" \/>\n<meta property=\"og:site_name\" content=\"Beno\u00eet Boisvert Hypnoth\u00e9rapeute\" \/>\n<meta property=\"article:publisher\" content=\"http:\/\/facebook.com\/benoitboisverthypnotherapeute\" \/>\n<meta property=\"article:modified_time\" content=\"2022-10-19T18:07:00+00:00\" \/>\n<meta property=\"og:image\" content=\"https:\/\/www.consuljl.com\/developpement3\/wp-content\/uploads\/2015\/06\/images-5-300x162.jpg\" \/>\n<meta name=\"twitter:card\" content=\"summary_large_image\" \/>\n<meta name=\"twitter:label1\" content=\"Dur\u00e9e de lecture estim\u00e9e\" \/>\n\t<meta name=\"twitter:data1\" content=\"2 minutes\" \/>\n<script type=\"application\/ld+json\" class=\"yoast-schema-graph\">{\"@context\":\"https:\/\/schema.org\",\"@graph\":[{\"@type\":\"WebPage\",\"@id\":\"https:\/\/www.consuljl.com\/developpement3\/\",\"url\":\"https:\/\/www.consuljl.com\/developpement3\/\",\"name\":\"Bienvenue dans le monde de l'hypnose! - Beno\u00eet Boisvert Hypnoth\u00e9rapeute\",\"isPartOf\":{\"@id\":\"https:\/\/www.consuljl.com\/developpement3\/#website\"},\"datePublished\":\"2015-06-06T01:18:04+00:00\",\"dateModified\":\"2022-10-19T18:07:00+00:00\",\"description\":\"Lors de l'hypnose, vous conservez votre conscience morale et votre libre arbitre tout en restant \u00e9veill\u00e9. R\u00e9v\u00e9lez la force de votre esprit par l'hypnose.\",\"breadcrumb\":{\"@id\":\"https:\/\/www.consuljl.com\/developpement3\/#breadcrumb\"},\"inLanguage\":\"fr-FR\",\"potentialAction\":[{\"@type\":\"ReadAction\",\"target\":[\"https:\/\/www.consuljl.com\/developpement3\/\"]}]},{\"@type\":\"BreadcrumbList\",\"@id\":\"https:\/\/www.consuljl.com\/developpement3\/#breadcrumb\",\"itemListElement\":[{\"@type\":\"ListItem\",\"position\":1,\"name\":\"Accueil\",\"item\":\"https:\/\/www.consuljl.com\/developpement3\/\"},{\"@type\":\"ListItem\",\"position\":2,\"name\":\"Bienvenue dans le monde de l&rsquo;hypnose!\"}]},{\"@type\":\"WebSite\",\"@id\":\"https:\/\/www.consuljl.com\/developpement3\/#website\",\"url\":\"https:\/\/www.consuljl.com\/developpement3\/\",\"name\":\"Beno\u00eet Boisvert Hypnoth\u00e9rapeute\",\"description\":\"R\u00e9v\u00e9lez la force de votre esprit par l&#039;hypnose\",\"potentialAction\":[{\"@type\":\"SearchAction\",\"target\":{\"@type\":\"EntryPoint\",\"urlTemplate\":\"https:\/\/www.consuljl.com\/developpement3\/?s={search_term_string}\"},\"query-input\":\"required name=search_term_string\"}],\"inLanguage\":\"fr-FR\"}]}<\/script>\n<!-- \/ Yoast SEO plugin. -->","yoast_head_json":{"title":"Bienvenue dans le monde de l'hypnose! - Beno\u00eet Boisvert Hypnoth\u00e9rapeute","description":"Lors de l'hypnose, vous conservez votre conscience morale et votre libre arbitre tout en restant \u00e9veill\u00e9. R\u00e9v\u00e9lez la force de votre esprit par l'hypnose.","robots":{"index":"noindex","follow":"follow","max-snippet":"max-snippet:-1","max-image-preview":"max-image-preview:large","max-video-preview":"max-video-preview:-1"},"og_locale":"fr_FR","og_type":"article","og_title":"Bienvenue dans le monde de l'hypnose! - Beno\u00eet Boisvert Hypnoth\u00e9rapeute","og_description":"Lors de l'hypnose, vous conservez votre conscience morale et votre libre arbitre tout en restant \u00e9veill\u00e9. R\u00e9v\u00e9lez la force de votre esprit par l'hypnose.","og_url":"https:\/\/www.consuljl.com\/developpement3\/","og_site_name":"Beno\u00eet Boisvert Hypnoth\u00e9rapeute","article_publisher":"http:\/\/facebook.com\/benoitboisverthypnotherapeute","article_modified_time":"2022-10-19T18:07:00+00:00","og_image":[{"url":"https:\/\/www.consuljl.com\/developpement3\/wp-content\/uploads\/2015\/06\/images-5-300x162.jpg"}],"twitter_card":"summary_large_image","twitter_misc":{"Dur\u00e9e de lecture estim\u00e9e":"2 minutes"},"schema":{"@context":"https:\/\/schema.org","@graph":[{"@type":"WebPage","@id":"https:\/\/www.consuljl.com\/developpement3\/","url":"https:\/\/www.consuljl.com\/developpement3\/","name":"Bienvenue dans le monde de l'hypnose! - Beno\u00eet Boisvert Hypnoth\u00e9rapeute","isPartOf":{"@id":"https:\/\/www.consuljl.com\/developpement3\/#website"},"datePublished":"2015-06-06T01:18:04+00:00","dateModified":"2022-10-19T18:07:00+00:00","description":"Lors de l'hypnose, vous conservez votre conscience morale et votre libre arbitre tout en restant \u00e9veill\u00e9. R\u00e9v\u00e9lez la force de votre esprit par l'hypnose.","breadcrumb":{"@id":"https:\/\/www.consuljl.com\/developpement3\/#breadcrumb"},"inLanguage":"fr-FR","potentialAction":[{"@type":"ReadAction","target":["https:\/\/www.consuljl.com\/developpement3\/"]}]},{"@type":"BreadcrumbList","@id":"https:\/\/www.consuljl.com\/developpement3\/#breadcrumb","itemListElement":[{"@type":"ListItem","position":1,"name":"Accueil","item":"https:\/\/www.consuljl.com\/developpement3\/"},{"@type":"ListItem","position":2,"name":"Bienvenue dans le monde de l&rsquo;hypnose!"}]},{"@type":"WebSite","@id":"https:\/\/www.consuljl.com\/developpement3\/#website","url":"https:\/\/www.consuljl.com\/developpement3\/","name":"Beno\u00eet Boisvert Hypnoth\u00e9rapeute","description":"R\u00e9v\u00e9lez la force de votre esprit par l&#039;hypnose","potentialAction":[{"@type":"SearchAction","target":{"@type":"EntryPoint","urlTemplate":"https:\/\/www.consuljl.com\/developpement3\/?s={search_term_string}"},"query-input":"required name=search_term_string"}],"inLanguage":"fr-FR"}]}},"_links":{"self":[{"href":"https:\/\/www.consuljl.com\/developpement3\/wp-json\/wp\/v2\/pages\/2"}],"collection":[{"href":"https:\/\/www.consuljl.com\/developpement3\/wp-json\/wp\/v2\/pages"}],"about":[{"href":"https:\/\/www.consuljl.com\/developpement3\/wp-json\/wp\/v2\/types\/page"}],"author":[{"embeddable":true,"href":"https:\/\/www.consuljl.com\/developpement3\/wp-json\/wp\/v2\/users\/2"}],"replies":[{"embeddable":true,"href":"https:\/\/www.consuljl.com\/developpement3\/wp-json\/wp\/v2\/comments?post=2"}],"version-history":[{"count":78,"href":"https:\/\/www.consuljl.com\/developpement3\/wp-json\/wp\/v2\/pages\/2\/revisions"}],"predecessor-version":[{"id":2294,"href":"https:\/\/www.consuljl.com\/developpement3\/wp-json\/wp\/v2\/pages\/2\/revisions\/2294"}],"wp:attachment":[{"href":"https:\/\/www.consuljl.com\/developpement3\/wp-json\/wp\/v2\/media?parent=2"}],"curies":[{"name":"wp","href":"https:\/\/api.w.org\/{rel}","templated":true}]}}