{"id":22,"date":"2015-06-06T09:37:32","date_gmt":"2015-06-06T13:37:32","guid":{"rendered":"http:\/\/127.0.0.1:8888\/BENOIT_BOISVERT-WORDPRESS-4_2_2\/?page_id=22"},"modified":"2022-10-19T15:14:59","modified_gmt":"2022-10-19T19:14:59","slug":"a-propos-benoit-boisvert","status":"publish","type":"page","link":"https:\/\/www.consuljl.com\/developpement3\/a-propos-benoit-boisvert\/","title":{"rendered":"\u00c0 propos de Beno\u00eet Boisvert"},"content":{"rendered":"<div class=\"fcbkbttn_buttons_block\" id=\"fcbkbttn_left\"><div class=\"fcbkbttn_like \"><fb:like href=\"https:\/\/www.consuljl.com\/developpement3\/a-propos-benoit-boisvert\/\" action=\"like\" colorscheme=\"light\" layout=\"button_count\"  size=\"small\"><\/fb:like><\/div><\/div><h3><\/h3>\n<p><img decoding=\"async\" loading=\"lazy\" class=\"alignnone wp-image-2252 size-medium\" title=\"Benoit Boisvert\" src=\"https:\/\/www.consuljl.com\/developpement3\/wp-content\/uploads\/2022\/10\/DSCF8637-3-300x290.jpg\" alt=\"\" width=\"300\" height=\"290\" srcset=\"https:\/\/www.consuljl.com\/developpement3\/wp-content\/uploads\/2022\/10\/DSCF8637-3-300x290.jpg 300w, https:\/\/www.consuljl.com\/developpement3\/wp-content\/uploads\/2022\/10\/DSCF8637-3-768x741.jpg 768w, https:\/\/www.consuljl.com\/developpement3\/wp-content\/uploads\/2022\/10\/DSCF8637-3-1024x988.jpg 1024w, https:\/\/www.consuljl.com\/developpement3\/wp-content\/uploads\/2022\/10\/DSCF8637-3-311x300.jpg 311w\" sizes=\"(max-width: 300px) 100vw, 300px\" \/><\/p>\n<h2><strong>\u00c0 propos de Beno\u00eet Boisvert<\/strong><\/h2>\n<p>Maintenant directeur de l&rsquo;\u00e9cole de formation en hypnotisme du Qu\u00e9bec Inc. (EFPHQ)<\/p>\n<p>J\u2019ai re\u00e7u une formation de 1600 heures \u00a0en hypnose \u00e0 l\u2019\u00c9cole de formation professionnelle en hypnotisme du Qu\u00e9bec.<\/p>\n<p>Cette formation, n\u2019est pas destin\u00e9e \u00e0 remplacer les services de professionnels de la sant\u00e9.<\/p>\n<p>Il est \u00e9vident que je ne fais aucun diagnostic m\u00e9dical ou psychologique.<\/p>\n<p>J\u2019ai \u00e9tudi\u00e9 dans trois universit\u00e9s au Qu\u00e9bec et une \u00e9cole priv\u00e9e \u00e0 Paris.<\/p>\n<p>J\u2019ai re\u00e7u une formation initiale en enseignement et en adaptation scolaire et sociale.<\/p>\n<p>Ensuite, j\u2019ai pratiqu\u00e9 en priv\u00e9 l\u2019orthop\u00e9dagogie pendant plusieurs ann\u00e9es, tant au primaire et qu\u2019au secondaire.<\/p>\n<p>J\u2019obtiens plus tard des postes de directeur adjoint au secondaire et de conseiller p\u00e9dagogique.<\/p>\n<p>De plus, je participe durant quatre ans \u00e0 un\u00a0projet de recherche en accompagnement,\u00a0entre le minist\u00e8re de l\u2019\u00c9ducation, du Loisir et du Sport du Qu\u00e9bec (MELS) et l\u2019Universit\u00e9 du Qu\u00e9bec \u00e0 Trois-Rivi\u00e8res comme conseiller et animateur aux quatre coins du Qu\u00e9bec.<\/p>\n<p>J\u2019ai r\u00e9alis\u00e9 plus de 600 accompagnements pour le Minist\u00e8re de l&rsquo;\u00e9ducation.<\/p>\n<p>Durant ce projet, j\u2019ai particip\u00e9 \u00e0 l\u2019\u00e9criture de trois livres et \u00e0 l&rsquo;\u00e9criture de nombreuses situations d\u2019accompagnement.<\/p>\n<h4>Sp\u00e9cialisations<\/h4>\n<ul>\n<li>Baccalaur\u00e9at : Sp\u00e9cialisation : Probl\u00e8mes et difficult\u00e9s de comportement<\/li>\n<li>Formateur en enseignement strat\u00e9gique<\/li>\n<li>Formateur en apprentissage coop\u00e9ratif<\/li>\n<li>Formation en techniques d&rsquo;impacts<\/li>\n<li>Formation en \u00e9valuation par la Chaire de recherche de l&rsquo;Universit\u00e9 de Sherbrooke<\/li>\n<li>Accompagnement scolaire (collaboration \u00e9cole-famille-communaut\u00e9)<\/li>\n<li>Animateur en intelligences multiples<\/li>\n<li>Certification : Changements (gestion\u00a0de changements en entreprise)<\/li>\n<li>Apprentissage scolaire<\/li>\n<li>Confiance et estime de soi<\/li>\n<li>Pr\u00e9paration \u00e0 la naissance par l&rsquo;<strong>hypnose<\/strong><\/li>\n<li>Oncologie (cancer)<\/li>\n<li>Fibromyalgie et th\u00e9rapies de groupe<\/li>\n<li>Accompagnement en cas d&rsquo;agression sexuelle<\/li>\n<li>Soutien au deuil par l&rsquo;<strong>hypnose<\/strong><\/li>\n<li>Accompagnement par hypnose des toxicomanies et d\u00e9pendances<\/li>\n<li>Accompagnement par hypnose des troubles de l&rsquo;humeur<\/li>\n<li>Formation en \u00e9valuation et suivi des personnes transsexuels et transsexuelles OPQ<\/li>\n<\/ul>\n<h4>Comp\u00e9tences connexes<\/h4>\n<ul>\n<li>Formateur<\/li>\n<li>Conf\u00e9rencier<\/li>\n<li>\u00c9nergie intuitive<\/li>\n<li>Ma\u00eetre Reiki<\/li>\n<li>Arbitre pour softball Qu\u00e9bec<\/li>\n<li>M\u00e9daill\u00e9 des jeux du Qu\u00e9bec (bronze et argent) Discipline : balle rapide<\/li>\n<li>Capitaine dans les sports<\/li>\n<\/ul>\n<p>Pour en savoir plus sur la <strong>formation en hypnose<\/strong>, vous pouvez consulter la liste des cours offerts \u00e0\u00a0l&rsquo;\u00c9cole de formation professionnelle en hypnose du Qu\u00e9bec <a href=\"http:\/\/www.efphq.com\/nos-formations\" target=\"_blank\" rel=\"noopener noreferrer\">(\u00c9FPHQ).<\/a><\/p>\n<p>\u00ab\u00a0Dire des paroles courageuses est facile. Accomplir des actes courageux est difficile.\u00a0\u00bb<\/p>\n<p>Andr\u00e9e D&rsquo;Amour<a href=\"http:\/\/www.benoitboisverthypnotherapeute.com\/wp-content\/uploads\/2015\/07\/images-22.jpg\"><img decoding=\"async\" loading=\"lazy\" class=\"alignright wp-image-639 size-full\" src=\"https:\/\/www.consuljl.com\/developpement3\/wp-content\/uploads\/2015\/07\/images-22.jpg\" alt=\"courage\" width=\"195\" height=\"259\" \/><\/a><\/p>\n<blockquote><p>&nbsp;<\/p>\n<p>&nbsp;<\/p>\n<p>&nbsp;<\/p>\n<p>&nbsp;<\/p><\/blockquote>\n<p>Obtenez plus d&rsquo;informations sur les services de Beno\u00eet Boisvert, hypnoth\u00e9rapeute en consultant les rubriques du menu\u00a0<strong><a href=\"http:\/\/www.benoitboisverthypnotherapeute.com\/services\/\" target=\"_blank\" rel=\"noopener noreferrer\">Services<\/a><\/strong>.<\/p>\n<hr \/>\n<p><strong>P.S.<\/strong> Pour en savoir plus sur le projet de recherche <a href=\"https:\/\/oraprdnt.uqtr.uquebec.ca\/pls\/public\/docs\/GSC1\/F669190107_17_parf_renouv_ped_oct8.pdf\" target=\"_blank\" rel=\"noopener noreferrer\">PARF<\/a><\/p>\n<h3>T\u00e9moignage<\/h3>\n<p dir=\"ltr\">\u00ab\u00a0Je connais <strong>Beno\u00eet Boisvert<\/strong> depuis d\u00e9j\u00e0 quelques ann\u00e9es et j&rsquo;ai pu constater la\u00a0d\u00e9termination de cet homme passionn\u00e9, car ses nombreuses exp\u00e9riences\u00a0en \u00e9ducation\u00a0comme en accompagnement l&rsquo;ont amen\u00e9 \u00e0 vivre toutes\u00a0sortes d&rsquo;aventures plus exigeantes les unes que les autres.<\/p>\n<p dir=\"ltr\">Celles-ci lui ont permis de d\u00e9velopper une expertise dans diff\u00e9rents domaines ainsi\u00a0qu&rsquo;une approche novatrice et unique en hypnose.<\/p>\n<p dir=\"ltr\">Beno\u00eet est la personne la plus courageuse qu&rsquo;il m&rsquo;a \u00e9t\u00e9 donn\u00e9 de rencontrer dans la vie.<\/p>\n<p dir=\"ltr\">Une de ses tr\u00e8s grandes forces est sa lucidit\u00e9. Elle fait de lui une personne\u00a0d&rsquo;exception, un mod\u00e8le et un exemple \u00e0 suivre.<\/p>\n<p dir=\"ltr\">C&rsquo;est un th\u00e9rapeute dans\u00a0l&rsquo;\u00e2me \u00e0 l&rsquo;\u00e9coute des besoins de l&rsquo;autre.\u00a0\u00bb<\/p>\n<p>\u2014\u00a0<em>Fran\u00e7oise<\/em><\/p>\n<div class=\"fcbkbttn_buttons_block\" id=\"fcbkbttn_left\"><div class=\"fcbkbttn_like \"><fb:like href=\"https:\/\/www.consuljl.com\/developpement3\/a-propos-benoit-boisvert\/\" action=\"like\" colorscheme=\"light\" layout=\"button_count\"  size=\"small\"><\/fb:like><\/div><\/div>","protected":false},"excerpt":{"rendered":"<p>\u00c0 propos de Beno\u00eet Boisvert Maintenant directeur de l&rsquo;\u00e9cole de formation en hypnotisme du Qu\u00e9bec Inc. (EFPHQ) J\u2019ai re\u00e7u une formation de 1600 heures \u00a0en hypnose \u00e0 l\u2019\u00c9cole de formation professionnelle en hypnotisme du Qu\u00e9bec. Cette formation, n\u2019est pas destin\u00e9e <span class=\"excerpt-dots\">&hellip;<\/span> <a class=\"more-link\" href=\"https:\/\/www.consuljl.com\/developpement3\/a-propos-benoit-boisvert\/\"><span class=\"more-msg\">Lire la suite &rarr;<\/span><\/a><\/p>\n","protected":false},"author":2,"featured_media":0,"parent":0,"menu_order":10,"comment_status":"closed","ping_status":"closed","template":"","meta":[],"yoast_head":"<!-- This site is optimized with the Yoast SEO plugin v20.10 - https:\/\/yoast.com\/wordpress\/plugins\/seo\/ -->\n<title>\u00c0 propos de Beno\u00eet Boisvert - Beno\u00eet Boisvert Hypnoth\u00e9rapeute<\/title>\n<meta name=\"description\" content=\"\u00c0 propos de Beno\u00eet Boisvert:formation en hypnose de1500 heures. Il a aussi \u00e9tudi\u00e9 dans trois universit\u00e9s au Qu\u00e9bec et une \u00e9cole priv\u00e9e \u00e0 Paris.\" \/>\n<meta name=\"robots\" content=\"noindex, follow, max-snippet:-1, max-image-preview:large, max-video-preview:-1\" \/>\n<meta property=\"og:locale\" content=\"fr_FR\" \/>\n<meta property=\"og:type\" content=\"article\" \/>\n<meta property=\"og:title\" content=\"\u00c0 propos de Beno\u00eet Boisvert - Beno\u00eet Boisvert Hypnoth\u00e9rapeute\" \/>\n<meta property=\"og:description\" content=\"\u00c0 propos de Beno\u00eet Boisvert:formation en hypnose de1500 heures. Il a aussi \u00e9tudi\u00e9 dans trois universit\u00e9s au Qu\u00e9bec et une \u00e9cole priv\u00e9e \u00e0 Paris.\" \/>\n<meta property=\"og:url\" content=\"https:\/\/www.consuljl.com\/developpement3\/a-propos-benoit-boisvert\/\" \/>\n<meta property=\"og:site_name\" content=\"Beno\u00eet Boisvert Hypnoth\u00e9rapeute\" \/>\n<meta property=\"article:publisher\" content=\"http:\/\/facebook.com\/benoitboisverthypnotherapeute\" \/>\n<meta property=\"article:modified_time\" content=\"2022-10-19T19:14:59+00:00\" \/>\n<meta property=\"og:image\" content=\"https:\/\/www.consuljl.com\/developpement3\/wp-content\/uploads\/2022\/10\/DSCF8637-3-300x290.jpg\" \/>\n<meta name=\"twitter:card\" content=\"summary_large_image\" \/>\n<meta name=\"twitter:label1\" content=\"Dur\u00e9e de lecture estim\u00e9e\" \/>\n\t<meta name=\"twitter:data1\" content=\"3 minutes\" \/>\n<script type=\"application\/ld+json\" class=\"yoast-schema-graph\">{\"@context\":\"https:\/\/schema.org\",\"@graph\":[{\"@type\":\"WebPage\",\"@id\":\"https:\/\/www.consuljl.com\/developpement3\/a-propos-benoit-boisvert\/\",\"url\":\"https:\/\/www.consuljl.com\/developpement3\/a-propos-benoit-boisvert\/\",\"name\":\"\u00c0 propos de Beno\u00eet Boisvert - Beno\u00eet Boisvert Hypnoth\u00e9rapeute\",\"isPartOf\":{\"@id\":\"https:\/\/www.consuljl.com\/developpement3\/#website\"},\"datePublished\":\"2015-06-06T13:37:32+00:00\",\"dateModified\":\"2022-10-19T19:14:59+00:00\",\"description\":\"\u00c0 propos de Beno\u00eet Boisvert:formation en hypnose de1500 heures. Il a aussi \u00e9tudi\u00e9 dans trois universit\u00e9s au Qu\u00e9bec et une \u00e9cole priv\u00e9e \u00e0 Paris.\",\"breadcrumb\":{\"@id\":\"https:\/\/www.consuljl.com\/developpement3\/a-propos-benoit-boisvert\/#breadcrumb\"},\"inLanguage\":\"fr-FR\",\"potentialAction\":[{\"@type\":\"ReadAction\",\"target\":[\"https:\/\/www.consuljl.com\/developpement3\/a-propos-benoit-boisvert\/\"]}]},{\"@type\":\"BreadcrumbList\",\"@id\":\"https:\/\/www.consuljl.com\/developpement3\/a-propos-benoit-boisvert\/#breadcrumb\",\"itemListElement\":[{\"@type\":\"ListItem\",\"position\":1,\"name\":\"Accueil\",\"item\":\"https:\/\/www.consuljl.com\/developpement3\/\"},{\"@type\":\"ListItem\",\"position\":2,\"name\":\"\u00c0 propos de Beno\u00eet Boisvert\"}]},{\"@type\":\"WebSite\",\"@id\":\"https:\/\/www.consuljl.com\/developpement3\/#website\",\"url\":\"https:\/\/www.consuljl.com\/developpement3\/\",\"name\":\"Beno\u00eet Boisvert Hypnoth\u00e9rapeute\",\"description\":\"R\u00e9v\u00e9lez la force de votre esprit par l&#039;hypnose\",\"potentialAction\":[{\"@type\":\"SearchAction\",\"target\":{\"@type\":\"EntryPoint\",\"urlTemplate\":\"https:\/\/www.consuljl.com\/developpement3\/?s={search_term_string}\"},\"query-input\":\"required name=search_term_string\"}],\"inLanguage\":\"fr-FR\"}]}<\/script>\n<!-- \/ Yoast SEO plugin. -->","yoast_head_json":{"title":"\u00c0 propos de Beno\u00eet Boisvert - Beno\u00eet Boisvert Hypnoth\u00e9rapeute","description":"\u00c0 propos de Beno\u00eet Boisvert:formation en hypnose de1500 heures. Il a aussi \u00e9tudi\u00e9 dans trois universit\u00e9s au Qu\u00e9bec et une \u00e9cole priv\u00e9e \u00e0 Paris.","robots":{"index":"noindex","follow":"follow","max-snippet":"max-snippet:-1","max-image-preview":"max-image-preview:large","max-video-preview":"max-video-preview:-1"},"og_locale":"fr_FR","og_type":"article","og_title":"\u00c0 propos de Beno\u00eet Boisvert - Beno\u00eet Boisvert Hypnoth\u00e9rapeute","og_description":"\u00c0 propos de Beno\u00eet Boisvert:formation en hypnose de1500 heures. Il a aussi \u00e9tudi\u00e9 dans trois universit\u00e9s au Qu\u00e9bec et une \u00e9cole priv\u00e9e \u00e0 Paris.","og_url":"https:\/\/www.consuljl.com\/developpement3\/a-propos-benoit-boisvert\/","og_site_name":"Beno\u00eet Boisvert Hypnoth\u00e9rapeute","article_publisher":"http:\/\/facebook.com\/benoitboisverthypnotherapeute","article_modified_time":"2022-10-19T19:14:59+00:00","og_image":[{"url":"https:\/\/www.consuljl.com\/developpement3\/wp-content\/uploads\/2022\/10\/DSCF8637-3-300x290.jpg"}],"twitter_card":"summary_large_image","twitter_misc":{"Dur\u00e9e de lecture estim\u00e9e":"3 minutes"},"schema":{"@context":"https:\/\/schema.org","@graph":[{"@type":"WebPage","@id":"https:\/\/www.consuljl.com\/developpement3\/a-propos-benoit-boisvert\/","url":"https:\/\/www.consuljl.com\/developpement3\/a-propos-benoit-boisvert\/","name":"\u00c0 propos de Beno\u00eet Boisvert - Beno\u00eet Boisvert Hypnoth\u00e9rapeute","isPartOf":{"@id":"https:\/\/www.consuljl.com\/developpement3\/#website"},"datePublished":"2015-06-06T13:37:32+00:00","dateModified":"2022-10-19T19:14:59+00:00","description":"\u00c0 propos de Beno\u00eet Boisvert:formation en hypnose de1500 heures. Il a aussi \u00e9tudi\u00e9 dans trois universit\u00e9s au Qu\u00e9bec et une \u00e9cole priv\u00e9e \u00e0 Paris.","breadcrumb":{"@id":"https:\/\/www.consuljl.com\/developpement3\/a-propos-benoit-boisvert\/#breadcrumb"},"inLanguage":"fr-FR","potentialAction":[{"@type":"ReadAction","target":["https:\/\/www.consuljl.com\/developpement3\/a-propos-benoit-boisvert\/"]}]},{"@type":"BreadcrumbList","@id":"https:\/\/www.consuljl.com\/developpement3\/a-propos-benoit-boisvert\/#breadcrumb","itemListElement":[{"@type":"ListItem","position":1,"name":"Accueil","item":"https:\/\/www.consuljl.com\/developpement3\/"},{"@type":"ListItem","position":2,"name":"\u00c0 propos de Beno\u00eet Boisvert"}]},{"@type":"WebSite","@id":"https:\/\/www.consuljl.com\/developpement3\/#website","url":"https:\/\/www.consuljl.com\/developpement3\/","name":"Beno\u00eet Boisvert Hypnoth\u00e9rapeute","description":"R\u00e9v\u00e9lez la force de votre esprit par l&#039;hypnose","potentialAction":[{"@type":"SearchAction","target":{"@type":"EntryPoint","urlTemplate":"https:\/\/www.consuljl.com\/developpement3\/?s={search_term_string}"},"query-input":"required name=search_term_string"}],"inLanguage":"fr-FR"}]}},"_links":{"self":[{"href":"https:\/\/www.consuljl.com\/developpement3\/wp-json\/wp\/v2\/pages\/22"}],"collection":[{"href":"https:\/\/www.consuljl.com\/developpement3\/wp-json\/wp\/v2\/pages"}],"about":[{"href":"https:\/\/www.consuljl.com\/developpement3\/wp-json\/wp\/v2\/types\/page"}],"author":[{"embeddable":true,"href":"https:\/\/www.consuljl.com\/developpement3\/wp-json\/wp\/v2\/users\/2"}],"replies":[{"embeddable":true,"href":"https:\/\/www.consuljl.com\/developpement3\/wp-json\/wp\/v2\/comments?post=22"}],"version-history":[{"count":93,"href":"https:\/\/www.consuljl.com\/developpement3\/wp-json\/wp\/v2\/pages\/22\/revisions"}],"predecessor-version":[{"id":2313,"href":"https:\/\/www.consuljl.com\/developpement3\/wp-json\/wp\/v2\/pages\/22\/revisions\/2313"}],"wp:attachment":[{"href":"https:\/\/www.consuljl.com\/developpement3\/wp-json\/wp\/v2\/media?parent=22"}],"curies":[{"name":"wp","href":"https:\/\/api.w.org\/{rel}","templated":true}]}}