{"id":430,"date":"2015-07-05T15:24:05","date_gmt":"2015-07-05T19:24:05","guid":{"rendered":"http:\/\/demo.consuljl.com\/?page_id=430"},"modified":"2022-10-19T14:20:11","modified_gmt":"2022-10-19T18:20:11","slug":"430-2","status":"publish","type":"page","link":"https:\/\/www.consuljl.com\/developpement3\/430-2\/","title":{"rendered":"Qu&rsquo;est-ce que l&rsquo;hypnose?"},"content":{"rendered":"<div class=\"fcbkbttn_buttons_block\" id=\"fcbkbttn_left\"><div class=\"fcbkbttn_like \"><fb:like href=\"https:\/\/www.consuljl.com\/developpement3\/430-2\/\" action=\"like\" colorscheme=\"light\" layout=\"button_count\"  size=\"small\"><\/fb:like><\/div><\/div><h3 style=\"text-align: left;\">L&rsquo;hypnose : une m\u00e9decine\u00a0parall\u00e8le<\/h3>\n<p style=\"text-align: left;\"><img decoding=\"async\" loading=\"lazy\" class=\"alignleft wp-image-642 \" src=\"http:\/\/www.benoitboisverthypnotherapeute.com\/wp-content\/uploads\/2015\/07\/t\u00e9l\u00e9chargement-15.jpg\" alt=\"Hypnose\" width=\"144\" height=\"231\" \/><\/p>\n<p style=\"text-align: left;\">L&rsquo;<strong>hypnose<\/strong>\u00a0existe depuis tr\u00e8s longtemps et fait partie des\u00a0m\u00e9decines parall\u00e8les.<\/p>\n<p style=\"text-align: left;\">Son but n\u2019est pas de gu\u00e9rir, mais plut\u00f4t de permettre, comme le dit si bien \u00c9mile Cou\u00e9, d\u2019am\u00e9liorer tout ce qui est possible pour le corps.<\/p>\n<p style=\"text-align: left;\"><strong>L&rsquo;hypnose<\/strong>\u00a0est la capacit\u00e9 \u00e0\u00a0consentir\u00a0\u00e0 un \u00e9tat sugg\u00e9r\u00e9 pour favoriser un mieux-\u00eatre.<\/p>\n<h3 style=\"text-align: left;\"><strong>M\u00e9thodes pr\u00e9conis\u00e9es<\/strong><\/h3>\n<p style=\"text-align: left;\">Nous retrouvons aujourdh&rsquo;ui toutes sortes d&rsquo;hypnose dont: l`hypnose classique, humaniste, erisksonnienne, dirig\u00e9e, transg\u00e9n\u00e9rationnelle, conversationnelle, \u00e9volutive et j&rsquo;en passe. Chacune de ces approches parle\u00a0 de la m\u00eame chose en utilisant des\u00a0 mots diff\u00e9rents pour expliquer un ph\u00e9nom\u00e8me unique, l&rsquo;hypnose.<\/p>\n<p style=\"text-align: left;\">L&rsquo;hypnose classique et l&rsquo;hypnoth\u00e9rapie m\u00e9dicale, par exemple, sont des m\u00e9thodes tr\u00e8s efficaces et trop peu utilis\u00e9e ici au Qu\u00e9bec<\/p>\n<p style=\"text-align: left;\">Le travail du praticien en hypnose consiste \u00e0 induire (entra\u00eener) des r\u00e9actions chez son client ou \u00e0 lui permettre de lib\u00e9rer des \u00e9l\u00e9ments\u00a0refoul\u00e9s (id\u00e9es, sensations, \u00e9motions, etc.) en utilisant des m\u00e9thodes comme la d\u00e9tente, la relaxation, l&rsquo;auto hypnose&#8230;<\/p>\n<p style=\"text-align: left;\">Dans l<strong>\u2019hypnose<\/strong> ericksonienne, le th\u00e9rapeute ne fait aucune suggestion directe.<\/p>\n<p style=\"text-align: left;\">Il utilise des suggestions hypnotiques ou des r\u00e9cits pour que l\u2019inconscient s\u2019oriente de lui-m\u00eame vers la bonne solution. C&rsquo;est ce qu&rsquo;on appelle des suggestions indirectes.<\/p>\n<p style=\"text-align: left;\">Il demande \u00e9galement au client de participer \u00e0 sa mise en \u00e9tat d&rsquo;hypnose. Car seul le client peut d\u00e9cider de la profondeur de son \u00e9tat d&rsquo;hypnose. Il peut solliciter l&rsquo;aide de l&rsquo;hypnoth\u00e9rapeute au besoin.<\/p>\n<h4 style=\"text-align: left;\"><strong>Comment se manifeste un \u00e9tat hypnotique?<\/strong><\/h4>\n<p style=\"text-align: left;\"><img decoding=\"async\" loading=\"lazy\" class=\"alignright wp-image-664 size-full\" src=\"http:\/\/www.benoitboisverthypnotherapeute.com\/wp-content\/uploads\/2015\/07\/t\u00e9l\u00e9chargement-16.jpg\" alt=\"Hypnose\" width=\"305\" height=\"165\" srcset=\"https:\/\/www.consuljl.com\/developpement3\/wp-content\/uploads\/2015\/07\/t\u00e9l\u00e9chargement-16.jpg 305w, https:\/\/www.consuljl.com\/developpement3\/wp-content\/uploads\/2015\/07\/t\u00e9l\u00e9chargement-16-300x162.jpg 300w\" sizes=\"(max-width: 305px) 100vw, 305px\" \/>Cela se manifeste par un \u00e9tat de d\u00e9tente et de relaxation aussi profond que vous en avez le go\u00fbt \u00e0 ce moment.<\/p>\n<p style=\"text-align: left;\">Vous entrez dans un \u00e9tat modifi\u00e9 de conscience, un peu comme lorsque vous \u00eates sur le point de plonger dans le sommeil.<\/p>\n<p style=\"text-align: left;\">Vous pouvez entendre les bruits de la maison sans que ceux-ci vous d\u00e9rangent, par exemple. Toutefois,\u00a0si le syst\u00e8me d&rsquo;alarme retentit, vous allez r\u00e9agir et irez voir ce qui se passe.<\/p>\n<h3 style=\"text-align: left;\">Que se passe-t-il lorsque vous \u00eates sous hypnose?<\/h3>\n<p style=\"text-align: left;\">En \u00e9tat d&rsquo;<strong>hypnose<\/strong>, vous :<\/p>\n<ul style=\"text-align: left;\">\n<li>gardez votre conscience morale;<\/li>\n<li>conservez votre libre arbitre;<\/li>\n<li>ne dormez pas;<\/li>\n<li>devez \u00eatre consentant.<\/li>\n<\/ul>\n<h3 style=\"text-align: left;\">Strat\u00e9gies utilis\u00e9es<\/h3>\n<p style=\"text-align: left;\">De nombreux proc\u00e9d\u00e9s\u00a0sont mis en \u0153uvre pendant l&rsquo;hypnose : trucs, tests, m\u00e9taphores, suggestions hypnotiques, strat\u00e9gies hypnoth\u00e9rapeutiques favorisant l\u2019ouverture de la conscience \u00e0\u00a0toutes les possibilit\u00e9s\u2026<\/p>\n<blockquote>\n<h3 style=\"text-align: left;\">R\u00e9v\u00e9lez la force de votre esprit par l&rsquo;hypnose<\/h3>\n<\/blockquote>\n<p style=\"text-align: left;\"><strong>P.S.<\/strong> Pour en savoir plus sur<strong> l&rsquo;hypnose<\/strong>, vous \u00eates invit\u00e9 \u00e0 consulter le document PDF\u00a0suivant\u00a0:\u00a0<a href=\"http:\/\/www.benoitboisverthypnotherapeute.com\/wp-content\/uploads\/2015\/07\/d_ou_vient_l_hypnose.pdf\" target=\"_blank\" rel=\"noopener noreferrer\">D&rsquo;o\u00f9 vient l&rsquo;hypnose?<\/a><\/p>\n<p style=\"text-align: left;\">Lecture sugg\u00e9r\u00e9e pour en savoir plus. <a href=\"http:\/\/www.franceinfo.fr\/emission\/c-etait-comment\/2015-2016\/l-hypnose-un-art-de-vivre-27-08-2015-19-55\" target=\"_blank\" rel=\"noopener noreferrer\">L&rsquo;hypnose un art de vivre<\/a><\/p>\n<p style=\"text-align: left;\">Suivez-moi sur <a href=\"https:\/\/www.facebook.com\/benoitboisverthypnotherapeute\/\" target=\"_blank\" rel=\"noopener noreferrer\">Facebook<\/a> et <a href=\"https:\/\/www.linkedin.com\/home?trk=nav_responsive_tab_home\" target=\"_blank\" rel=\"noopener noreferrer\">LinkedIn<\/a><\/p>\n<div class=\"fcbkbttn_buttons_block\" id=\"fcbkbttn_left\"><div class=\"fcbkbttn_like \"><fb:like href=\"https:\/\/www.consuljl.com\/developpement3\/430-2\/\" action=\"like\" colorscheme=\"light\" layout=\"button_count\"  size=\"small\"><\/fb:like><\/div><\/div>","protected":false},"excerpt":{"rendered":"<p>L&rsquo;hypnose : une m\u00e9decine\u00a0parall\u00e8le L&rsquo;hypnose\u00a0existe depuis tr\u00e8s longtemps et fait partie des\u00a0m\u00e9decines parall\u00e8les. Son but n\u2019est pas de gu\u00e9rir, mais plut\u00f4t de permettre, comme le dit si bien \u00c9mile Cou\u00e9, d\u2019am\u00e9liorer tout ce qui est possible pour le corps. L&rsquo;hypnose\u00a0est <span class=\"excerpt-dots\">&hellip;<\/span> <a class=\"more-link\" href=\"https:\/\/www.consuljl.com\/developpement3\/430-2\/\"><span class=\"more-msg\">Lire la suite &rarr;<\/span><\/a><\/p>\n","protected":false},"author":2,"featured_media":0,"parent":0,"menu_order":10,"comment_status":"closed","ping_status":"closed","template":"","meta":[],"yoast_head":"<!-- This site is optimized with the Yoast SEO plugin v20.10 - https:\/\/yoast.com\/wordpress\/plugins\/seo\/ -->\n<title>Qu&#039;est-ce que l&#039;hypnose? - Beno\u00eet Boisvert Hypnoth\u00e9rapeute<\/title>\n<meta name=\"description\" content=\"L&#039;hypnose existe depuis longtemps et fait partie des m\u00e9decines parall\u00e8les. Son but est d&#039;aider le corps \u00e0 am\u00e9liorer tout ce qui est possible par lui-m\u00eame.\" \/>\n<meta name=\"robots\" content=\"noindex, follow, max-snippet:-1, max-image-preview:large, max-video-preview:-1\" \/>\n<meta property=\"og:locale\" content=\"fr_FR\" \/>\n<meta property=\"og:type\" content=\"article\" \/>\n<meta property=\"og:title\" content=\"Qu&#039;est-ce que l&#039;hypnose? - Beno\u00eet Boisvert Hypnoth\u00e9rapeute\" \/>\n<meta property=\"og:description\" content=\"L&#039;hypnose existe depuis longtemps et fait partie des m\u00e9decines parall\u00e8les. Son but est d&#039;aider le corps \u00e0 am\u00e9liorer tout ce qui est possible par lui-m\u00eame.\" \/>\n<meta property=\"og:url\" content=\"https:\/\/www.consuljl.com\/developpement3\/430-2\/\" \/>\n<meta property=\"og:site_name\" content=\"Beno\u00eet Boisvert Hypnoth\u00e9rapeute\" \/>\n<meta property=\"article:publisher\" content=\"http:\/\/facebook.com\/benoitboisverthypnotherapeute\" \/>\n<meta property=\"article:modified_time\" content=\"2022-10-19T18:20:11+00:00\" \/>\n<meta name=\"twitter:card\" content=\"summary_large_image\" \/>\n<meta name=\"twitter:label1\" content=\"Dur\u00e9e de lecture estim\u00e9e\" \/>\n\t<meta name=\"twitter:data1\" content=\"2 minutes\" \/>\n<script type=\"application\/ld+json\" class=\"yoast-schema-graph\">{\"@context\":\"https:\/\/schema.org\",\"@graph\":[{\"@type\":\"WebPage\",\"@id\":\"https:\/\/www.consuljl.com\/developpement3\/430-2\/\",\"url\":\"https:\/\/www.consuljl.com\/developpement3\/430-2\/\",\"name\":\"Qu'est-ce que l'hypnose? - Beno\u00eet Boisvert Hypnoth\u00e9rapeute\",\"isPartOf\":{\"@id\":\"https:\/\/www.consuljl.com\/developpement3\/#website\"},\"datePublished\":\"2015-07-05T19:24:05+00:00\",\"dateModified\":\"2022-10-19T18:20:11+00:00\",\"description\":\"L'hypnose existe depuis longtemps et fait partie des m\u00e9decines parall\u00e8les. Son but est d'aider le corps \u00e0 am\u00e9liorer tout ce qui est possible par lui-m\u00eame.\",\"breadcrumb\":{\"@id\":\"https:\/\/www.consuljl.com\/developpement3\/430-2\/#breadcrumb\"},\"inLanguage\":\"fr-FR\",\"potentialAction\":[{\"@type\":\"ReadAction\",\"target\":[\"https:\/\/www.consuljl.com\/developpement3\/430-2\/\"]}]},{\"@type\":\"BreadcrumbList\",\"@id\":\"https:\/\/www.consuljl.com\/developpement3\/430-2\/#breadcrumb\",\"itemListElement\":[{\"@type\":\"ListItem\",\"position\":1,\"name\":\"Accueil\",\"item\":\"https:\/\/www.consuljl.com\/developpement3\/\"},{\"@type\":\"ListItem\",\"position\":2,\"name\":\"Qu&rsquo;est-ce que l&rsquo;hypnose?\"}]},{\"@type\":\"WebSite\",\"@id\":\"https:\/\/www.consuljl.com\/developpement3\/#website\",\"url\":\"https:\/\/www.consuljl.com\/developpement3\/\",\"name\":\"Beno\u00eet Boisvert Hypnoth\u00e9rapeute\",\"description\":\"R\u00e9v\u00e9lez la force de votre esprit par l&#039;hypnose\",\"potentialAction\":[{\"@type\":\"SearchAction\",\"target\":{\"@type\":\"EntryPoint\",\"urlTemplate\":\"https:\/\/www.consuljl.com\/developpement3\/?s={search_term_string}\"},\"query-input\":\"required name=search_term_string\"}],\"inLanguage\":\"fr-FR\"}]}<\/script>\n<!-- \/ Yoast SEO plugin. -->","yoast_head_json":{"title":"Qu'est-ce que l'hypnose? - Beno\u00eet Boisvert Hypnoth\u00e9rapeute","description":"L'hypnose existe depuis longtemps et fait partie des m\u00e9decines parall\u00e8les. Son but est d'aider le corps \u00e0 am\u00e9liorer tout ce qui est possible par lui-m\u00eame.","robots":{"index":"noindex","follow":"follow","max-snippet":"max-snippet:-1","max-image-preview":"max-image-preview:large","max-video-preview":"max-video-preview:-1"},"og_locale":"fr_FR","og_type":"article","og_title":"Qu'est-ce que l'hypnose? - Beno\u00eet Boisvert Hypnoth\u00e9rapeute","og_description":"L'hypnose existe depuis longtemps et fait partie des m\u00e9decines parall\u00e8les. Son but est d'aider le corps \u00e0 am\u00e9liorer tout ce qui est possible par lui-m\u00eame.","og_url":"https:\/\/www.consuljl.com\/developpement3\/430-2\/","og_site_name":"Beno\u00eet Boisvert Hypnoth\u00e9rapeute","article_publisher":"http:\/\/facebook.com\/benoitboisverthypnotherapeute","article_modified_time":"2022-10-19T18:20:11+00:00","twitter_card":"summary_large_image","twitter_misc":{"Dur\u00e9e de lecture estim\u00e9e":"2 minutes"},"schema":{"@context":"https:\/\/schema.org","@graph":[{"@type":"WebPage","@id":"https:\/\/www.consuljl.com\/developpement3\/430-2\/","url":"https:\/\/www.consuljl.com\/developpement3\/430-2\/","name":"Qu'est-ce que l'hypnose? - Beno\u00eet Boisvert Hypnoth\u00e9rapeute","isPartOf":{"@id":"https:\/\/www.consuljl.com\/developpement3\/#website"},"datePublished":"2015-07-05T19:24:05+00:00","dateModified":"2022-10-19T18:20:11+00:00","description":"L'hypnose existe depuis longtemps et fait partie des m\u00e9decines parall\u00e8les. Son but est d'aider le corps \u00e0 am\u00e9liorer tout ce qui est possible par lui-m\u00eame.","breadcrumb":{"@id":"https:\/\/www.consuljl.com\/developpement3\/430-2\/#breadcrumb"},"inLanguage":"fr-FR","potentialAction":[{"@type":"ReadAction","target":["https:\/\/www.consuljl.com\/developpement3\/430-2\/"]}]},{"@type":"BreadcrumbList","@id":"https:\/\/www.consuljl.com\/developpement3\/430-2\/#breadcrumb","itemListElement":[{"@type":"ListItem","position":1,"name":"Accueil","item":"https:\/\/www.consuljl.com\/developpement3\/"},{"@type":"ListItem","position":2,"name":"Qu&rsquo;est-ce que l&rsquo;hypnose?"}]},{"@type":"WebSite","@id":"https:\/\/www.consuljl.com\/developpement3\/#website","url":"https:\/\/www.consuljl.com\/developpement3\/","name":"Beno\u00eet Boisvert Hypnoth\u00e9rapeute","description":"R\u00e9v\u00e9lez la force de votre esprit par l&#039;hypnose","potentialAction":[{"@type":"SearchAction","target":{"@type":"EntryPoint","urlTemplate":"https:\/\/www.consuljl.com\/developpement3\/?s={search_term_string}"},"query-input":"required name=search_term_string"}],"inLanguage":"fr-FR"}]}},"_links":{"self":[{"href":"https:\/\/www.consuljl.com\/developpement3\/wp-json\/wp\/v2\/pages\/430"}],"collection":[{"href":"https:\/\/www.consuljl.com\/developpement3\/wp-json\/wp\/v2\/pages"}],"about":[{"href":"https:\/\/www.consuljl.com\/developpement3\/wp-json\/wp\/v2\/types\/page"}],"author":[{"embeddable":true,"href":"https:\/\/www.consuljl.com\/developpement3\/wp-json\/wp\/v2\/users\/2"}],"replies":[{"embeddable":true,"href":"https:\/\/www.consuljl.com\/developpement3\/wp-json\/wp\/v2\/comments?post=430"}],"version-history":[{"count":33,"href":"https:\/\/www.consuljl.com\/developpement3\/wp-json\/wp\/v2\/pages\/430\/revisions"}],"predecessor-version":[{"id":2295,"href":"https:\/\/www.consuljl.com\/developpement3\/wp-json\/wp\/v2\/pages\/430\/revisions\/2295"}],"wp:attachment":[{"href":"https:\/\/www.consuljl.com\/developpement3\/wp-json\/wp\/v2\/media?parent=430"}],"curies":[{"name":"wp","href":"https:\/\/api.w.org\/{rel}","templated":true}]}}