{"id":52,"date":"2015-06-06T10:55:06","date_gmt":"2015-06-06T14:55:06","guid":{"rendered":"http:\/\/127.0.0.1:8888\/BENOIT_BOISVERT-WORDPRESS-4_2_2\/?page_id=52"},"modified":"2022-10-19T14:53:54","modified_gmt":"2022-10-19T18:53:54","slug":"la-fibromyalgie-la-methode","status":"publish","type":"page","link":"https:\/\/www.consuljl.com\/developpement3\/services\/la-fibromyalgie-la-methode\/","title":{"rendered":"Fibromyalgie"},"content":{"rendered":"<div class=\"fcbkbttn_buttons_block\" id=\"fcbkbttn_left\"><div class=\"fcbkbttn_like \"><fb:like href=\"https:\/\/www.consuljl.com\/developpement3\/services\/la-fibromyalgie-la-methode\/\" action=\"like\" colorscheme=\"light\" layout=\"button_count\"  size=\"small\"><\/fb:like><\/div><\/div><h3 style=\"text-align: left;\">En avez-vous assez de ressentir les douleurs li\u00e9es \u00e0 la fibromyalgie?<\/h3>\n<h4 style=\"text-align: left;\"><strong><img decoding=\"async\" loading=\"lazy\" class=\"alignleft wp-image-697 size-full\" src=\"http:\/\/www.benoitboisverthypnotherapeute.com\/wp-content\/uploads\/2015\/07\/images-52.jpg\" alt=\"Fibromyalgie\" width=\"276\" height=\"183\" \/>Ma\u00eetrisez\u00a0vos douleurs en six semaines<\/strong> <strong>avec la m\u00e9thode OVSU.<\/strong><\/h4>\n<p style=\"text-align: left;\">La\u00a0m\u00e9thode OVSU (OV = \u0153uf, SU = savoir, connaissance) est ax\u00e9e sur la reconnaissance des outils int\u00e9rieurs de chaque individu. Ces ressources peuvent se r\u00e9activer et participer \u00e0 la r\u00e9solution de probl\u00e8mes, dont\u00a0la\u00a0<strong>fibromyalgie<\/strong>.<\/p>\n<h4 style=\"text-align: left;\"><strong>C\u2019est une m\u00e9thode simple dont les effets sont ressentis rapidement.<\/strong><\/h4>\n<p style=\"text-align: left;\"><strong>La m\u00e9thode OVSU est enseign\u00e9e surtout\u00a0en groupe<\/strong>, mais chacun des participants y acquiert une exp\u00e9rience personnelle. Les rencontres ont lieu une fois par semaine sur une p\u00e9riode de six semaines.<\/p>\n<h3 style=\"text-align: left;\">Strat\u00e9gies utilis\u00e9es<\/h3>\n<p style=\"text-align: left;\">Les moyens mis en \u0153uvre comprennent des trucs, des strat\u00e9gies et des suggestions hypnoth\u00e9rapeutiques\u00a0<strong>favorisant l\u2019ouverture de la conscience sur la ma\u00eetrise\u00a0de la douleur caus\u00e9e par la\u00a0fibromyalgie.\u00a0<\/strong><\/p>\n<h4 style=\"text-align: left;\"><strong><img decoding=\"async\" loading=\"lazy\" class=\"alignright wp-image-698 size-full\" src=\"http:\/\/www.benoitboisverthypnotherapeute.com\/wp-content\/uploads\/2015\/07\/t\u00e9l\u00e9chargement-23.jpg\" alt=\"fibromyalgie\" width=\"275\" height=\"183\" \/>L&rsquo;hypnose vous aide \u00e0 prendre en charge le soulagement\u00a0de votre douleur.<\/strong><\/h4>\n<p style=\"text-align: left;\">Ceci demande un certain\u00a0effort de votre part, car il faudra que vous exp\u00e9rimentiez les techniques et strat\u00e9gies sugg\u00e9r\u00e9es lors des rencontres.<\/p>\n<p style=\"text-align: left;\">Sans votre investissement, rien n&rsquo;est possible.<\/p>\n<p>Un bon nombre de personnes sont aux prises avec des <strong>douleurs chroniques<\/strong>, parfois depuis tr\u00e8s longtemps. Souvent, des ann\u00e9es de souffrance pr\u00e9c\u00e8dent un diagnostic.<\/p>\n<p>Heureusement, il arrive que\u00a0la douleur ne soit\u00a0que passag\u00e8re.<\/p>\n<p style=\"text-align: left;\"><strong>Le traitement de la douleur par l&rsquo;hypnose<\/strong> existe depuis tr\u00e8s longtemps et est de plus en plus utilis\u00e9 de nos jours pour le soulagement de la <strong>fibromyalgie<\/strong>.<\/p>\n<p style=\"text-align: left;\">Avant m\u00eame la venue de la morphine dans le milieu m\u00e9dical, on soulageait les soldats bless\u00e9s sur les champs de bataille en les hypnotisant pour aider \u00e0 r\u00e9duire leur douleur.<\/p>\n<p style=\"text-align: left;\"><img decoding=\"async\" loading=\"lazy\" class=\"alignright wp-image-707 size-full\" src=\"http:\/\/www.benoitboisverthypnotherapeute.com\/wp-content\/uploads\/2015\/07\/images-53.jpg\" alt=\"Fibromyalgie\" width=\"275\" height=\"183\" \/>Il est essentiel de laisser \u00e0 la douleur sa valeur de \u00ab\u00a0signal\u00a0\u00bb afin que vous ne vous blessiez pas et que la douleur li\u00e9e \u00e0 l&rsquo;apparition\u00a0de nouveaux sympt\u00f4mes ou \u00e0 l&rsquo;aggravation de votre \u00e9tat soit per\u00e7ue et signal\u00e9e.<\/p>\n<h4 style=\"text-align: left;\"><strong>Tout diagnostic m\u00e9dical appartient \u00e0 votre m\u00e9decin.<\/strong><\/h4>\n<p>Vous \u00eates invit\u00e9 \u00e0 suivre Beno\u00eet Boisvert, hypnoth\u00e9rapeute sur <a href=\"https:\/\/www.facebook.com\/benoitboisverthypnotherapeute?ref=hl\" target=\"_blank\" rel=\"noopener noreferrer\"><u><span style=\"color: #0066cc;\">Facebook<\/span><\/u><\/a> et <a href=\"https:\/\/www.linkedin.com\/profile\/view?id=AAIAABgE5V8BnbhfR7imAaVMcm2YTi4vM3drj6s&amp;trk=nav_responsive_tab_profile_pic\" target=\"_blank\" rel=\"noopener noreferrer\"><u><span style=\"color: #0066cc;\">LinkedIn<\/span><\/u><\/a>.<\/p>\n<hr \/>\n<h3 style=\"text-align: left;\">T\u00e9moignages<\/h3>\n<p style=\"text-align: left;\">\u00ab\u00a0Je souffrais de<strong> fibromyalgie<\/strong> depuis plusieurs ann\u00e9es et apr\u00e8s seulement trois\u00a0rencontres en hypnose, j&rsquo;arrive \u00e0 ma\u00eetriser\u00a0ma douleur. Je peux enfin profiter de la vie et faire des activit\u00e9s avec mes petits-enfants.\u00a0Merci Beno\u00eet.\u00a0\u00bb<\/p>\n<p style=\"text-align: left;\">\u2014 Manon, 53 ans<\/p>\n<p style=\"text-align: left;\">\u00ab\u00a0Ca faisait des ann\u00e9e que je souffrais le martyre et lorsque je suis venu en hypnose tout est parti plus rien pendant des heures. Je peux enfin vivre ma vie et recommencer \u00e0 sortir un peu. Merci monsieur Boisvert\u00a0\u00bb<\/p>\n<p style=\"text-align: left;\">&#8211; Carmen, 67 ans<\/p>\n<p style=\"text-align: left;\">\u00ab Depuis 13 ans que je suis contamment en douleur et rien n&rsquo;y fait. Je travaille comme chauffeur et je suis constamment assis. J&rsquo;ai d\u00e9velopp\u00e9 des douleurs au dos et les m\u00e9dicaments ne font plus effet. J&rsquo;ai esssay\u00e9 la CBD mais rien du tout pas d&rsquo;effet sur moi. Ensuite, je vous ai trouv\u00e9. D\u00e9j\u00e0 \u00e0 la premi\u00e8re s\u00e9ance je ne sentais plus de douleur. J&rsquo;avais peur de bouger. Merci de m&rsquo;avoir permis de rester et de profiter un peu de votre fauteuil. Je n&rsquo;oublirai jamais ce moment. Merci M. Boisvert<\/p>\n<p style=\"text-align: left;\">&#8211; Yayoul, 55 ans<\/p>\n<p style=\"text-align: left;\">\n<div class=\"fcbkbttn_buttons_block\" id=\"fcbkbttn_left\"><div class=\"fcbkbttn_like \"><fb:like href=\"https:\/\/www.consuljl.com\/developpement3\/services\/la-fibromyalgie-la-methode\/\" action=\"like\" colorscheme=\"light\" layout=\"button_count\"  size=\"small\"><\/fb:like><\/div><\/div>","protected":false},"excerpt":{"rendered":"<p>En avez-vous assez de ressentir les douleurs li\u00e9es \u00e0 la fibromyalgie? Ma\u00eetrisez\u00a0vos douleurs en six semaines avec la m\u00e9thode OVSU. La\u00a0m\u00e9thode OVSU (OV = \u0153uf, SU = savoir, connaissance) est ax\u00e9e sur la reconnaissance des outils int\u00e9rieurs de chaque individu. <span class=\"excerpt-dots\">&hellip;<\/span> <a class=\"more-link\" href=\"https:\/\/www.consuljl.com\/developpement3\/services\/la-fibromyalgie-la-methode\/\"><span class=\"more-msg\">Lire la suite &rarr;<\/span><\/a><\/p>\n","protected":false},"author":2,"featured_media":0,"parent":27,"menu_order":40,"comment_status":"closed","ping_status":"closed","template":"","meta":[],"yoast_head":"<!-- This site is optimized with the Yoast SEO plugin v20.10 - https:\/\/yoast.com\/wordpress\/plugins\/seo\/ -->\n<title>Fibromyalgie - Beno\u00eet Boisvert Hypnoth\u00e9rapeute<\/title>\n<meta name=\"description\" content=\"Vous souffrez de fibromyalgie? Ma\u00eetrisez vos douleurs en six semaines. Les effets positifs se font sentir rapidement. \u00c0 vous de jouer!\" \/>\n<meta name=\"robots\" content=\"noindex, follow, max-snippet:-1, max-image-preview:large, max-video-preview:-1\" \/>\n<meta property=\"og:locale\" content=\"fr_FR\" \/>\n<meta property=\"og:type\" content=\"article\" \/>\n<meta property=\"og:title\" content=\"Fibromyalgie - Beno\u00eet Boisvert Hypnoth\u00e9rapeute\" \/>\n<meta property=\"og:description\" content=\"Vous souffrez de fibromyalgie? Ma\u00eetrisez vos douleurs en six semaines. Les effets positifs se font sentir rapidement. \u00c0 vous de jouer!\" \/>\n<meta property=\"og:url\" content=\"https:\/\/www.consuljl.com\/developpement3\/services\/la-fibromyalgie-la-methode\/\" \/>\n<meta property=\"og:site_name\" content=\"Beno\u00eet Boisvert Hypnoth\u00e9rapeute\" \/>\n<meta property=\"article:publisher\" content=\"http:\/\/facebook.com\/benoitboisverthypnotherapeute\" \/>\n<meta property=\"article:modified_time\" content=\"2022-10-19T18:53:54+00:00\" \/>\n<meta property=\"og:image\" content=\"http:\/\/www.benoitboisverthypnotherapeute.com\/wp-content\/uploads\/2015\/07\/images-52.jpg\" \/>\n<meta name=\"twitter:card\" content=\"summary_large_image\" \/>\n<meta name=\"twitter:label1\" content=\"Dur\u00e9e de lecture estim\u00e9e\" \/>\n\t<meta name=\"twitter:data1\" content=\"3 minutes\" \/>\n<script type=\"application\/ld+json\" class=\"yoast-schema-graph\">{\"@context\":\"https:\/\/schema.org\",\"@graph\":[{\"@type\":\"WebPage\",\"@id\":\"https:\/\/www.consuljl.com\/developpement3\/services\/la-fibromyalgie-la-methode\/\",\"url\":\"https:\/\/www.consuljl.com\/developpement3\/services\/la-fibromyalgie-la-methode\/\",\"name\":\"Fibromyalgie - Beno\u00eet Boisvert Hypnoth\u00e9rapeute\",\"isPartOf\":{\"@id\":\"https:\/\/www.consuljl.com\/developpement3\/#website\"},\"datePublished\":\"2015-06-06T14:55:06+00:00\",\"dateModified\":\"2022-10-19T18:53:54+00:00\",\"description\":\"Vous souffrez de fibromyalgie? Ma\u00eetrisez vos douleurs en six semaines. Les effets positifs se font sentir rapidement. \u00c0 vous de jouer!\",\"breadcrumb\":{\"@id\":\"https:\/\/www.consuljl.com\/developpement3\/services\/la-fibromyalgie-la-methode\/#breadcrumb\"},\"inLanguage\":\"fr-FR\",\"potentialAction\":[{\"@type\":\"ReadAction\",\"target\":[\"https:\/\/www.consuljl.com\/developpement3\/services\/la-fibromyalgie-la-methode\/\"]}]},{\"@type\":\"BreadcrumbList\",\"@id\":\"https:\/\/www.consuljl.com\/developpement3\/services\/la-fibromyalgie-la-methode\/#breadcrumb\",\"itemListElement\":[{\"@type\":\"ListItem\",\"position\":1,\"name\":\"Accueil\",\"item\":\"https:\/\/www.consuljl.com\/developpement3\/\"},{\"@type\":\"ListItem\",\"position\":2,\"name\":\"Services\",\"item\":\"https:\/\/www.consuljl.com\/developpement3\/services\/\"},{\"@type\":\"ListItem\",\"position\":3,\"name\":\"Fibromyalgie\"}]},{\"@type\":\"WebSite\",\"@id\":\"https:\/\/www.consuljl.com\/developpement3\/#website\",\"url\":\"https:\/\/www.consuljl.com\/developpement3\/\",\"name\":\"Beno\u00eet Boisvert Hypnoth\u00e9rapeute\",\"description\":\"R\u00e9v\u00e9lez la force de votre esprit par l&#039;hypnose\",\"potentialAction\":[{\"@type\":\"SearchAction\",\"target\":{\"@type\":\"EntryPoint\",\"urlTemplate\":\"https:\/\/www.consuljl.com\/developpement3\/?s={search_term_string}\"},\"query-input\":\"required name=search_term_string\"}],\"inLanguage\":\"fr-FR\"}]}<\/script>\n<!-- \/ Yoast SEO plugin. -->","yoast_head_json":{"title":"Fibromyalgie - Beno\u00eet Boisvert Hypnoth\u00e9rapeute","description":"Vous souffrez de fibromyalgie? Ma\u00eetrisez vos douleurs en six semaines. Les effets positifs se font sentir rapidement. \u00c0 vous de jouer!","robots":{"index":"noindex","follow":"follow","max-snippet":"max-snippet:-1","max-image-preview":"max-image-preview:large","max-video-preview":"max-video-preview:-1"},"og_locale":"fr_FR","og_type":"article","og_title":"Fibromyalgie - Beno\u00eet Boisvert Hypnoth\u00e9rapeute","og_description":"Vous souffrez de fibromyalgie? Ma\u00eetrisez vos douleurs en six semaines. Les effets positifs se font sentir rapidement. \u00c0 vous de jouer!","og_url":"https:\/\/www.consuljl.com\/developpement3\/services\/la-fibromyalgie-la-methode\/","og_site_name":"Beno\u00eet Boisvert Hypnoth\u00e9rapeute","article_publisher":"http:\/\/facebook.com\/benoitboisverthypnotherapeute","article_modified_time":"2022-10-19T18:53:54+00:00","og_image":[{"url":"http:\/\/www.benoitboisverthypnotherapeute.com\/wp-content\/uploads\/2015\/07\/images-52.jpg"}],"twitter_card":"summary_large_image","twitter_misc":{"Dur\u00e9e de lecture estim\u00e9e":"3 minutes"},"schema":{"@context":"https:\/\/schema.org","@graph":[{"@type":"WebPage","@id":"https:\/\/www.consuljl.com\/developpement3\/services\/la-fibromyalgie-la-methode\/","url":"https:\/\/www.consuljl.com\/developpement3\/services\/la-fibromyalgie-la-methode\/","name":"Fibromyalgie - Beno\u00eet Boisvert Hypnoth\u00e9rapeute","isPartOf":{"@id":"https:\/\/www.consuljl.com\/developpement3\/#website"},"datePublished":"2015-06-06T14:55:06+00:00","dateModified":"2022-10-19T18:53:54+00:00","description":"Vous souffrez de fibromyalgie? Ma\u00eetrisez vos douleurs en six semaines. Les effets positifs se font sentir rapidement. \u00c0 vous de jouer!","breadcrumb":{"@id":"https:\/\/www.consuljl.com\/developpement3\/services\/la-fibromyalgie-la-methode\/#breadcrumb"},"inLanguage":"fr-FR","potentialAction":[{"@type":"ReadAction","target":["https:\/\/www.consuljl.com\/developpement3\/services\/la-fibromyalgie-la-methode\/"]}]},{"@type":"BreadcrumbList","@id":"https:\/\/www.consuljl.com\/developpement3\/services\/la-fibromyalgie-la-methode\/#breadcrumb","itemListElement":[{"@type":"ListItem","position":1,"name":"Accueil","item":"https:\/\/www.consuljl.com\/developpement3\/"},{"@type":"ListItem","position":2,"name":"Services","item":"https:\/\/www.consuljl.com\/developpement3\/services\/"},{"@type":"ListItem","position":3,"name":"Fibromyalgie"}]},{"@type":"WebSite","@id":"https:\/\/www.consuljl.com\/developpement3\/#website","url":"https:\/\/www.consuljl.com\/developpement3\/","name":"Beno\u00eet Boisvert Hypnoth\u00e9rapeute","description":"R\u00e9v\u00e9lez la force de votre esprit par l&#039;hypnose","potentialAction":[{"@type":"SearchAction","target":{"@type":"EntryPoint","urlTemplate":"https:\/\/www.consuljl.com\/developpement3\/?s={search_term_string}"},"query-input":"required name=search_term_string"}],"inLanguage":"fr-FR"}]}},"_links":{"self":[{"href":"https:\/\/www.consuljl.com\/developpement3\/wp-json\/wp\/v2\/pages\/52"}],"collection":[{"href":"https:\/\/www.consuljl.com\/developpement3\/wp-json\/wp\/v2\/pages"}],"about":[{"href":"https:\/\/www.consuljl.com\/developpement3\/wp-json\/wp\/v2\/types\/page"}],"author":[{"embeddable":true,"href":"https:\/\/www.consuljl.com\/developpement3\/wp-json\/wp\/v2\/users\/2"}],"replies":[{"embeddable":true,"href":"https:\/\/www.consuljl.com\/developpement3\/wp-json\/wp\/v2\/comments?post=52"}],"version-history":[{"count":28,"href":"https:\/\/www.consuljl.com\/developpement3\/wp-json\/wp\/v2\/pages\/52\/revisions"}],"predecessor-version":[{"id":2308,"href":"https:\/\/www.consuljl.com\/developpement3\/wp-json\/wp\/v2\/pages\/52\/revisions\/2308"}],"up":[{"embeddable":true,"href":"https:\/\/www.consuljl.com\/developpement3\/wp-json\/wp\/v2\/pages\/27"}],"wp:attachment":[{"href":"https:\/\/www.consuljl.com\/developpement3\/wp-json\/wp\/v2\/media?parent=52"}],"curies":[{"name":"wp","href":"https:\/\/api.w.org\/{rel}","templated":true}]}}