{"id":55,"date":"2015-06-06T10:58:18","date_gmt":"2015-06-06T14:58:18","guid":{"rendered":"http:\/\/127.0.0.1:8888\/BENOIT_BOISVERT-WORDPRESS-4_2_2\/?page_id=55"},"modified":"2015-09-01T12:15:23","modified_gmt":"2015-09-01T16:15:23","slug":"hypno-stress","status":"publish","type":"page","link":"https:\/\/www.consuljl.com\/developpement3\/services\/hypno-stress\/","title":{"rendered":"Hypno stress"},"content":{"rendered":"<div class=\"fcbkbttn_buttons_block\" id=\"fcbkbttn_left\"><div class=\"fcbkbttn_like \"><fb:like href=\"https:\/\/www.consuljl.com\/developpement3\/services\/hypno-stress\/\" action=\"like\" colorscheme=\"light\" layout=\"button_count\"  size=\"small\"><\/fb:like><\/div><\/div><h3><strong>La gestion du stress : l&rsquo;hypnose s&rsquo;en occupe<\/strong><\/h3>\n<p style=\"text-align: left;\"><strong><img decoding=\"async\" loading=\"lazy\" class=\"alignleft wp-image-732 size-full\" src=\"http:\/\/www.benoitboisverthypnotherapeute.com\/wp-content\/uploads\/2015\/07\/t\u00e9l\u00e9chargement-26.jpg\" alt=\"Hypno stress\" width=\"245\" height=\"206\" \/>La\u00a0gestion du stress\u00a0est enseign\u00e9e surtout\u00a0en groupe<\/strong>, mais chacun des participants y acquiert une exp\u00e9rience personnelle.<\/p>\n<p style=\"text-align: left;\">Les rencontres ont lieu une fois par semaine sur une p\u00e9riode de\u00a0quatre semaines.<\/p>\n<p style=\"text-align: left;\">Vous pouvez bien s\u00fbr exp\u00e9rimenter la gestion du stress <strong>individuellement,<\/strong>\u00a0au bureau de l&rsquo;hypnoth\u00e9rapeute.<\/p>\n<p style=\"text-align: left;\">Lors des consultations, vous serez invit\u00e9 \u00e0 vous laisser aller \u00e0 la d\u00e9tente et \u00e0 la relaxation profonde, comme vous en avez le go\u00fbt et le besoin \u00e0 ce\u00a0moment.<\/p>\n<p style=\"text-align: left;\">Entre les rencontres, il est fortement sugg\u00e9r\u00e9 d&rsquo;utiliser les techniques et strat\u00e9gies\u00a0enseign\u00e9es lors des s\u00e9ances d&rsquo;hypnose et d&rsquo;\u00e9couter des enregistrements\u00a0audio afin de vous soutenir.\u00a0N&rsquo;oubliez pas d&rsquo;apporter votre lecteur\u00a0MP3\u00a0ou votre cellulaire pour enregistrer les s\u00e9ances.\u00a0<strong>L&rsquo;atteinte de votre objectif en d\u00e9pend.<\/strong><\/p>\n<h3 style=\"text-align: left;\">B\u00e9n\u00e9fices<\/h3>\n<p style=\"text-align: left;\">Nous pourrons travailler ensemble \u00e0 ma\u00eetriser\u00a0votre <strong>stress <\/strong>ou\u00a0vos peurs, comme celles des\u00a0voyages en\u00a0avion, des visites\u00a0chez le dentiste ou des couleuvres, notamment.<\/p>\n<p style=\"text-align: left;\"><img decoding=\"async\" loading=\"lazy\" class=\"alignright wp-image-688 size-full\" src=\"http:\/\/www.benoitboisverthypnotherapeute.com\/wp-content\/uploads\/2015\/07\/images-50.jpg\" alt=\"Hypno stress\" width=\"259\" height=\"194\" \/>Nous am\u00e9liorerons aussi,\u00a0entre autres, la confiance en soi, l&rsquo;estime de soi et l&rsquo;efficacit\u00e9 (au travail ou \u00e0 l&rsquo;\u00e9cole).<\/p>\n<p style=\"text-align: left;\">Gr\u00e2ce \u00e0 l&rsquo;hypnose :<\/p>\n<ul>\n<li style=\"text-align: left;\">Apprenez \u00e0 vous d\u00e9tendre rapidement<\/li>\n<li style=\"text-align: left;\">Ma\u00eetrisez\u00a0votre vie, votre \u00ab stress \u00bb (autonomisation ou\u00a0<em>empowerment<\/em>)<\/li>\n<li style=\"text-align: left;\">Am\u00e9liorez votre performance<\/li>\n<li style=\"text-align: left;\">Etc.<\/li>\n<\/ul>\n<p style=\"text-align: left;\">Vous \u00eates invit\u00e9 \u00e0 suivre Beno\u00eet Boisvert, hypnoth\u00e9rapeute, sur <a href=\"https:\/\/www.facebook.com\/benoitboisverthypnotherapeute?ref=hl\" target=\"_blank\"><u>Facebook<\/u><\/a> et <a href=\"https:\/\/www.linkedin.com\/profile\/view?id=AAIAABgE5V8BnbhfR7imAaVMcm2YTi4vM3drj6s&amp;trk=nav_responsive_tab_profile_pic\" target=\"_blank\"><u>LinkedIn<\/u><\/a>.<\/p>\n<p><span class=\"goog-text-highlight\">Donn\u00e9es de recherches :\u00a0<a href=\"http:\/\/www.hypnose.fr\/actualites-hypnose-et-troubles-du-sommeil-chez-enfant\/\" target=\"_blank\">L&rsquo;hypnose dans le traitement des troubles du sommeil chez les enfants.<\/a><\/span><\/p>\n<hr \/>\n<h3 style=\"text-align: left;\"><strong>D\u00e9roulement d&rsquo;une rencontre de groupe (environ 2 h)<\/strong><\/h3>\n<p style=\"text-align: left;\"><strong>Pr\u00e9sentation et exp\u00e9rimentation<\/strong> de techniques de d\u00e9tente, de relaxation et d\u2019autohypnose\u00a0:<\/p>\n<ul style=\"text-align: left;\">\n<li>Simples<\/li>\n<li>Rapides<\/li>\n<li>Efficaces<\/li>\n<li>Totalement transf\u00e9rables dans toutes les sph\u00e8res de votre vie<\/li>\n<li>Utilisables de fa\u00e7on autonome<\/li>\n<\/ul>\n<h4 style=\"text-align: left;\">Effets durables :<\/h4>\n<ul style=\"text-align: left;\">\n<li><a href=\"http:\/\/www.benoitboisverthypnotherapeute.com\/wp-content\/uploads\/2015\/07\/images-201.jpg\"><img decoding=\"async\" loading=\"lazy\" class=\"alignright size-full wp-image-708\" src=\"http:\/\/www.benoitboisverthypnotherapeute.com\/wp-content\/uploads\/2015\/07\/images-201.jpg\" alt=\"femme d\u00e9tendue\" width=\"213\" height=\"237\" \/><\/a>Diminution et contr\u00f4le du <strong>stress<\/strong><\/li>\n<li>Am\u00e9lioration de la performance (professionnelle, scolaire, personnelle, sexuelle&#8230;)<\/li>\n<li>Etc.<\/li>\n<\/ul>\n<p style=\"text-align: left;\"><strong>Les rencontres se terminent par un retour sur l\u2019exp\u00e9rimentation \u00e0 l&rsquo;aide d&rsquo;un\u00a0questionnement\u00a0r\u00e9flexif.<\/strong><\/p>\n<div class=\"fcbkbttn_buttons_block\" id=\"fcbkbttn_left\"><div class=\"fcbkbttn_like \"><fb:like href=\"https:\/\/www.consuljl.com\/developpement3\/services\/hypno-stress\/\" action=\"like\" colorscheme=\"light\" layout=\"button_count\"  size=\"small\"><\/fb:like><\/div><\/div>","protected":false},"excerpt":{"rendered":"<p>La gestion du stress : l&rsquo;hypnose s&rsquo;en occupe La\u00a0gestion du stress\u00a0est enseign\u00e9e surtout\u00a0en groupe, mais chacun des participants y acquiert une exp\u00e9rience personnelle. Les rencontres ont lieu une fois par semaine sur une p\u00e9riode de\u00a0quatre semaines. Vous pouvez bien s\u00fbr <span class=\"excerpt-dots\">&hellip;<\/span> <a class=\"more-link\" href=\"https:\/\/www.consuljl.com\/developpement3\/services\/hypno-stress\/\"><span class=\"more-msg\">Lire la suite &rarr;<\/span><\/a><\/p>\n","protected":false},"author":2,"featured_media":0,"parent":27,"menu_order":60,"comment_status":"closed","ping_status":"closed","template":"","meta":[],"yoast_head":"<!-- This site is optimized with the Yoast SEO plugin v20.10 - https:\/\/yoast.com\/wordpress\/plugins\/seo\/ -->\n<title>Hypno stress - Beno\u00eet Boisvert Hypnoth\u00e9rapeute<\/title>\n<meta name=\"description\" content=\"Hypno stress \u2014 La gestion du stress : l&#039;hypnose s&#039;en occupe. Apprenez \u00e0 vous d\u00e9tendre rapidement. Ma\u00eetrisez votre stress et am\u00e9liorez votre performance.\" \/>\n<meta name=\"robots\" content=\"noindex, follow, max-snippet:-1, max-image-preview:large, max-video-preview:-1\" \/>\n<meta property=\"og:locale\" content=\"fr_FR\" \/>\n<meta property=\"og:type\" content=\"article\" \/>\n<meta property=\"og:title\" content=\"Hypno stress - Beno\u00eet Boisvert Hypnoth\u00e9rapeute\" \/>\n<meta property=\"og:description\" content=\"Hypno stress \u2014 La gestion du stress : l&#039;hypnose s&#039;en occupe. Apprenez \u00e0 vous d\u00e9tendre rapidement. Ma\u00eetrisez votre stress et am\u00e9liorez votre performance.\" \/>\n<meta property=\"og:url\" content=\"https:\/\/www.consuljl.com\/developpement3\/services\/hypno-stress\/\" \/>\n<meta property=\"og:site_name\" content=\"Beno\u00eet Boisvert Hypnoth\u00e9rapeute\" \/>\n<meta property=\"article:publisher\" content=\"http:\/\/facebook.com\/benoitboisverthypnotherapeute\" \/>\n<meta property=\"article:modified_time\" content=\"2015-09-01T16:15:23+00:00\" \/>\n<meta property=\"og:image\" content=\"http:\/\/www.benoitboisverthypnotherapeute.com\/wp-content\/uploads\/2015\/07\/images-50.jpg\" \/>\n<meta name=\"twitter:card\" content=\"summary_large_image\" \/>\n<meta name=\"twitter:label1\" content=\"Dur\u00e9e de lecture estim\u00e9e\" \/>\n\t<meta name=\"twitter:data1\" content=\"2 minutes\" \/>\n<script type=\"application\/ld+json\" class=\"yoast-schema-graph\">{\"@context\":\"https:\/\/schema.org\",\"@graph\":[{\"@type\":\"WebPage\",\"@id\":\"https:\/\/www.consuljl.com\/developpement3\/services\/hypno-stress\/\",\"url\":\"https:\/\/www.consuljl.com\/developpement3\/services\/hypno-stress\/\",\"name\":\"Hypno stress - Beno\u00eet Boisvert Hypnoth\u00e9rapeute\",\"isPartOf\":{\"@id\":\"https:\/\/www.consuljl.com\/developpement3\/#website\"},\"datePublished\":\"2015-06-06T14:58:18+00:00\",\"dateModified\":\"2015-09-01T16:15:23+00:00\",\"description\":\"Hypno stress \u2014 La gestion du stress : l'hypnose s'en occupe. Apprenez \u00e0 vous d\u00e9tendre rapidement. Ma\u00eetrisez votre stress et am\u00e9liorez votre performance.\",\"breadcrumb\":{\"@id\":\"https:\/\/www.consuljl.com\/developpement3\/services\/hypno-stress\/#breadcrumb\"},\"inLanguage\":\"fr-FR\",\"potentialAction\":[{\"@type\":\"ReadAction\",\"target\":[\"https:\/\/www.consuljl.com\/developpement3\/services\/hypno-stress\/\"]}]},{\"@type\":\"BreadcrumbList\",\"@id\":\"https:\/\/www.consuljl.com\/developpement3\/services\/hypno-stress\/#breadcrumb\",\"itemListElement\":[{\"@type\":\"ListItem\",\"position\":1,\"name\":\"Accueil\",\"item\":\"https:\/\/www.consuljl.com\/developpement3\/\"},{\"@type\":\"ListItem\",\"position\":2,\"name\":\"Services\",\"item\":\"https:\/\/www.consuljl.com\/developpement3\/services\/\"},{\"@type\":\"ListItem\",\"position\":3,\"name\":\"Hypno stress\"}]},{\"@type\":\"WebSite\",\"@id\":\"https:\/\/www.consuljl.com\/developpement3\/#website\",\"url\":\"https:\/\/www.consuljl.com\/developpement3\/\",\"name\":\"Beno\u00eet Boisvert Hypnoth\u00e9rapeute\",\"description\":\"R\u00e9v\u00e9lez la force de votre esprit par l&#039;hypnose\",\"potentialAction\":[{\"@type\":\"SearchAction\",\"target\":{\"@type\":\"EntryPoint\",\"urlTemplate\":\"https:\/\/www.consuljl.com\/developpement3\/?s={search_term_string}\"},\"query-input\":\"required name=search_term_string\"}],\"inLanguage\":\"fr-FR\"}]}<\/script>\n<!-- \/ Yoast SEO plugin. -->","yoast_head_json":{"title":"Hypno stress - Beno\u00eet Boisvert Hypnoth\u00e9rapeute","description":"Hypno stress \u2014 La gestion du stress : l'hypnose s'en occupe. Apprenez \u00e0 vous d\u00e9tendre rapidement. Ma\u00eetrisez votre stress et am\u00e9liorez votre performance.","robots":{"index":"noindex","follow":"follow","max-snippet":"max-snippet:-1","max-image-preview":"max-image-preview:large","max-video-preview":"max-video-preview:-1"},"og_locale":"fr_FR","og_type":"article","og_title":"Hypno stress - Beno\u00eet Boisvert Hypnoth\u00e9rapeute","og_description":"Hypno stress \u2014 La gestion du stress : l'hypnose s'en occupe. Apprenez \u00e0 vous d\u00e9tendre rapidement. Ma\u00eetrisez votre stress et am\u00e9liorez votre performance.","og_url":"https:\/\/www.consuljl.com\/developpement3\/services\/hypno-stress\/","og_site_name":"Beno\u00eet Boisvert Hypnoth\u00e9rapeute","article_publisher":"http:\/\/facebook.com\/benoitboisverthypnotherapeute","article_modified_time":"2015-09-01T16:15:23+00:00","og_image":[{"url":"http:\/\/www.benoitboisverthypnotherapeute.com\/wp-content\/uploads\/2015\/07\/images-50.jpg"}],"twitter_card":"summary_large_image","twitter_misc":{"Dur\u00e9e de lecture estim\u00e9e":"2 minutes"},"schema":{"@context":"https:\/\/schema.org","@graph":[{"@type":"WebPage","@id":"https:\/\/www.consuljl.com\/developpement3\/services\/hypno-stress\/","url":"https:\/\/www.consuljl.com\/developpement3\/services\/hypno-stress\/","name":"Hypno stress - Beno\u00eet Boisvert Hypnoth\u00e9rapeute","isPartOf":{"@id":"https:\/\/www.consuljl.com\/developpement3\/#website"},"datePublished":"2015-06-06T14:58:18+00:00","dateModified":"2015-09-01T16:15:23+00:00","description":"Hypno stress \u2014 La gestion du stress : l'hypnose s'en occupe. Apprenez \u00e0 vous d\u00e9tendre rapidement. Ma\u00eetrisez votre stress et am\u00e9liorez votre performance.","breadcrumb":{"@id":"https:\/\/www.consuljl.com\/developpement3\/services\/hypno-stress\/#breadcrumb"},"inLanguage":"fr-FR","potentialAction":[{"@type":"ReadAction","target":["https:\/\/www.consuljl.com\/developpement3\/services\/hypno-stress\/"]}]},{"@type":"BreadcrumbList","@id":"https:\/\/www.consuljl.com\/developpement3\/services\/hypno-stress\/#breadcrumb","itemListElement":[{"@type":"ListItem","position":1,"name":"Accueil","item":"https:\/\/www.consuljl.com\/developpement3\/"},{"@type":"ListItem","position":2,"name":"Services","item":"https:\/\/www.consuljl.com\/developpement3\/services\/"},{"@type":"ListItem","position":3,"name":"Hypno stress"}]},{"@type":"WebSite","@id":"https:\/\/www.consuljl.com\/developpement3\/#website","url":"https:\/\/www.consuljl.com\/developpement3\/","name":"Beno\u00eet Boisvert Hypnoth\u00e9rapeute","description":"R\u00e9v\u00e9lez la force de votre esprit par l&#039;hypnose","potentialAction":[{"@type":"SearchAction","target":{"@type":"EntryPoint","urlTemplate":"https:\/\/www.consuljl.com\/developpement3\/?s={search_term_string}"},"query-input":"required name=search_term_string"}],"inLanguage":"fr-FR"}]}},"_links":{"self":[{"href":"https:\/\/www.consuljl.com\/developpement3\/wp-json\/wp\/v2\/pages\/55"}],"collection":[{"href":"https:\/\/www.consuljl.com\/developpement3\/wp-json\/wp\/v2\/pages"}],"about":[{"href":"https:\/\/www.consuljl.com\/developpement3\/wp-json\/wp\/v2\/types\/page"}],"author":[{"embeddable":true,"href":"https:\/\/www.consuljl.com\/developpement3\/wp-json\/wp\/v2\/users\/2"}],"replies":[{"embeddable":true,"href":"https:\/\/www.consuljl.com\/developpement3\/wp-json\/wp\/v2\/comments?post=55"}],"version-history":[{"count":29,"href":"https:\/\/www.consuljl.com\/developpement3\/wp-json\/wp\/v2\/pages\/55\/revisions"}],"predecessor-version":[{"id":1425,"href":"https:\/\/www.consuljl.com\/developpement3\/wp-json\/wp\/v2\/pages\/55\/revisions\/1425"}],"up":[{"embeddable":true,"href":"https:\/\/www.consuljl.com\/developpement3\/wp-json\/wp\/v2\/pages\/27"}],"wp:attachment":[{"href":"https:\/\/www.consuljl.com\/developpement3\/wp-json\/wp\/v2\/media?parent=55"}],"curies":[{"name":"wp","href":"https:\/\/api.w.org\/{rel}","templated":true}]}}