{"id":64,"date":"2015-06-07T10:13:24","date_gmt":"2015-06-07T14:13:24","guid":{"rendered":"http:\/\/127.0.0.1:8888\/BENOIT_BOISVERT-WORDPRESS-4_2_2\/?page_id=64"},"modified":"2016-10-03T17:22:12","modified_gmt":"2016-10-03T21:22:12","slug":"hypno-apprentissages","status":"publish","type":"page","link":"https:\/\/www.consuljl.com\/developpement3\/services\/hypno-apprentissages\/","title":{"rendered":"Hypno apprentissage"},"content":{"rendered":"<div class=\"fcbkbttn_buttons_block\" id=\"fcbkbttn_left\"><div class=\"fcbkbttn_like \"><fb:like href=\"https:\/\/www.consuljl.com\/developpement3\/services\/hypno-apprentissages\/\" action=\"like\" colorscheme=\"light\" layout=\"button_count\"  size=\"small\"><\/fb:like><\/div><\/div><h3 style=\"text-align: left;\">L\u2019hypnose peut vous apprendre \u00e0 apprendre<\/h3>\n<p><img decoding=\"async\" loading=\"lazy\" class=\"alignleft wp-image-667 size-full\" src=\"http:\/\/www.benoitboisverthypnotherapeute.com\/wp-content\/uploads\/2015\/07\/t\u00e9l\u00e9chargement-19.jpg\" alt=\"Hypno apprentissage\" width=\"183\" height=\"275\" \/>Qu&rsquo;il concerne\u00a0un <strong>enfant qui tr\u00e9pigne<\/strong>\u00a0d\u2019impatience sur sa chaise, <strong>un adolescent<\/strong> <strong>affal\u00e9\u00a0<\/strong>sur son bureau ou <strong>un adulte<\/strong> qui retourne aux \u00e9tudes, l&rsquo;apprentissage fait partie d\u2019une r\u00e9alit\u00e9 du quotidien.<\/p>\n<p>Alors qu\u2019il devrait susciter passion et int\u00e9r\u00eat, il g\u00e9n\u00e8re la plupart du temps du stress, de la d\u00e9motivation et une perte d\u2019estime de soi.<\/p>\n<p>&nbsp;<\/p>\n<p>&nbsp;<\/p>\n<p>&nbsp;<\/p>\n<h3><strong>L&rsquo;hypnose peut-elle vraiment faciliter ou\u00a0acc\u00e9l\u00e9rer\u00a0l&rsquo;acquisition de nouvelles strat\u00e9gies et\u00a0connaissances?<\/strong><\/h3>\n<p><img decoding=\"async\" loading=\"lazy\" class=\"alignright wp-image-451 size-full\" src=\"http:\/\/www.benoitboisverthypnotherapeute.com\/wp-content\/uploads\/2015\/07\/images-1.jpg\" alt=\"Hypno apprentissage\" width=\"238\" height=\"211\" \/>Oui.<strong>\u00a0L&rsquo;hypnose <\/strong>permet l&rsquo;apparition de changements ainsi que l&rsquo;ouverture \u00e0 des champs, ou ressources, de la personne non encore utilis\u00e9s ou optimis\u00e9s.<\/p>\n<p>Retrouvez votre \u00e9quilibre!<\/p>\n<h3><strong>Moyens utilis\u00e9s pour favoriser l&rsquo;apprentissage<\/strong><\/h3>\n<p>Les m\u00e9thodes employ\u00e9es comprennent des trucs, tests, <strong>all\u00e9gories<\/strong>, <strong>m\u00e9taphores<\/strong>, visualisations, suggestions, strat\u00e9gies hypnoth\u00e9rapeutiques favorisant l\u2019ouverture de la conscience \u00e0\u00a0toutes les possibilit\u00e9s, etc.<\/p>\n<h3>Quelques d\u00e9finitions<\/h3>\n<p><img decoding=\"async\" loading=\"lazy\" class=\"alignright wp-image-692 size-full\" src=\"http:\/\/www.benoitboisverthypnotherapeute.com\/wp-content\/uploads\/2015\/07\/t\u00e9l\u00e9chargement-25.jpg\" alt=\"Hypno apprentissage\" width=\"225\" height=\"225\" srcset=\"https:\/\/www.consuljl.com\/developpement3\/wp-content\/uploads\/2015\/07\/t\u00e9l\u00e9chargement-25.jpg 225w, https:\/\/www.consuljl.com\/developpement3\/wp-content\/uploads\/2015\/07\/t\u00e9l\u00e9chargement-25-150x150.jpg 150w\" sizes=\"(max-width: 225px) 100vw, 225px\" \/>\u00ab\u00a0<strong> L&rsquo;all\u00e9gorie<\/strong> est un jeu mental et litt\u00e9raire, conscient et recherch\u00e9 d&rsquo;un bout \u00e0 l&rsquo;autre.<\/p>\n<p>Elle consiste \u00e0 traduire, dans un r\u00e9cit, une histoire qui sous-entend une analogie ou une comparaison avec une situation de vie.<\/p>\n<p>La d\u00e9finition la plus originale de l&rsquo;all\u00e9gorie me vient d&rsquo;une fillette de dix ans qui, lors d&rsquo;une visite dans sa classe, me communiqua simplement ceci : \u00a0\u00bbL&rsquo;all\u00e9gorie, d&rsquo;apr\u00e8s moi, c&rsquo;est une histoire qu&rsquo;on invente, \u00e0 partir d&rsquo;une vraie histoire, pour faire comprendre quelque chose au cerveau.\u00a0\u00bb<\/p>\n<p>Qui dit mieux?\u00a0\u00bb<\/p>\n<p>\u00ab\u00a0<strong>La m\u00e9taphore<\/strong> se d\u00e9finit plus comme \u00ab\u00a0une histoire pr\u00e9sent\u00e9e dans le but de conseiller et d&rsquo;\u00e9duquer\u00a0\u00bb. [&#8230;] Lorsque nous parlons de m\u00e9taphore, nous faisons g\u00e9n\u00e9ralement r\u00e9f\u00e9rence \u00e0 une histoire, vraie ou invent\u00e9e, plus ou moins longue et plus ou moins \u00e9labor\u00e9e, racont\u00e9e dans le but d&rsquo;atteindre notre objectif ou d&rsquo;aider la personne \u00e0 atteindre le sien en suscitant des associations.\u00a0\u00bb<\/p>\n<p>\u2014\u00a0Michel Dufour, Auteur<\/p>\n<p style=\"text-align: center;\"><strong>Mieux vaut transmettre un art \u00e0 son enfant que mille pi\u00e8ces d&rsquo;or.<\/strong><\/p>\n<p style=\"text-align: center;\"><strong> Proverbe chinois<\/strong><\/p>\n<p><strong>P.S.<\/strong> Je vous invite \u00e0 lire cet article tr\u00e8s int\u00e9ressant:<a href=\"http:\/\/www.sciencesetavenir.fr\/sante\/cerveau-et-psy\/20150901.OBS5061\/hypnose-elle-est-aussi-efficace-chez-les-enfants.html\" target=\"_blank\"> L&rsquo;hypnose, elle aussi efficace chez les enfants<\/a><\/p>\n<p>Vous \u00eates invit\u00e9 \u00e0 suivre Beno\u00eet Boisvert, hypnoth\u00e9rapeute, sur <a href=\"https:\/\/www.facebook.com\/benoitboisverthypnotherapeute?ref=hl\" target=\"_blank\"><u>Facebook<\/u><\/a> et <a href=\"https:\/\/www.linkedin.com\/profile\/view?id=AAIAABgE5V8BnbhfR7imAaVMcm2YTi4vM3drj6s&amp;trk=nav_responsive_tab_profile_pic\" target=\"_blank\"><u>LinkedIn<\/u><\/a>.<\/p>\n<hr \/>\n<h3>T\u00e9moignage<\/h3>\n<p>\u00ab\u00a0J&rsquo;avais certaines difficult\u00e9s avec la r\u00e9ussite scolaire et l&rsquo;hypnose m&rsquo;a aid\u00e9e \u00e0 augmenter consid\u00e9rablement ma r\u00e9ussite.\u00a0J&rsquo;ai appris \u00e0 mieux g\u00e9rer et ma\u00eetriser\u00a0mon stress lorsque j&rsquo;\u00e9tudie et lors des examens.\u00a0Je suis tellement fi\u00e8re de moi, de nous.\u00a0Merci \u00e0 toi Beno\u00eet pour ta patience et ton soutien.\u00a0\u00bb<\/p>\n<p><em>\u2014 <\/em>Vicky, 20 ans<\/p>\n<hr \/>\n<p>Audios hypnotiques pour parent: <a href=\"http:\/\/www.benoitboisverthypnotherapeute.com\/audios\/\">Vaincre le stress parental<\/a><\/p>\n<div class=\"fcbkbttn_buttons_block\" id=\"fcbkbttn_left\"><div class=\"fcbkbttn_like \"><fb:like href=\"https:\/\/www.consuljl.com\/developpement3\/services\/hypno-apprentissages\/\" action=\"like\" colorscheme=\"light\" layout=\"button_count\"  size=\"small\"><\/fb:like><\/div><\/div>","protected":false},"excerpt":{"rendered":"<p>L\u2019hypnose peut vous apprendre \u00e0 apprendre Qu&rsquo;il concerne\u00a0un enfant qui tr\u00e9pigne\u00a0d\u2019impatience sur sa chaise, un adolescent affal\u00e9\u00a0sur son bureau ou un adulte qui retourne aux \u00e9tudes, l&rsquo;apprentissage fait partie d\u2019une r\u00e9alit\u00e9 du quotidien. Alors qu\u2019il devrait susciter passion et int\u00e9r\u00eat, <span class=\"excerpt-dots\">&hellip;<\/span> <a class=\"more-link\" href=\"https:\/\/www.consuljl.com\/developpement3\/services\/hypno-apprentissages\/\"><span class=\"more-msg\">Lire la suite &rarr;<\/span><\/a><\/p>\n","protected":false},"author":2,"featured_media":0,"parent":27,"menu_order":70,"comment_status":"closed","ping_status":"closed","template":"","meta":[],"yoast_head":"<!-- This site is optimized with the Yoast SEO plugin v20.10 - https:\/\/yoast.com\/wordpress\/plugins\/seo\/ -->\n<title>Hypno apprentissage - Beno\u00eet Boisvert Hypnoth\u00e9rapeute<\/title>\n<meta name=\"description\" content=\"L&#039;hypno apprentissage permet l&#039;apparition rapide de changements efficaces et durables.\" \/>\n<meta name=\"robots\" content=\"noindex, follow, max-snippet:-1, max-image-preview:large, max-video-preview:-1\" \/>\n<meta property=\"og:locale\" content=\"fr_FR\" \/>\n<meta property=\"og:type\" content=\"article\" \/>\n<meta property=\"og:title\" content=\"Hypno apprentissage - Beno\u00eet Boisvert Hypnoth\u00e9rapeute\" \/>\n<meta property=\"og:description\" content=\"L&#039;hypno apprentissage permet l&#039;apparition rapide de changements efficaces et durables.\" \/>\n<meta property=\"og:url\" content=\"https:\/\/www.consuljl.com\/developpement3\/services\/hypno-apprentissages\/\" \/>\n<meta property=\"og:site_name\" content=\"Beno\u00eet Boisvert Hypnoth\u00e9rapeute\" \/>\n<meta property=\"article:publisher\" content=\"http:\/\/facebook.com\/benoitboisverthypnotherapeute\" \/>\n<meta property=\"article:modified_time\" content=\"2016-10-03T21:22:12+00:00\" \/>\n<meta property=\"og:image\" content=\"http:\/\/www.benoitboisverthypnotherapeute.com\/wp-content\/uploads\/2015\/07\/images-1.jpg\" \/>\n<meta name=\"twitter:card\" content=\"summary_large_image\" \/>\n<meta name=\"twitter:label1\" content=\"Dur\u00e9e de lecture estim\u00e9e\" \/>\n\t<meta name=\"twitter:data1\" content=\"2 minutes\" \/>\n<script type=\"application\/ld+json\" class=\"yoast-schema-graph\">{\"@context\":\"https:\/\/schema.org\",\"@graph\":[{\"@type\":\"WebPage\",\"@id\":\"https:\/\/www.consuljl.com\/developpement3\/services\/hypno-apprentissages\/\",\"url\":\"https:\/\/www.consuljl.com\/developpement3\/services\/hypno-apprentissages\/\",\"name\":\"Hypno apprentissage - Beno\u00eet Boisvert Hypnoth\u00e9rapeute\",\"isPartOf\":{\"@id\":\"https:\/\/www.consuljl.com\/developpement3\/#website\"},\"datePublished\":\"2015-06-07T14:13:24+00:00\",\"dateModified\":\"2016-10-03T21:22:12+00:00\",\"description\":\"L'hypno apprentissage permet l'apparition rapide de changements efficaces et durables.\",\"breadcrumb\":{\"@id\":\"https:\/\/www.consuljl.com\/developpement3\/services\/hypno-apprentissages\/#breadcrumb\"},\"inLanguage\":\"fr-FR\",\"potentialAction\":[{\"@type\":\"ReadAction\",\"target\":[\"https:\/\/www.consuljl.com\/developpement3\/services\/hypno-apprentissages\/\"]}]},{\"@type\":\"BreadcrumbList\",\"@id\":\"https:\/\/www.consuljl.com\/developpement3\/services\/hypno-apprentissages\/#breadcrumb\",\"itemListElement\":[{\"@type\":\"ListItem\",\"position\":1,\"name\":\"Accueil\",\"item\":\"https:\/\/www.consuljl.com\/developpement3\/\"},{\"@type\":\"ListItem\",\"position\":2,\"name\":\"Services\",\"item\":\"https:\/\/www.consuljl.com\/developpement3\/services\/\"},{\"@type\":\"ListItem\",\"position\":3,\"name\":\"Hypno apprentissage\"}]},{\"@type\":\"WebSite\",\"@id\":\"https:\/\/www.consuljl.com\/developpement3\/#website\",\"url\":\"https:\/\/www.consuljl.com\/developpement3\/\",\"name\":\"Beno\u00eet Boisvert Hypnoth\u00e9rapeute\",\"description\":\"R\u00e9v\u00e9lez la force de votre esprit par l&#039;hypnose\",\"potentialAction\":[{\"@type\":\"SearchAction\",\"target\":{\"@type\":\"EntryPoint\",\"urlTemplate\":\"https:\/\/www.consuljl.com\/developpement3\/?s={search_term_string}\"},\"query-input\":\"required name=search_term_string\"}],\"inLanguage\":\"fr-FR\"}]}<\/script>\n<!-- \/ Yoast SEO plugin. -->","yoast_head_json":{"title":"Hypno apprentissage - Beno\u00eet Boisvert Hypnoth\u00e9rapeute","description":"L'hypno apprentissage permet l'apparition rapide de changements efficaces et durables.","robots":{"index":"noindex","follow":"follow","max-snippet":"max-snippet:-1","max-image-preview":"max-image-preview:large","max-video-preview":"max-video-preview:-1"},"og_locale":"fr_FR","og_type":"article","og_title":"Hypno apprentissage - Beno\u00eet Boisvert Hypnoth\u00e9rapeute","og_description":"L'hypno apprentissage permet l'apparition rapide de changements efficaces et durables.","og_url":"https:\/\/www.consuljl.com\/developpement3\/services\/hypno-apprentissages\/","og_site_name":"Beno\u00eet Boisvert Hypnoth\u00e9rapeute","article_publisher":"http:\/\/facebook.com\/benoitboisverthypnotherapeute","article_modified_time":"2016-10-03T21:22:12+00:00","og_image":[{"url":"http:\/\/www.benoitboisverthypnotherapeute.com\/wp-content\/uploads\/2015\/07\/images-1.jpg"}],"twitter_card":"summary_large_image","twitter_misc":{"Dur\u00e9e de lecture estim\u00e9e":"2 minutes"},"schema":{"@context":"https:\/\/schema.org","@graph":[{"@type":"WebPage","@id":"https:\/\/www.consuljl.com\/developpement3\/services\/hypno-apprentissages\/","url":"https:\/\/www.consuljl.com\/developpement3\/services\/hypno-apprentissages\/","name":"Hypno apprentissage - Beno\u00eet Boisvert Hypnoth\u00e9rapeute","isPartOf":{"@id":"https:\/\/www.consuljl.com\/developpement3\/#website"},"datePublished":"2015-06-07T14:13:24+00:00","dateModified":"2016-10-03T21:22:12+00:00","description":"L'hypno apprentissage permet l'apparition rapide de changements efficaces et durables.","breadcrumb":{"@id":"https:\/\/www.consuljl.com\/developpement3\/services\/hypno-apprentissages\/#breadcrumb"},"inLanguage":"fr-FR","potentialAction":[{"@type":"ReadAction","target":["https:\/\/www.consuljl.com\/developpement3\/services\/hypno-apprentissages\/"]}]},{"@type":"BreadcrumbList","@id":"https:\/\/www.consuljl.com\/developpement3\/services\/hypno-apprentissages\/#breadcrumb","itemListElement":[{"@type":"ListItem","position":1,"name":"Accueil","item":"https:\/\/www.consuljl.com\/developpement3\/"},{"@type":"ListItem","position":2,"name":"Services","item":"https:\/\/www.consuljl.com\/developpement3\/services\/"},{"@type":"ListItem","position":3,"name":"Hypno apprentissage"}]},{"@type":"WebSite","@id":"https:\/\/www.consuljl.com\/developpement3\/#website","url":"https:\/\/www.consuljl.com\/developpement3\/","name":"Beno\u00eet Boisvert Hypnoth\u00e9rapeute","description":"R\u00e9v\u00e9lez la force de votre esprit par l&#039;hypnose","potentialAction":[{"@type":"SearchAction","target":{"@type":"EntryPoint","urlTemplate":"https:\/\/www.consuljl.com\/developpement3\/?s={search_term_string}"},"query-input":"required name=search_term_string"}],"inLanguage":"fr-FR"}]}},"_links":{"self":[{"href":"https:\/\/www.consuljl.com\/developpement3\/wp-json\/wp\/v2\/pages\/64"}],"collection":[{"href":"https:\/\/www.consuljl.com\/developpement3\/wp-json\/wp\/v2\/pages"}],"about":[{"href":"https:\/\/www.consuljl.com\/developpement3\/wp-json\/wp\/v2\/types\/page"}],"author":[{"embeddable":true,"href":"https:\/\/www.consuljl.com\/developpement3\/wp-json\/wp\/v2\/users\/2"}],"replies":[{"embeddable":true,"href":"https:\/\/www.consuljl.com\/developpement3\/wp-json\/wp\/v2\/comments?post=64"}],"version-history":[{"count":30,"href":"https:\/\/www.consuljl.com\/developpement3\/wp-json\/wp\/v2\/pages\/64\/revisions"}],"predecessor-version":[{"id":287,"href":"https:\/\/www.consuljl.com\/developpement3\/wp-json\/wp\/v2\/pages\/64\/revisions\/287"}],"up":[{"embeddable":true,"href":"https:\/\/www.consuljl.com\/developpement3\/wp-json\/wp\/v2\/pages\/27"}],"wp:attachment":[{"href":"https:\/\/www.consuljl.com\/developpement3\/wp-json\/wp\/v2\/media?parent=64"}],"curies":[{"name":"wp","href":"https:\/\/api.w.org\/{rel}","templated":true}]}}