{"id":70,"date":"2015-06-08T16:12:14","date_gmt":"2015-06-08T20:12:14","guid":{"rendered":"http:\/\/127.0.0.1:8888\/BENOIT_BOISVERT-WORDPRESS-4_2_2\/?page_id=70"},"modified":"2015-09-09T08:31:28","modified_gmt":"2015-09-09T12:31:28","slug":"hypno-chirurgicale","status":"publish","type":"page","link":"https:\/\/www.consuljl.com\/developpement3\/services\/hypno-chirurgicale\/","title":{"rendered":"Hypno anesth\u00e9sie (chirurgie)"},"content":{"rendered":"<div class=\"fcbkbttn_buttons_block\" id=\"fcbkbttn_left\"><div class=\"fcbkbttn_like \"><fb:like href=\"https:\/\/www.consuljl.com\/developpement3\/services\/hypno-chirurgicale\/\" action=\"like\" colorscheme=\"light\" layout=\"button_count\"  size=\"small\"><\/fb:like><\/div><\/div><h4 style=\"text-align: left;\"><strong>Vivre votre intervention chirurgicale\u00a0sous hypnose : c<\/strong>\u2019est maintenant possible!<\/h4>\n<h3 style=\"text-align: left;\">Quelques avantages<\/h3>\n<ul>\n<li><a href=\"http:\/\/www.benoitboisverthypnotherapeute.com\/wp-content\/uploads\/2015\/07\/images-36.jpg\"><img decoding=\"async\" loading=\"lazy\" class=\"alignleft size-full wp-image-662\" src=\"http:\/\/www.benoitboisverthypnotherapeute.com\/wp-content\/uploads\/2015\/07\/images-36.jpg\" alt=\"homme heureux\" width=\"183\" height=\"275\" \/><\/a>R\u00e9duction de la peur, de la tension et de la douleur<\/li>\n<li>R\u00e9duction ou \u00e9limination compl\u00e8te de l&rsquo;anesth\u00e9sie chimique<\/li>\n<li>Acc\u00e9l\u00e9ration de la\u00a0gu\u00e9rison et du r\u00e9tablissement<\/li>\n<li>Diminution des effets secondaires temporaires li\u00e9s \u00e0 la chirurgie<\/li>\n<li>Et bien d&rsquo;autres&#8230;<\/li>\n<\/ul>\n<p>La technique employ\u00e9e\u00a0est celle de l\u2019hypnose classique de\u00a0Milton Erickson, qui comprend\u00a0l\u2019anesth\u00e9sie sous hypnose, utilis\u00e9e lors de chirurgies. Cette m\u00e9thode vise \u00e0 r\u00e9duire ou \u00e0 \u00e9liminer\u00a0compl\u00e8tement l\u2019anesth\u00e9sie chimique.<\/p>\n<p>L\u2019hypnose, aujourd\u2019hui class\u00e9e comme m\u00e9decine parall\u00e8le, apporte un mieux-\u00eatre, de l\u2019apaisement et un meilleur\u00a0\u00e9quilibre \u00e9motionnel lors de chirurgies, entre autres.<\/p>\n<h3><strong>L&rsquo;anesth\u00e9sie sous hypnose peut aider en cas de\u00a0:<\/strong><\/h3>\n<ul>\n<li><a href=\"http:\/\/www.benoitboisverthypnotherapeute.com\/wp-content\/uploads\/2015\/07\/images-2.jpg\"><img decoding=\"async\" loading=\"lazy\" class=\"alignright size-full wp-image-452\" src=\"http:\/\/www.benoitboisverthypnotherapeute.com\/wp-content\/uploads\/2015\/07\/images-2.jpg\" alt=\"hypno dentaire\" width=\"274\" height=\"184\" \/><\/a>Gastroscopie<\/li>\n<li>Coloscopie<\/li>\n<li>Orthodontie<\/li>\n<li>Chirurgie esth\u00e9tique<\/li>\n<li>R\u00e9assignation sexuelle (p\u00e9ridurale)<\/li>\n<li>Traitement de canal<\/li>\n<li>Peur des aiguilles<\/li>\n<li>Intervention sous anesth\u00e9sie locale<\/li>\n<li>Etc.<\/li>\n<\/ul>\n<h3>En r\u00e9sum\u00e9<\/h3>\n<h4>Vivre une chirurgie sous hypnose,\u00a0c&rsquo;est dire \u00ab\u00a0oui\u00a0\u00bb \u00e0 une intervention\u00a0plus naturelle\u00a0:<\/h4>\n<ul>\n<li>\u00c9liminant :\n<ul>\n<li>l&rsquo;anesth\u00e9sie chimique<\/li>\n<li>la douleur<\/li>\n<li>les effets secondaires<\/li>\n<\/ul>\n<\/li>\n<li>R\u00e9duisant les\u00a0pertes sanguines<\/li>\n<li>Augmentant la rapidit\u00e9\u00a0du\u00a0r\u00e9tablissement<\/li>\n<li>Etc.<\/li>\n<\/ul>\n<p><strong>P.S.<\/strong> Le sujet vous int\u00e9resse? Consultez l&rsquo;article sur <a href=\"http:\/\/www.benoitboisverthypnotherapeute.com\/lhypnose-et-la-chirurgie\/\" target=\"_blank\">l&rsquo;hypnose et la chirurgie<\/a>.<\/p>\n<p><a href=\"http:\/\/:\/\/www.lexpress.fr\/actualite\/societe\/sante\/operation-sous-hypnose-on-est-conscient-de-tout-ce-qui-se-passe-autour_1702820.html#tKeXU6bkJkhJWaU7.01\" target=\"_blank\">Op\u00e9ration sous hypnose<\/a>, on est conscient de tout ce qui se passe<\/p>\n<p>Vous \u00eates invit\u00e9s \u00e0 suivre Beno\u00eet Boisvert, hypnoth\u00e9rapeute, sur <a href=\"https:\/\/www.facebook.com\/benoitboisverthypnotherapeute?ref=hl\" target=\"_blank\"><u><span style=\"color: #0066cc;\">Facebook<\/span><\/u><\/a> et <a href=\"https:\/\/www.linkedin.com\/profile\/view?id=AAIAABgE5V8BnbhfR7imAaVMcm2YTi4vM3drj6s&amp;trk=nav_responsive_tab_profile_pic\" target=\"_blank\"><u><span style=\"color: #0066cc;\">LinkedIn<\/span><\/u><\/a>.<\/p>\n<hr \/>\n<h3 style=\"text-align: left;\">Pr\u00e9paration \u00e0 la chirurgie et \u00e0 l&rsquo;anesth\u00e9sie<\/h3>\n<p style=\"text-align: left;\">En seulement quelques rencontres, votre pr\u00e9paration sera termin\u00e9e.<\/p>\n<p>Chaque pr\u00e9paration est adapt\u00e9e \u00e0 vos besoins.<\/p>\n<h4 style=\"text-align: left;\">Avant<\/h4>\n<ul>\n<li>Avez-vous peur de souffrir, d\u2019avoir mal, d\u2019avoir des naus\u00e9es, etc.?<\/li>\n<li>Vous sentez-vous stress\u00e9?<\/li>\n<\/ul>\n<h4>Apr\u00e8s<\/h4>\n<p>\u00c0 la suite d&rsquo;<span style=\"line-height: 1.4em;\">une chirurgie, vous ressentirez :<\/span><\/p>\n<ul>\n<li>Des inconforts<\/li>\n<li>Des douleurs<\/li>\n<li>Des naus\u00e9es<\/li>\n<li>Du stress<\/li>\n<\/ul>\n<p style=\"text-align: center;\"><strong>L\u2019hypnose vous offre la possibilit\u00e9 de contrer plusieurs effets<\/strong><br \/>\n<strong> fort d\u00e9sagr\u00e9ables. Elle permet de :<\/strong><\/p>\n<ul>\n<li><img decoding=\"async\" loading=\"lazy\" class=\"alignright size-full wp-image-479\" src=\"http:\/\/www.benoitboisverthypnotherapeute.com\/wp-content\/uploads\/2015\/07\/sourire-femme1.jpg\" alt=\"sourire femme\" width=\"276\" height=\"183\" \/>R\u00e9duire\u00a0consid\u00e9rablement les douleurs<\/li>\n<li>Diminuer\u00a0certains sympt\u00f4mes et effets secondaires<\/li>\n<li>Faciliter l\u2019autogu\u00e9rison<\/li>\n<li>Am\u00e9liorer votre\u00a0\u00e9tat avant\u00a0la chirurgie (calme et d\u00e9tente)<\/li>\n<\/ul>\n<p>Vous pourrez\u00a0\u00e9galement\u00a0:<\/p>\n<ul>\n<li>Vous approprier des techniques de d\u00e9tente et d\u2019atteinte du calme int\u00e9rieur<\/li>\n<li>Apprendre\u00a0l\u2019autohypnose<\/li>\n<li>B\u00e9n\u00e9ficier d&rsquo;une m\u00e9thode adapt\u00e9e \u00e0 vos besoins<\/li>\n<\/ul>\n<p>&nbsp;<\/p>\n<hr \/>\n<p style=\"text-align: left;\"><strong>P.S.<\/strong> Pour en savoir plus sur les r\u00e9sultat du congr\u00e8s sur l&rsquo;hypnose \u00e0 Paris, consultez\u00a0<a href=\"http:\/\/www.pourquoidocteur.fr\/Articles\/Question-d-actu\/11846-Hypnose-la-medecine-conquise-par-ses-bienfaits\" target=\"_blank\">l&rsquo;hypnose la m\u00e9decine conquise par ses bienfaits<\/a><\/p>\n<h3 style=\"text-align: left;\"><\/h3>\n<h3 style=\"text-align: left;\">Participation historique \u00e0 une chirurgie de quatre\u00a0heures enti\u00e8rement sous hypnose<\/h3>\n<p>Le 25 avril 2007, une des grandes r\u00e9alisations de madame Betty Reis,\u00a0hypnologue, fut sa participation \u00e0 une r\u00e9duction mammaire, une chirurgie de quatre heures pendant lesquelles la patiente \u00e9tait\u00a0sous hypnose. L&rsquo;intervention s&rsquo;est d\u00e9roul\u00e9e \u00e0 l\u2019h\u00f4pital Notre-Dame de Montr\u00e9al, sous la supervision et la collaboration du r\u00e9put\u00e9 chirurgien Dr\u00a0Carlos\u00a0Cordoba.<\/p>\n<h4>\u00c9tude :<\/h4>\n<p><a href=\"http:\/\/slideplayer.fr\/slide\/10080\/\" target=\"_blank\">Anxi\u00e9t\u00e9 pr\u00e9op\u00e9ratoire et douleur postop\u00e9ratoire chez les femmes subissant une hyst\u00e9rectomie<\/a><\/p>\n<p>&nbsp;<\/p>\n<div class=\"fcbkbttn_buttons_block\" id=\"fcbkbttn_left\"><div class=\"fcbkbttn_like \"><fb:like href=\"https:\/\/www.consuljl.com\/developpement3\/services\/hypno-chirurgicale\/\" action=\"like\" colorscheme=\"light\" layout=\"button_count\"  size=\"small\"><\/fb:like><\/div><\/div>","protected":false},"excerpt":{"rendered":"<p>Vivre votre intervention chirurgicale\u00a0sous hypnose : c\u2019est maintenant possible! Quelques avantages R\u00e9duction de la peur, de la tension et de la douleur R\u00e9duction ou \u00e9limination compl\u00e8te de l&rsquo;anesth\u00e9sie chimique Acc\u00e9l\u00e9ration de la\u00a0gu\u00e9rison et du r\u00e9tablissement Diminution des effets secondaires temporaires <span class=\"excerpt-dots\">&hellip;<\/span> <a class=\"more-link\" href=\"https:\/\/www.consuljl.com\/developpement3\/services\/hypno-chirurgicale\/\"><span class=\"more-msg\">Lire la suite &rarr;<\/span><\/a><\/p>\n","protected":false},"author":2,"featured_media":0,"parent":27,"menu_order":50,"comment_status":"closed","ping_status":"closed","template":"","meta":[],"yoast_head":"<!-- This site is optimized with the Yoast SEO plugin v20.10 - https:\/\/yoast.com\/wordpress\/plugins\/seo\/ -->\n<title>Hypno anesth\u00e9sie (chirurgie) - Beno\u00eet Boisvert Hypnoth\u00e9rapeute<\/title>\n<meta name=\"description\" content=\"L&#039;hypno anesth\u00e9sie (chirurgie) permet de vivre votre intervention chirurgicale sous hypnose. C\u2019est maintenant possible en quelques rencontres seulement!\" \/>\n<meta name=\"robots\" content=\"noindex, follow, max-snippet:-1, max-image-preview:large, max-video-preview:-1\" \/>\n<meta property=\"og:locale\" content=\"fr_FR\" \/>\n<meta property=\"og:type\" content=\"article\" \/>\n<meta property=\"og:title\" content=\"Hypno anesth\u00e9sie (chirurgie) - Beno\u00eet Boisvert Hypnoth\u00e9rapeute\" \/>\n<meta property=\"og:description\" content=\"L&#039;hypno anesth\u00e9sie (chirurgie) permet de vivre votre intervention chirurgicale sous hypnose. C\u2019est maintenant possible en quelques rencontres seulement!\" \/>\n<meta property=\"og:url\" content=\"https:\/\/www.consuljl.com\/developpement3\/services\/hypno-chirurgicale\/\" \/>\n<meta property=\"og:site_name\" content=\"Beno\u00eet Boisvert Hypnoth\u00e9rapeute\" \/>\n<meta property=\"article:publisher\" content=\"http:\/\/facebook.com\/benoitboisverthypnotherapeute\" \/>\n<meta property=\"article:modified_time\" content=\"2015-09-09T12:31:28+00:00\" \/>\n<meta property=\"og:image\" content=\"http:\/\/www.benoitboisverthypnotherapeute.com\/wp-content\/uploads\/2015\/07\/images-36.jpg\" \/>\n<meta name=\"twitter:card\" content=\"summary_large_image\" \/>\n<meta name=\"twitter:label1\" content=\"Dur\u00e9e de lecture estim\u00e9e\" \/>\n\t<meta name=\"twitter:data1\" content=\"2 minutes\" \/>\n<script type=\"application\/ld+json\" class=\"yoast-schema-graph\">{\"@context\":\"https:\/\/schema.org\",\"@graph\":[{\"@type\":\"WebPage\",\"@id\":\"https:\/\/www.consuljl.com\/developpement3\/services\/hypno-chirurgicale\/\",\"url\":\"https:\/\/www.consuljl.com\/developpement3\/services\/hypno-chirurgicale\/\",\"name\":\"Hypno anesth\u00e9sie (chirurgie) - Beno\u00eet Boisvert Hypnoth\u00e9rapeute\",\"isPartOf\":{\"@id\":\"https:\/\/www.consuljl.com\/developpement3\/#website\"},\"datePublished\":\"2015-06-08T20:12:14+00:00\",\"dateModified\":\"2015-09-09T12:31:28+00:00\",\"description\":\"L'hypno anesth\u00e9sie (chirurgie) permet de vivre votre intervention chirurgicale sous hypnose. C\u2019est maintenant possible en quelques rencontres seulement!\",\"breadcrumb\":{\"@id\":\"https:\/\/www.consuljl.com\/developpement3\/services\/hypno-chirurgicale\/#breadcrumb\"},\"inLanguage\":\"fr-FR\",\"potentialAction\":[{\"@type\":\"ReadAction\",\"target\":[\"https:\/\/www.consuljl.com\/developpement3\/services\/hypno-chirurgicale\/\"]}]},{\"@type\":\"BreadcrumbList\",\"@id\":\"https:\/\/www.consuljl.com\/developpement3\/services\/hypno-chirurgicale\/#breadcrumb\",\"itemListElement\":[{\"@type\":\"ListItem\",\"position\":1,\"name\":\"Accueil\",\"item\":\"https:\/\/www.consuljl.com\/developpement3\/\"},{\"@type\":\"ListItem\",\"position\":2,\"name\":\"Services\",\"item\":\"https:\/\/www.consuljl.com\/developpement3\/services\/\"},{\"@type\":\"ListItem\",\"position\":3,\"name\":\"Hypno anesth\u00e9sie (chirurgie)\"}]},{\"@type\":\"WebSite\",\"@id\":\"https:\/\/www.consuljl.com\/developpement3\/#website\",\"url\":\"https:\/\/www.consuljl.com\/developpement3\/\",\"name\":\"Beno\u00eet Boisvert Hypnoth\u00e9rapeute\",\"description\":\"R\u00e9v\u00e9lez la force de votre esprit par l&#039;hypnose\",\"potentialAction\":[{\"@type\":\"SearchAction\",\"target\":{\"@type\":\"EntryPoint\",\"urlTemplate\":\"https:\/\/www.consuljl.com\/developpement3\/?s={search_term_string}\"},\"query-input\":\"required name=search_term_string\"}],\"inLanguage\":\"fr-FR\"}]}<\/script>\n<!-- \/ Yoast SEO plugin. -->","yoast_head_json":{"title":"Hypno anesth\u00e9sie (chirurgie) - Beno\u00eet Boisvert Hypnoth\u00e9rapeute","description":"L'hypno anesth\u00e9sie (chirurgie) permet de vivre votre intervention chirurgicale sous hypnose. C\u2019est maintenant possible en quelques rencontres seulement!","robots":{"index":"noindex","follow":"follow","max-snippet":"max-snippet:-1","max-image-preview":"max-image-preview:large","max-video-preview":"max-video-preview:-1"},"og_locale":"fr_FR","og_type":"article","og_title":"Hypno anesth\u00e9sie (chirurgie) - Beno\u00eet Boisvert Hypnoth\u00e9rapeute","og_description":"L'hypno anesth\u00e9sie (chirurgie) permet de vivre votre intervention chirurgicale sous hypnose. C\u2019est maintenant possible en quelques rencontres seulement!","og_url":"https:\/\/www.consuljl.com\/developpement3\/services\/hypno-chirurgicale\/","og_site_name":"Beno\u00eet Boisvert Hypnoth\u00e9rapeute","article_publisher":"http:\/\/facebook.com\/benoitboisverthypnotherapeute","article_modified_time":"2015-09-09T12:31:28+00:00","og_image":[{"url":"http:\/\/www.benoitboisverthypnotherapeute.com\/wp-content\/uploads\/2015\/07\/images-36.jpg"}],"twitter_card":"summary_large_image","twitter_misc":{"Dur\u00e9e de lecture estim\u00e9e":"2 minutes"},"schema":{"@context":"https:\/\/schema.org","@graph":[{"@type":"WebPage","@id":"https:\/\/www.consuljl.com\/developpement3\/services\/hypno-chirurgicale\/","url":"https:\/\/www.consuljl.com\/developpement3\/services\/hypno-chirurgicale\/","name":"Hypno anesth\u00e9sie (chirurgie) - Beno\u00eet Boisvert Hypnoth\u00e9rapeute","isPartOf":{"@id":"https:\/\/www.consuljl.com\/developpement3\/#website"},"datePublished":"2015-06-08T20:12:14+00:00","dateModified":"2015-09-09T12:31:28+00:00","description":"L'hypno anesth\u00e9sie (chirurgie) permet de vivre votre intervention chirurgicale sous hypnose. C\u2019est maintenant possible en quelques rencontres seulement!","breadcrumb":{"@id":"https:\/\/www.consuljl.com\/developpement3\/services\/hypno-chirurgicale\/#breadcrumb"},"inLanguage":"fr-FR","potentialAction":[{"@type":"ReadAction","target":["https:\/\/www.consuljl.com\/developpement3\/services\/hypno-chirurgicale\/"]}]},{"@type":"BreadcrumbList","@id":"https:\/\/www.consuljl.com\/developpement3\/services\/hypno-chirurgicale\/#breadcrumb","itemListElement":[{"@type":"ListItem","position":1,"name":"Accueil","item":"https:\/\/www.consuljl.com\/developpement3\/"},{"@type":"ListItem","position":2,"name":"Services","item":"https:\/\/www.consuljl.com\/developpement3\/services\/"},{"@type":"ListItem","position":3,"name":"Hypno anesth\u00e9sie (chirurgie)"}]},{"@type":"WebSite","@id":"https:\/\/www.consuljl.com\/developpement3\/#website","url":"https:\/\/www.consuljl.com\/developpement3\/","name":"Beno\u00eet Boisvert Hypnoth\u00e9rapeute","description":"R\u00e9v\u00e9lez la force de votre esprit par l&#039;hypnose","potentialAction":[{"@type":"SearchAction","target":{"@type":"EntryPoint","urlTemplate":"https:\/\/www.consuljl.com\/developpement3\/?s={search_term_string}"},"query-input":"required name=search_term_string"}],"inLanguage":"fr-FR"}]}},"_links":{"self":[{"href":"https:\/\/www.consuljl.com\/developpement3\/wp-json\/wp\/v2\/pages\/70"}],"collection":[{"href":"https:\/\/www.consuljl.com\/developpement3\/wp-json\/wp\/v2\/pages"}],"about":[{"href":"https:\/\/www.consuljl.com\/developpement3\/wp-json\/wp\/v2\/types\/page"}],"author":[{"embeddable":true,"href":"https:\/\/www.consuljl.com\/developpement3\/wp-json\/wp\/v2\/users\/2"}],"replies":[{"embeddable":true,"href":"https:\/\/www.consuljl.com\/developpement3\/wp-json\/wp\/v2\/comments?post=70"}],"version-history":[{"count":43,"href":"https:\/\/www.consuljl.com\/developpement3\/wp-json\/wp\/v2\/pages\/70\/revisions"}],"predecessor-version":[{"id":1454,"href":"https:\/\/www.consuljl.com\/developpement3\/wp-json\/wp\/v2\/pages\/70\/revisions\/1454"}],"up":[{"embeddable":true,"href":"https:\/\/www.consuljl.com\/developpement3\/wp-json\/wp\/v2\/pages\/27"}],"wp:attachment":[{"href":"https:\/\/www.consuljl.com\/developpement3\/wp-json\/wp\/v2\/media?parent=70"}],"curies":[{"name":"wp","href":"https:\/\/api.w.org\/{rel}","templated":true}]}}