{"id":82,"date":"2015-06-08T16:49:15","date_gmt":"2015-06-08T20:49:15","guid":{"rendered":"http:\/\/127.0.0.1:8888\/BENOIT_BOISVERT-WORDPRESS-4_2_2\/?page_id=82"},"modified":"2015-09-01T11:55:24","modified_gmt":"2015-09-01T15:55:24","slug":"lhypnose-et-la-chirurgie","status":"publish","type":"page","link":"https:\/\/www.consuljl.com\/developpement3\/services\/hypno-chirurgicale\/lhypnose-et-la-chirurgie\/","title":{"rendered":"L&rsquo;hypnose et la chirurgie"},"content":{"rendered":"<div class=\"fcbkbttn_buttons_block\" id=\"fcbkbttn_left\"><div class=\"fcbkbttn_like \"><fb:like href=\"https:\/\/www.consuljl.com\/developpement3\/services\/hypno-chirurgicale\/lhypnose-et-la-chirurgie\/\" action=\"like\" colorscheme=\"light\" layout=\"button_count\"  size=\"small\"><\/fb:like><\/div><\/div><h2><em>Hypnose et chirurgie : R\u00e9sultats de recherche\u00a0<\/em><\/h2>\n<p><em>par Betty, le 10 janvier 2014 dans la revue Sant\u00e9<\/em><\/p>\n<p style=\"text-align: justify;\"><img decoding=\"async\" loading=\"lazy\" class=\"alignleft wp-image-1220 size-full\" src=\"http:\/\/www.benoitboisverthypnotherapeute.com\/wp-content\/uploads\/2015\/08\/t\u00e9l\u00e9chargement-47.jpg\" alt=\"Hypnose et chirurgie\" width=\"183\" height=\"276\" \/>Lors du congr\u00e8s annuel de l\u2019Association Am\u00e9ricaine des Anesth\u00e9sistes, en octobre 2005, la\u00a0docteure Haleh Saadat a pr\u00e9sent\u00e9 une \u00e9tude en <strong>h<\/strong><strong>ypnose et chirurgie<\/strong><em>\u00a0<\/em>qu\u2019elle a men\u00e9e aupr\u00e8s d\u2019un groupe de personnes qui s\u2019appr\u00eataient \u00e0 subir une <strong>intervention chirurgicale<\/strong>.<\/p>\n<p style=\"text-align: justify;\">Elle a \u00e9tudi\u00e9 76 personnes qu\u2019elle a r\u00e9parties en trois groupes\u00a0: deux de 26 personnes et un de 24 personnes.<\/p>\n<p style=\"text-align: justify;\">Tous les groupes (76 personnes) ont \u00e9t\u00e9 rencontr\u00e9s une heure et demie avant l<strong>\u2019intervention chirurgicale<\/strong> pour passer un test afin d\u2019\u00e9valuer leur taux d\u2019anxi\u00e9t\u00e9. Pourquoi est-ce si important de se pencher sur le taux d\u2019anxi\u00e9t\u00e9 pr\u00e9op\u00e9ratoire?<\/p>\n<p style=\"text-align: justify;\">\u00c0 la suite de nombreuses \u00e9tudes sur le sujet, les chercheurs ont conclu que plus l\u2019anxi\u00e9t\u00e9 est importante\u00a0avant la <strong>chirurgie<\/strong>, plus la douleur est \u00e9lev\u00e9e apr\u00e8s la <strong>chirurgie<\/strong>.<\/p>\n<p style=\"text-align: justify;\">C\u2019est le m\u00eame constat pour la prise de m\u00e9dicaments ainsi que la dur\u00e9e de l\u2019hospitalisation.<\/p>\n<p style=\"text-align: justify;\">Le premier groupe de 26 personnes a re\u00e7u une s\u00e9ance d\u2019<strong>hypnose<\/strong> d\u2019environ 30 minutes : rien de sp\u00e9cial, une simple relaxation suivie d\u2019inductions pour amoindrir l\u2019anxi\u00e9t\u00e9.<\/p>\n<p style=\"text-align: justify;\">Le deuxi\u00e8me groupe a re\u00e7u du r\u00e9confort verbal ainsi que de l\u2019\u00e9coute pendant une p\u00e9riode d\u2019environ 30 minutes.<\/p>\n<p style=\"text-align: justify;\">Le dernier groupe de 24 personnes n\u2019a re\u00e7u aucune attention particuli\u00e8re.<\/p>\n<h3 style=\"text-align: justify;\">Seconde et troisi\u00e8me \u00e9valuation<\/h3>\n<p><img decoding=\"async\" loading=\"lazy\" class=\"alignright wp-image-1199 size-full\" src=\"http:\/\/www.benoitboisverthypnotherapeute.com\/wp-content\/uploads\/2015\/08\/images_61.jpg\" alt=\"Hypnose et chirurgie\" width=\"277\" height=\"182\" \/>Puis, on a proc\u00e9d\u00e9 \u00e0 une deuxi\u00e8me \u00e9valuation du taux d\u2019anxi\u00e9t\u00e9 aupr\u00e8s\u00a0des trois groupes une demi-heure avant la <strong>chirurgie<\/strong>.<\/p>\n<p style=\"text-align: justify;\">Une troisi\u00e8me \u00e9valuation du taux d\u2019anxi\u00e9t\u00e9 a suivi dans la salle d\u2019op\u00e9ration m\u00eame, quelques minutes avant l\u2019intervention.\u00a0Ici, les patients \u00e9taient en contact visuel avec le d\u00e9cor de la salle d\u2019op\u00e9ration, les instruments et le personnel.<\/p>\n<h4>Les r\u00e9sultats<\/h4>\n<p style=\"text-align: justify;\">Le<strong> premier groupe<\/strong> de 26 personnes (ayant re\u00e7u une s\u00e9ance d&rsquo;hypnose avant la chirurgie) a vu son taux d\u2019anxi\u00e9t\u00e9 chuter de 68\u00a0% \u00e0 la deuxi\u00e8me \u00e9valuation par rapport \u00e0 la premi\u00e8re \u00e9valuation avant hypnose.\u00a0Dans la salle d\u2019op\u00e9ration, \u00e0 la troisi\u00e8me \u00e9valuation, son\u00a0taux d\u2019anxi\u00e9t\u00e9 \u00e9tait encore \u00e0 moiti\u00e9 moins \u00e9lev\u00e9 que la premi\u00e8re \u00e9valuation avant<strong> hypnose<\/strong>.<\/p>\n<p style=\"text-align: justify;\">Le<strong> deuxi\u00e8me groupe,\u00a0<\/strong>ayant re\u00e7u du r\u00e9confort verbal, a vu son taux d\u2019anxi\u00e9t\u00e9 chuter de 10\u00a0%\u00a0\u00e0 la deuxi\u00e8me \u00e9valuation.\u00a0Pour la troisi\u00e8me \u00e9valuation, son\u00a0taux d\u2019anxi\u00e9t\u00e9 avait augment\u00e9 comparativement \u00e0 la premi\u00e8re \u00e9valuation.<\/p>\n<p style=\"text-align: justify;\">Quant au<strong> troisi\u00e8me groupe<\/strong>, n\u2019ayant re\u00e7u aucune attention particuli\u00e8re, taux d\u2019anxi\u00e9t\u00e9 avait augment\u00e9 de 17\u00a0% \u00e0 la deuxi\u00e8me \u00e9valuation.\u00a0\u00c0 la troisi\u00e8me \u00e9valuation dans la salle d\u2019op\u00e9ration, son\u00a0taux d\u2019anxi\u00e9t\u00e9 avait augment\u00e9 de 47\u00a0% comparativement \u00e0 la premi\u00e8re.<\/p>\n<h3 style=\"text-align: justify;\"><img decoding=\"async\" loading=\"lazy\" class=\"alignright wp-image-1195 size-full\" src=\"http:\/\/www.benoitboisverthypnotherapeute.com\/wp-content\/uploads\/2015\/08\/images_21.jpg\" alt=\"Hypnose et chirurgie\" width=\"183\" height=\"275\" \/><\/h3>\n<p style=\"text-align: justify;\">Dans cette \u00e9tude, les patients du premier groupe n\u2019ont re\u00e7u qu\u2019une seule s\u00e9ance d\u2019<strong>hypnose<\/strong> de 30 minutes.<\/p>\n<p style=\"text-align: justify;\">Imaginez alors les patients ayant la possibilit\u00e9 de recevoir plusieurs s\u00e9ances d\u2019hypnose pr\u00e9op\u00e9ratoires et un suivi postop\u00e9ratoire.<\/p>\n<p style=\"text-align: justify;\">On peut facilement comprendre que ceux-ci seraient plus calmes, moins stress\u00e9s et moins anxieux.<\/p>\n<p style=\"text-align: justify;\">Ils ressentiraient consid\u00e9rablement moins de douleur, et par le fait m\u00eame, b\u00e9n\u00e9ficieraient d&rsquo;une baisse de la quantit\u00e9 de m\u00e9dicaments \u00e0 prendre et de la dur\u00e9e de l\u2019hospitalisation.<\/p>\n<h3 style=\"text-align: justify;\"><strong>En conclusion<\/strong><\/h3>\n<p style=\"text-align: justify;\"><strong>Nous pouvons d\u00e9duire\u00a0que l\u2019hypnose en chirurgie peut s\u2019av\u00e9rer une aide inestimable pour les gens qui s\u2019appr\u00eatent \u00e0 subir une intervention chirurgicale.<\/strong><\/p>\n<p style=\"text-align: justify;\"><strong>L&rsquo;hypnose et la chirurgie<\/strong> vont de pair, alors \u00e0 vous de d\u00e9cider.<\/p>\n<h3 style=\"text-align: center;\"><em>R\u00e9v\u00e9lez la force de votre esprit par l&rsquo;hypnose<\/em><\/h3>\n<p>Vous \u00eates invit\u00e9 \u00e0 suivre Beno\u00eet Boisvert, hypnoth\u00e9rapeute sur <a href=\"https:\/\/www.facebook.com\/benoitboisverthypnotherapeute?ref=hl\" target=\"_blank\"><u>Facebook<\/u><\/a> et <a href=\"https:\/\/www.linkedin.com\/profile\/view?id=AAIAABgE5V8BnbhfR7imAaVMcm2YTi4vM3drj6s&amp;trk=nav_responsive_tab_profile_pic\" target=\"_blank\"><u>LinkedIn<\/u><\/a>.<\/p>\n<hr \/>\n<p>&nbsp;<\/p>\n<p><strong>P.S.<\/strong> Pour en savoir plus, voici un article tr\u00e8s int\u00e9ressant \u00e9noncant les bienfaits de l&rsquo;hypnose en m\u00e9decine<\/p>\n<p>A Paris<\/p>\n<div class=\"titre2_art\">\n<p>2015\u00a0<a href=\"http:\/\/www.pourquoidocteur.fr\/Articles\/Question-d-actu\/11846-Hypnose-la-medecine-conquise-par-ses-bienfaits\" target=\"_blank\">Congr\u00e8s sur l&rsquo;hypnose<\/a> : la m\u00e9decine conquise par ses bienfaits<\/p>\n<\/div>\n<p>&nbsp;<\/p>\n<div class=\"fcbkbttn_buttons_block\" id=\"fcbkbttn_left\"><div class=\"fcbkbttn_like \"><fb:like href=\"https:\/\/www.consuljl.com\/developpement3\/services\/hypno-chirurgicale\/lhypnose-et-la-chirurgie\/\" action=\"like\" colorscheme=\"light\" layout=\"button_count\"  size=\"small\"><\/fb:like><\/div><\/div>","protected":false},"excerpt":{"rendered":"<p>Hypnose et chirurgie : R\u00e9sultats de recherche\u00a0 par Betty, le 10 janvier 2014 dans la revue Sant\u00e9 Lors du congr\u00e8s annuel de l\u2019Association Am\u00e9ricaine des Anesth\u00e9sistes, en octobre 2005, la\u00a0docteure Haleh Saadat a pr\u00e9sent\u00e9 une \u00e9tude en hypnose et chirurgie\u00a0qu\u2019elle <span class=\"excerpt-dots\">&hellip;<\/span> <a class=\"more-link\" href=\"https:\/\/www.consuljl.com\/developpement3\/services\/hypno-chirurgicale\/lhypnose-et-la-chirurgie\/\"><span class=\"more-msg\">Lire la suite &rarr;<\/span><\/a><\/p>\n","protected":false},"author":2,"featured_media":0,"parent":70,"menu_order":10,"comment_status":"closed","ping_status":"closed","template":"","meta":[],"yoast_head":"<!-- This site is optimized with the Yoast SEO plugin v20.10 - https:\/\/yoast.com\/wordpress\/plugins\/seo\/ -->\n<title>L&#039;hypnose et la chirurgie - Beno\u00eet Boisvert Hypnoth\u00e9rapeute<\/title>\n<meta name=\"description\" content=\"Hypnose et chirurgie : une \u00e9tude en hypnose et chirurgie a \u00e9t\u00e9 men\u00e9e aupr\u00e8s de personnes qui s\u2019appr\u00eataient \u00e0 subir une intervention chirurgicale.\" \/>\n<meta name=\"robots\" content=\"noindex, follow, max-snippet:-1, max-image-preview:large, max-video-preview:-1\" \/>\n<meta property=\"og:locale\" content=\"fr_FR\" \/>\n<meta property=\"og:type\" content=\"article\" \/>\n<meta property=\"og:title\" content=\"L&#039;hypnose et la chirurgie - Beno\u00eet Boisvert Hypnoth\u00e9rapeute\" \/>\n<meta property=\"og:description\" content=\"Hypnose et chirurgie : une \u00e9tude en hypnose et chirurgie a \u00e9t\u00e9 men\u00e9e aupr\u00e8s de personnes qui s\u2019appr\u00eataient \u00e0 subir une intervention chirurgicale.\" \/>\n<meta property=\"og:url\" content=\"https:\/\/www.consuljl.com\/developpement3\/services\/hypno-chirurgicale\/lhypnose-et-la-chirurgie\/\" \/>\n<meta property=\"og:site_name\" content=\"Beno\u00eet Boisvert Hypnoth\u00e9rapeute\" \/>\n<meta property=\"article:publisher\" content=\"http:\/\/facebook.com\/benoitboisverthypnotherapeute\" \/>\n<meta property=\"article:modified_time\" content=\"2015-09-01T15:55:24+00:00\" \/>\n<meta property=\"og:image\" content=\"http:\/\/www.benoitboisverthypnotherapeute.com\/wp-content\/uploads\/2015\/08\/images_61.jpg\" \/>\n<meta name=\"twitter:card\" content=\"summary_large_image\" \/>\n<meta name=\"twitter:label1\" content=\"Dur\u00e9e de lecture estim\u00e9e\" \/>\n\t<meta name=\"twitter:data1\" content=\"3 minutes\" \/>\n<script type=\"application\/ld+json\" class=\"yoast-schema-graph\">{\"@context\":\"https:\/\/schema.org\",\"@graph\":[{\"@type\":\"WebPage\",\"@id\":\"https:\/\/www.consuljl.com\/developpement3\/services\/hypno-chirurgicale\/lhypnose-et-la-chirurgie\/\",\"url\":\"https:\/\/www.consuljl.com\/developpement3\/services\/hypno-chirurgicale\/lhypnose-et-la-chirurgie\/\",\"name\":\"L'hypnose et la chirurgie - Beno\u00eet Boisvert Hypnoth\u00e9rapeute\",\"isPartOf\":{\"@id\":\"https:\/\/www.consuljl.com\/developpement3\/#website\"},\"datePublished\":\"2015-06-08T20:49:15+00:00\",\"dateModified\":\"2015-09-01T15:55:24+00:00\",\"description\":\"Hypnose et chirurgie : une \u00e9tude en hypnose et chirurgie a \u00e9t\u00e9 men\u00e9e aupr\u00e8s de personnes qui s\u2019appr\u00eataient \u00e0 subir une intervention chirurgicale.\",\"breadcrumb\":{\"@id\":\"https:\/\/www.consuljl.com\/developpement3\/services\/hypno-chirurgicale\/lhypnose-et-la-chirurgie\/#breadcrumb\"},\"inLanguage\":\"fr-FR\",\"potentialAction\":[{\"@type\":\"ReadAction\",\"target\":[\"https:\/\/www.consuljl.com\/developpement3\/services\/hypno-chirurgicale\/lhypnose-et-la-chirurgie\/\"]}]},{\"@type\":\"BreadcrumbList\",\"@id\":\"https:\/\/www.consuljl.com\/developpement3\/services\/hypno-chirurgicale\/lhypnose-et-la-chirurgie\/#breadcrumb\",\"itemListElement\":[{\"@type\":\"ListItem\",\"position\":1,\"name\":\"Accueil\",\"item\":\"https:\/\/www.consuljl.com\/developpement3\/\"},{\"@type\":\"ListItem\",\"position\":2,\"name\":\"Services\",\"item\":\"https:\/\/www.consuljl.com\/developpement3\/services\/\"},{\"@type\":\"ListItem\",\"position\":3,\"name\":\"Hypno anesth\u00e9sie (chirurgie)\",\"item\":\"https:\/\/www.consuljl.com\/developpement3\/services\/hypno-chirurgicale\/\"},{\"@type\":\"ListItem\",\"position\":4,\"name\":\"L&rsquo;hypnose et la chirurgie\"}]},{\"@type\":\"WebSite\",\"@id\":\"https:\/\/www.consuljl.com\/developpement3\/#website\",\"url\":\"https:\/\/www.consuljl.com\/developpement3\/\",\"name\":\"Beno\u00eet Boisvert Hypnoth\u00e9rapeute\",\"description\":\"R\u00e9v\u00e9lez la force de votre esprit par l&#039;hypnose\",\"potentialAction\":[{\"@type\":\"SearchAction\",\"target\":{\"@type\":\"EntryPoint\",\"urlTemplate\":\"https:\/\/www.consuljl.com\/developpement3\/?s={search_term_string}\"},\"query-input\":\"required name=search_term_string\"}],\"inLanguage\":\"fr-FR\"}]}<\/script>\n<!-- \/ Yoast SEO plugin. -->","yoast_head_json":{"title":"L'hypnose et la chirurgie - Beno\u00eet Boisvert Hypnoth\u00e9rapeute","description":"Hypnose et chirurgie : une \u00e9tude en hypnose et chirurgie a \u00e9t\u00e9 men\u00e9e aupr\u00e8s de personnes qui s\u2019appr\u00eataient \u00e0 subir une intervention chirurgicale.","robots":{"index":"noindex","follow":"follow","max-snippet":"max-snippet:-1","max-image-preview":"max-image-preview:large","max-video-preview":"max-video-preview:-1"},"og_locale":"fr_FR","og_type":"article","og_title":"L'hypnose et la chirurgie - Beno\u00eet Boisvert Hypnoth\u00e9rapeute","og_description":"Hypnose et chirurgie : une \u00e9tude en hypnose et chirurgie a \u00e9t\u00e9 men\u00e9e aupr\u00e8s de personnes qui s\u2019appr\u00eataient \u00e0 subir une intervention chirurgicale.","og_url":"https:\/\/www.consuljl.com\/developpement3\/services\/hypno-chirurgicale\/lhypnose-et-la-chirurgie\/","og_site_name":"Beno\u00eet Boisvert Hypnoth\u00e9rapeute","article_publisher":"http:\/\/facebook.com\/benoitboisverthypnotherapeute","article_modified_time":"2015-09-01T15:55:24+00:00","og_image":[{"url":"http:\/\/www.benoitboisverthypnotherapeute.com\/wp-content\/uploads\/2015\/08\/images_61.jpg"}],"twitter_card":"summary_large_image","twitter_misc":{"Dur\u00e9e de lecture estim\u00e9e":"3 minutes"},"schema":{"@context":"https:\/\/schema.org","@graph":[{"@type":"WebPage","@id":"https:\/\/www.consuljl.com\/developpement3\/services\/hypno-chirurgicale\/lhypnose-et-la-chirurgie\/","url":"https:\/\/www.consuljl.com\/developpement3\/services\/hypno-chirurgicale\/lhypnose-et-la-chirurgie\/","name":"L'hypnose et la chirurgie - Beno\u00eet Boisvert Hypnoth\u00e9rapeute","isPartOf":{"@id":"https:\/\/www.consuljl.com\/developpement3\/#website"},"datePublished":"2015-06-08T20:49:15+00:00","dateModified":"2015-09-01T15:55:24+00:00","description":"Hypnose et chirurgie : une \u00e9tude en hypnose et chirurgie a \u00e9t\u00e9 men\u00e9e aupr\u00e8s de personnes qui s\u2019appr\u00eataient \u00e0 subir une intervention chirurgicale.","breadcrumb":{"@id":"https:\/\/www.consuljl.com\/developpement3\/services\/hypno-chirurgicale\/lhypnose-et-la-chirurgie\/#breadcrumb"},"inLanguage":"fr-FR","potentialAction":[{"@type":"ReadAction","target":["https:\/\/www.consuljl.com\/developpement3\/services\/hypno-chirurgicale\/lhypnose-et-la-chirurgie\/"]}]},{"@type":"BreadcrumbList","@id":"https:\/\/www.consuljl.com\/developpement3\/services\/hypno-chirurgicale\/lhypnose-et-la-chirurgie\/#breadcrumb","itemListElement":[{"@type":"ListItem","position":1,"name":"Accueil","item":"https:\/\/www.consuljl.com\/developpement3\/"},{"@type":"ListItem","position":2,"name":"Services","item":"https:\/\/www.consuljl.com\/developpement3\/services\/"},{"@type":"ListItem","position":3,"name":"Hypno anesth\u00e9sie (chirurgie)","item":"https:\/\/www.consuljl.com\/developpement3\/services\/hypno-chirurgicale\/"},{"@type":"ListItem","position":4,"name":"L&rsquo;hypnose et la chirurgie"}]},{"@type":"WebSite","@id":"https:\/\/www.consuljl.com\/developpement3\/#website","url":"https:\/\/www.consuljl.com\/developpement3\/","name":"Beno\u00eet Boisvert Hypnoth\u00e9rapeute","description":"R\u00e9v\u00e9lez la force de votre esprit par l&#039;hypnose","potentialAction":[{"@type":"SearchAction","target":{"@type":"EntryPoint","urlTemplate":"https:\/\/www.consuljl.com\/developpement3\/?s={search_term_string}"},"query-input":"required name=search_term_string"}],"inLanguage":"fr-FR"}]}},"_links":{"self":[{"href":"https:\/\/www.consuljl.com\/developpement3\/wp-json\/wp\/v2\/pages\/82"}],"collection":[{"href":"https:\/\/www.consuljl.com\/developpement3\/wp-json\/wp\/v2\/pages"}],"about":[{"href":"https:\/\/www.consuljl.com\/developpement3\/wp-json\/wp\/v2\/types\/page"}],"author":[{"embeddable":true,"href":"https:\/\/www.consuljl.com\/developpement3\/wp-json\/wp\/v2\/users\/2"}],"replies":[{"embeddable":true,"href":"https:\/\/www.consuljl.com\/developpement3\/wp-json\/wp\/v2\/comments?post=82"}],"version-history":[{"count":23,"href":"https:\/\/www.consuljl.com\/developpement3\/wp-json\/wp\/v2\/pages\/82\/revisions"}],"predecessor-version":[{"id":1418,"href":"https:\/\/www.consuljl.com\/developpement3\/wp-json\/wp\/v2\/pages\/82\/revisions\/1418"}],"up":[{"embeddable":true,"href":"https:\/\/www.consuljl.com\/developpement3\/wp-json\/wp\/v2\/pages\/70"}],"wp:attachment":[{"href":"https:\/\/www.consuljl.com\/developpement3\/wp-json\/wp\/v2\/media?parent=82"}],"curies":[{"name":"wp","href":"https:\/\/api.w.org\/{rel}","templated":true}]}}