{"id":830,"date":"2015-07-22T08:48:20","date_gmt":"2015-07-22T12:48:20","guid":{"rendered":"http:\/\/demo.consuljl.com\/?page_id=830"},"modified":"2015-09-21T14:32:26","modified_gmt":"2015-09-21T18:32:26","slug":"hypno-naissance","status":"publish","type":"page","link":"https:\/\/www.consuljl.com\/developpement3\/services\/hypno-naissance\/","title":{"rendered":"Hypno naissance"},"content":{"rendered":"<div class=\"fcbkbttn_buttons_block\" id=\"fcbkbttn_left\"><div class=\"fcbkbttn_like \"><fb:like href=\"https:\/\/www.consuljl.com\/developpement3\/services\/hypno-naissance\/\" action=\"like\" colorscheme=\"light\" layout=\"button_count\"  size=\"small\"><\/fb:like><\/div><\/div><h3 style=\"text-align: left;\"><strong>Vivre son accouchement sans p\u00e9ridurale<\/strong><\/h3>\n<p style=\"text-align: left;\"><strong>C\u2019est maintenant possible avec l&rsquo;hypno naissance!<\/strong><\/p>\n<p><img decoding=\"async\" loading=\"lazy\" class=\"alignleft wp-image-577 size-full\" src=\"http:\/\/www.benoitboisverthypnotherapeute.com\/wp-content\/uploads\/2015\/07\/t\u00e9l\u00e9chargement-11.jpg\" alt=\"accouchement\" width=\"259\" height=\"194\" \/>Chaque grossesse comporte son lot de risques :<\/p>\n<ul>\n<li>Naus\u00e9es importantes et incommodantes en d\u00e9but de grossesse<\/li>\n<li>Pr\u00e9vision d&rsquo;un<strong> accouchement<\/strong> naturel difficile<\/li>\n<li>Peur de ce qui pourrait se passer durant l&rsquo;accouchement<\/li>\n<li>Diab\u00e8te de grossesse<\/li>\n<li>&#8230;<\/li>\n<\/ul>\n<p>&nbsp;<\/p>\n<p>Vous pouvez avoir le contr\u00f4le sur votre corps. Il suffit d&rsquo;\u00eatre bien pr\u00e9par\u00e9,\u00a0autant pour maman que pour la personne qui l&rsquo;accompagnera lors du grand jour.<\/p>\n<h3>Gr\u00e2ce \u00e0 l&rsquo;hypno naissance, vous pouvez :<\/h3>\n<ul>\n<li>R\u00e9duire vos peurs et votre tension<\/li>\n<li>Diminuer consid\u00e9rablement les douleurs<\/li>\n<li>R\u00e9duire ou \u00e9liminer compl\u00e8tement l&rsquo;anesth\u00e9sie chimique<\/li>\n<li><img decoding=\"async\" loading=\"lazy\" class=\"alignright wp-image-693 size-medium\" src=\"http:\/\/www.benoitboisverthypnotherapeute.com\/wp-content\/uploads\/2015\/07\/images-47-300x168.jpg\" alt=\"hypno naissance\" width=\"300\" height=\"168\" \/>\u00catre mieux dispos\u00e9e\u00a0pour l&rsquo;<strong>accouchement<\/strong> (calme et d\u00e9tente)<\/li>\n<li>Vous approprier des techniques d&rsquo;autohypnose<\/li>\n<li>Diminuer les effets secondaires temporaires li\u00e9s \u00e0 la chirurgie<\/li>\n<li>Augmenter la rapidit\u00e9 de gu\u00e9rison et de r\u00e9tablissement<\/li>\n<li>Diminuer les saignements<\/li>\n<li>Agir sur votre post-partum<\/li>\n<li>Et bien plus.<\/li>\n<\/ul>\n<p>Sans anesth\u00e9sie chimique, votre b\u00e9b\u00e9 sera plus \u00e9veill\u00e9.<\/p>\n<p>Dur\u00e9e moyenne d&rsquo;un accouchement sous hypnose est de moins de 3 heures<\/p>\n<h3>Comment faire?<\/h3>\n<p>Il vous sera pr\u00e9par\u00e9 et pr\u00e9sent\u00e9 un plan personnalis\u00e9 et adapt\u00e9 \u00e0 vos besoins sp\u00e9cifiques. La technique employ\u00e9e\u00a0est celle de l&rsquo;hypnose classique de\u00a0Milton Erickson, qui comprend\u00a0l\u2019anesth\u00e9sie sous hypnose, utilis\u00e9e lors de chirurgies. Cette m\u00e9thode vise \u00e0 r\u00e9duire ou \u00e0 \u00e9liminer\u00a0compl\u00e8tement l&rsquo;anesth\u00e9sie chimique ainsi que les effets secondaires d&rsquo;une intervention chirurgicale.<\/p>\n<h3 style=\"text-align: justify;\">Techniques<\/h3>\n<p style=\"text-align: justify;\">Parmi les techniques que le praticien en hypnose utilise, on retrouve\u00a0notamment :<\/p>\n<ul>\n<li style=\"text-align: justify;\"><img decoding=\"async\" loading=\"lazy\" class=\"alignright wp-image-576 size-full\" src=\"http:\/\/www.benoitboisverthypnotherapeute.com\/wp-content\/uploads\/2015\/07\/images-16.jpg\" alt=\"hypno naissance\" width=\"183\" height=\"275\" \/>La suggestion hypnotique adapt\u00e9e<\/li>\n<li style=\"text-align: justify;\">La m\u00e9taphore hypnotique adapt\u00e9e<\/li>\n<li style=\"text-align: justify;\">L&rsquo;ancrage<\/li>\n<li style=\"text-align: justify;\">L&rsquo;autohypnose<\/li>\n<li style=\"text-align: justify;\">Le renforcement positif<\/li>\n<li style=\"text-align: justify;\">La visualisation<\/li>\n<li style=\"text-align: justify;\">Etc.<\/li>\n<\/ul>\n<h3><strong>D\u00e9roulement<\/strong><\/h3>\n<p>L&rsquo;hypno naissance consiste en\u00a0une pr\u00e9paration de\u00a06 rencontres o\u00f9 chacun a un r\u00f4le important \u00e0 jouer.<\/p>\n<p>Les deux premi\u00e8res rencontres sont orient\u00e9es sur\u00a0l&rsquo;apprentissage de l&rsquo;autohypnose.<\/p>\n<p>Les rencontres suivantes sont destin\u00e9es \u00e0 acqu\u00e9rir\u00a0des techniques pour contrer la douleur pendant\u00a0et apr\u00e8s l&rsquo;<strong>accouchement<\/strong>\u00a0ainsi qu&rsquo;\u00e0\u00a0simuler la p\u00e9ridurale\u00a0naturellement.<\/p>\n<p style=\"text-align: left;\">L\u2019hypnose, aujourd\u2019hui class\u00e9e comme m\u00e9decine parall\u00e8le, apporte un mieux-\u00eatre, de l\u2019apaisement et un meilleur\u00a0\u00e9quilibre \u00e9motionnel lors de l&rsquo;accouchement, entre autres.<\/p>\n<p>Le sujet vous int\u00e9resse? Apprenez-en plus dans\u00a0cet article sur <a href=\"http:\/\/www.benoitboisverthypnotherapeute.com\/lhypnose-et-la-chirurgie\/\" target=\"_blank\">l&rsquo;hypnose et la chirurgie<\/a>.<\/p>\n<p>Vous \u00eates invit\u00e9 \u00e0 suivre Beno\u00eet Boisvert, hypnoth\u00e9rapeute, sur <a href=\"https:\/\/www.facebook.com\/benoitboisverthypnotherapeute?ref=hl\" target=\"_blank\"><u><span style=\"color: #0066cc;\">Facebook<\/span><\/u><\/a> et <a href=\"https:\/\/www.linkedin.com\/profile\/view?id=AAIAABgE5V8BnbhfR7imAaVMcm2YTi4vM3drj6s&amp;trk=nav_responsive_tab_profile_pic\" target=\"_blank\"><u><span style=\"color: #0066cc;\">LinkedIn<\/span><\/u><\/a>.<\/p>\n<hr \/>\n<p>T\u00e9moignage<\/p>\n<div class=\"_2v5j\" data-ft=\"{&quot;tn&quot;:&quot;+L&quot;}\">\n<div class=\"fbNubFlyoutBody scrollable\">\n<div class=\"fbNubFlyoutBodyContent\">\n<table class=\"uiGrid _51mz conversationContainer\" cellspacing=\"0\" cellpadding=\"0\">\n<tbody>\n<tr class=\"_51mx\">\n<td class=\"_51m- vBot _51mw\">\n<div class=\"conversation\">\n<div data-reactid=\".1k\">\n<div class=\"_5wd4 _1nc7 direction_ltr _5yt9\" data-reactid=\".1k.1:$mid=11442763795910=2678cc439a9dd932155\">\n<div class=\"_5wd9\" data-reactid=\".1k.1:$mid=11442763795910=2678cc439a9dd932155.2:0\">\n<div class=\"_5wde\" data-reactid=\".1k.1:$mid=11442763795910=2678cc439a9dd932155.2:0.0\">\n<div class=\"_5w1r _5wdf _3okg\" data-reactid=\".1k.1:$mid=11442763795910=2678cc439a9dd932155.2:0.0.0\">\n<div class=\"_d97\" data-reactid=\".1k.1:$mid=11442763795910=2678cc439a9dd932155.2:0.0.0.0\"><a href=\"http:\/\/www.benoitboisverthypnotherapeute.com\/wp-content\/uploads\/2015\/09\/Mathisbebelou.jpg\"><img decoding=\"async\" loading=\"lazy\" class=\"alignright size-medium wp-image-1516\" src=\"http:\/\/www.benoitboisverthypnotherapeute.com\/wp-content\/uploads\/2015\/09\/Mathisbebelou-300x300.jpg\" alt=\"naissance Mathisbebelou\" width=\"300\" height=\"300\" srcset=\"https:\/\/www.consuljl.com\/developpement3\/wp-content\/uploads\/2015\/09\/Mathisbebelou-300x300.jpg 300w, https:\/\/www.consuljl.com\/developpement3\/wp-content\/uploads\/2015\/09\/Mathisbebelou-150x150.jpg 150w, https:\/\/www.consuljl.com\/developpement3\/wp-content\/uploads\/2015\/09\/Mathisbebelou.jpg 960w\" sizes=\"(max-width: 300px) 100vw, 300px\" \/><\/a><\/div>\n<div class=\"_d97\" data-reactid=\".1k.1:$mid=11442763795910=2678cc439a9dd932155.2:0.0.0.0\"><\/div>\n<div class=\"_d97\" data-reactid=\".1k.1:$mid=11442763795910=2678cc439a9dd932155.2:0.0.0.0\"><span class=\"_5yl5\" data-reactid=\".1k.1:$mid=11442763795910=2678cc439a9dd932155.2:0.0.0.0.0\"><span data-reactid=\".1k.1:$mid=11442763795910=2678cc439a9dd932155.2:0.0.0.0.0.0\">Suite \u00e0 ton message du mois d&rsquo;ao\u00fbt, (d\u00e9sol\u00e9 de pas avoir r\u00e9pondu avant) Tu peux te<\/span><\/span><\/div>\n<div class=\"_d97\" data-reactid=\".1k.1:$mid=11442763795910=2678cc439a9dd932155.2:0.0.0.0\"><span class=\"_5yl5\" data-reactid=\".1k.1:$mid=11442763795910=2678cc439a9dd932155.2:0.0.0.0.0\"><span data-reactid=\".1k.1:$mid=11442763795910=2678cc439a9dd932155.2:0.0.0.0.0.0\"> servir de notre photo pour ton site internet. On te remercie encore beaucoup pour nous avoir apporter ton aide, ca \u00e9t\u00e9 une belle exp\u00e9rience. Il va falloir revenir te voir avec Mathis, il a vraiment beaucoup chang\u00e9, il est un grand gar\u00e7on maintenant 4 mois! merci et \u00e0 bient\u00f4t.<\/span><\/span><\/div>\n<div class=\"_d97\" data-reactid=\".1k.1:$mid=11442763795910=2678cc439a9dd932155.2:0.0.0.0\"><\/div>\n<\/div>\n<\/div>\n<\/div>\n<div class=\"_3ry4\" data-reactid=\".1k.1:$mid=11442763795910=2678cc439a9dd932155.2:1\"><\/div>\n<\/div>\n<\/div>\n<\/div>\n<div class=\"accessible_elem\"><\/div>\n<div><\/div>\n<div><\/div>\n<\/td>\n<\/tr>\n<\/tbody>\n<\/table>\n<\/div>\n<\/div>\n<\/div>\n<div class=\"fbNubFlyoutFooter\"><\/div>\n<div class=\"fcbkbttn_buttons_block\" id=\"fcbkbttn_left\"><div class=\"fcbkbttn_like \"><fb:like href=\"https:\/\/www.consuljl.com\/developpement3\/services\/hypno-naissance\/\" action=\"like\" colorscheme=\"light\" layout=\"button_count\"  size=\"small\"><\/fb:like><\/div><\/div>","protected":false},"excerpt":{"rendered":"<p>Vivre son accouchement sans p\u00e9ridurale C\u2019est maintenant possible avec l&rsquo;hypno naissance! Chaque grossesse comporte son lot de risques : Naus\u00e9es importantes et incommodantes en d\u00e9but de grossesse Pr\u00e9vision d&rsquo;un accouchement naturel difficile Peur de ce qui pourrait se passer durant <span class=\"excerpt-dots\">&hellip;<\/span> <a class=\"more-link\" href=\"https:\/\/www.consuljl.com\/developpement3\/services\/hypno-naissance\/\"><span class=\"more-msg\">Lire la suite &rarr;<\/span><\/a><\/p>\n","protected":false},"author":2,"featured_media":576,"parent":27,"menu_order":30,"comment_status":"closed","ping_status":"closed","template":"","meta":[],"yoast_head":"<!-- This site is optimized with the Yoast SEO plugin v20.10 - https:\/\/yoast.com\/wordpress\/plugins\/seo\/ -->\n<title>Hypno naissance - Beno\u00eet Boisvert Hypnoth\u00e9rapeute<\/title>\n<meta name=\"description\" content=\"Vivre son accouchement sans p\u00e9ridurale : c\u2019est maintenant possible avec l&#039;hypno naissance!\" \/>\n<meta name=\"robots\" content=\"noindex, follow, max-snippet:-1, max-image-preview:large, max-video-preview:-1\" \/>\n<meta property=\"og:locale\" content=\"fr_FR\" \/>\n<meta property=\"og:type\" content=\"article\" \/>\n<meta property=\"og:title\" content=\"Hypno naissance - Beno\u00eet Boisvert Hypnoth\u00e9rapeute\" \/>\n<meta property=\"og:description\" content=\"Vivre son accouchement sans p\u00e9ridurale : c\u2019est maintenant possible avec l&#039;hypno naissance!\" \/>\n<meta property=\"og:url\" content=\"https:\/\/www.consuljl.com\/developpement3\/services\/hypno-naissance\/\" \/>\n<meta property=\"og:site_name\" content=\"Beno\u00eet Boisvert Hypnoth\u00e9rapeute\" \/>\n<meta property=\"article:publisher\" content=\"http:\/\/facebook.com\/benoitboisverthypnotherapeute\" \/>\n<meta property=\"article:modified_time\" content=\"2015-09-21T18:32:26+00:00\" \/>\n<meta property=\"og:image\" content=\"https:\/\/www.consuljl.com\/developpement3\/wp-content\/uploads\/2015\/07\/images-16.jpg\" \/>\n\t<meta property=\"og:image:width\" content=\"183\" \/>\n\t<meta property=\"og:image:height\" content=\"275\" \/>\n\t<meta property=\"og:image:type\" content=\"image\/jpeg\" \/>\n<meta name=\"twitter:card\" content=\"summary_large_image\" \/>\n<meta name=\"twitter:label1\" content=\"Dur\u00e9e de lecture estim\u00e9e\" \/>\n\t<meta name=\"twitter:data1\" content=\"2 minutes\" \/>\n<script type=\"application\/ld+json\" class=\"yoast-schema-graph\">{\"@context\":\"https:\/\/schema.org\",\"@graph\":[{\"@type\":\"WebPage\",\"@id\":\"https:\/\/www.consuljl.com\/developpement3\/services\/hypno-naissance\/\",\"url\":\"https:\/\/www.consuljl.com\/developpement3\/services\/hypno-naissance\/\",\"name\":\"Hypno naissance - Beno\u00eet Boisvert Hypnoth\u00e9rapeute\",\"isPartOf\":{\"@id\":\"https:\/\/www.consuljl.com\/developpement3\/#website\"},\"datePublished\":\"2015-07-22T12:48:20+00:00\",\"dateModified\":\"2015-09-21T18:32:26+00:00\",\"description\":\"Vivre son accouchement sans p\u00e9ridurale : c\u2019est maintenant possible avec l'hypno naissance!\",\"breadcrumb\":{\"@id\":\"https:\/\/www.consuljl.com\/developpement3\/services\/hypno-naissance\/#breadcrumb\"},\"inLanguage\":\"fr-FR\",\"potentialAction\":[{\"@type\":\"ReadAction\",\"target\":[\"https:\/\/www.consuljl.com\/developpement3\/services\/hypno-naissance\/\"]}]},{\"@type\":\"BreadcrumbList\",\"@id\":\"https:\/\/www.consuljl.com\/developpement3\/services\/hypno-naissance\/#breadcrumb\",\"itemListElement\":[{\"@type\":\"ListItem\",\"position\":1,\"name\":\"Accueil\",\"item\":\"https:\/\/www.consuljl.com\/developpement3\/\"},{\"@type\":\"ListItem\",\"position\":2,\"name\":\"Services\",\"item\":\"https:\/\/www.consuljl.com\/developpement3\/services\/\"},{\"@type\":\"ListItem\",\"position\":3,\"name\":\"Hypno naissance\"}]},{\"@type\":\"WebSite\",\"@id\":\"https:\/\/www.consuljl.com\/developpement3\/#website\",\"url\":\"https:\/\/www.consuljl.com\/developpement3\/\",\"name\":\"Beno\u00eet Boisvert Hypnoth\u00e9rapeute\",\"description\":\"R\u00e9v\u00e9lez la force de votre esprit par l&#039;hypnose\",\"potentialAction\":[{\"@type\":\"SearchAction\",\"target\":{\"@type\":\"EntryPoint\",\"urlTemplate\":\"https:\/\/www.consuljl.com\/developpement3\/?s={search_term_string}\"},\"query-input\":\"required name=search_term_string\"}],\"inLanguage\":\"fr-FR\"}]}<\/script>\n<!-- \/ Yoast SEO plugin. -->","yoast_head_json":{"title":"Hypno naissance - Beno\u00eet Boisvert Hypnoth\u00e9rapeute","description":"Vivre son accouchement sans p\u00e9ridurale : c\u2019est maintenant possible avec l'hypno naissance!","robots":{"index":"noindex","follow":"follow","max-snippet":"max-snippet:-1","max-image-preview":"max-image-preview:large","max-video-preview":"max-video-preview:-1"},"og_locale":"fr_FR","og_type":"article","og_title":"Hypno naissance - Beno\u00eet Boisvert Hypnoth\u00e9rapeute","og_description":"Vivre son accouchement sans p\u00e9ridurale : c\u2019est maintenant possible avec l'hypno naissance!","og_url":"https:\/\/www.consuljl.com\/developpement3\/services\/hypno-naissance\/","og_site_name":"Beno\u00eet Boisvert Hypnoth\u00e9rapeute","article_publisher":"http:\/\/facebook.com\/benoitboisverthypnotherapeute","article_modified_time":"2015-09-21T18:32:26+00:00","og_image":[{"width":183,"height":275,"url":"https:\/\/www.consuljl.com\/developpement3\/wp-content\/uploads\/2015\/07\/images-16.jpg","type":"image\/jpeg"}],"twitter_card":"summary_large_image","twitter_misc":{"Dur\u00e9e de lecture estim\u00e9e":"2 minutes"},"schema":{"@context":"https:\/\/schema.org","@graph":[{"@type":"WebPage","@id":"https:\/\/www.consuljl.com\/developpement3\/services\/hypno-naissance\/","url":"https:\/\/www.consuljl.com\/developpement3\/services\/hypno-naissance\/","name":"Hypno naissance - Beno\u00eet Boisvert Hypnoth\u00e9rapeute","isPartOf":{"@id":"https:\/\/www.consuljl.com\/developpement3\/#website"},"datePublished":"2015-07-22T12:48:20+00:00","dateModified":"2015-09-21T18:32:26+00:00","description":"Vivre son accouchement sans p\u00e9ridurale : c\u2019est maintenant possible avec l'hypno naissance!","breadcrumb":{"@id":"https:\/\/www.consuljl.com\/developpement3\/services\/hypno-naissance\/#breadcrumb"},"inLanguage":"fr-FR","potentialAction":[{"@type":"ReadAction","target":["https:\/\/www.consuljl.com\/developpement3\/services\/hypno-naissance\/"]}]},{"@type":"BreadcrumbList","@id":"https:\/\/www.consuljl.com\/developpement3\/services\/hypno-naissance\/#breadcrumb","itemListElement":[{"@type":"ListItem","position":1,"name":"Accueil","item":"https:\/\/www.consuljl.com\/developpement3\/"},{"@type":"ListItem","position":2,"name":"Services","item":"https:\/\/www.consuljl.com\/developpement3\/services\/"},{"@type":"ListItem","position":3,"name":"Hypno naissance"}]},{"@type":"WebSite","@id":"https:\/\/www.consuljl.com\/developpement3\/#website","url":"https:\/\/www.consuljl.com\/developpement3\/","name":"Beno\u00eet Boisvert Hypnoth\u00e9rapeute","description":"R\u00e9v\u00e9lez la force de votre esprit par l&#039;hypnose","potentialAction":[{"@type":"SearchAction","target":{"@type":"EntryPoint","urlTemplate":"https:\/\/www.consuljl.com\/developpement3\/?s={search_term_string}"},"query-input":"required name=search_term_string"}],"inLanguage":"fr-FR"}]}},"_links":{"self":[{"href":"https:\/\/www.consuljl.com\/developpement3\/wp-json\/wp\/v2\/pages\/830"}],"collection":[{"href":"https:\/\/www.consuljl.com\/developpement3\/wp-json\/wp\/v2\/pages"}],"about":[{"href":"https:\/\/www.consuljl.com\/developpement3\/wp-json\/wp\/v2\/types\/page"}],"author":[{"embeddable":true,"href":"https:\/\/www.consuljl.com\/developpement3\/wp-json\/wp\/v2\/users\/2"}],"replies":[{"embeddable":true,"href":"https:\/\/www.consuljl.com\/developpement3\/wp-json\/wp\/v2\/comments?post=830"}],"version-history":[{"count":21,"href":"https:\/\/www.consuljl.com\/developpement3\/wp-json\/wp\/v2\/pages\/830\/revisions"}],"predecessor-version":[{"id":1518,"href":"https:\/\/www.consuljl.com\/developpement3\/wp-json\/wp\/v2\/pages\/830\/revisions\/1518"}],"up":[{"embeddable":true,"href":"https:\/\/www.consuljl.com\/developpement3\/wp-json\/wp\/v2\/pages\/27"}],"wp:featuredmedia":[{"embeddable":true,"href":"https:\/\/www.consuljl.com\/developpement3\/wp-json\/wp\/v2\/media\/576"}],"wp:attachment":[{"href":"https:\/\/www.consuljl.com\/developpement3\/wp-json\/wp\/v2\/media?parent=830"}],"curies":[{"name":"wp","href":"https:\/\/api.w.org\/{rel}","templated":true}]}}