{"id":88,"date":"2015-06-09T10:45:58","date_gmt":"2015-06-09T14:45:58","guid":{"rendered":"http:\/\/127.0.0.1:8888\/BENOIT_BOISVERT-WORDPRESS-4_2_2\/?page_id=88"},"modified":"2015-08-30T18:48:05","modified_gmt":"2015-08-30T22:48:05","slug":"hypno-massage","status":"publish","type":"page","link":"https:\/\/www.consuljl.com\/developpement3\/services\/hypno-massage\/","title":{"rendered":"Hypno massage"},"content":{"rendered":"<div class=\"fcbkbttn_buttons_block\" id=\"fcbkbttn_left\"><div class=\"fcbkbttn_like \"><fb:like href=\"https:\/\/www.consuljl.com\/developpement3\/services\/hypno-massage\/\" action=\"like\" colorscheme=\"light\" layout=\"button_count\"  size=\"small\"><\/fb:like><\/div><\/div><h3 style=\"text-align: left;\">Le massage et l&rsquo;hypnose, une combinaison\u00a0parfaite!<\/h3>\n<p><img decoding=\"async\" loading=\"lazy\" class=\"alignleft wp-image-733 size-full\" src=\"http:\/\/www.benoitboisverthypnotherapeute.com\/wp-content\/uploads\/2015\/07\/t\u00e9l\u00e9chargement-81.jpg\" alt=\"Massage\" width=\"275\" height=\"183\" \/>Pendant que vous recevez votre massage, vous \u00eates aussi sous hypnose. Nous profitons donc de l&rsquo;occasion pour travailler un objectif, car la progression\u00a0se fait tr\u00e8s bien.<\/p>\n<p>Vous ressentirez un bien-\u00eatre multipli\u00e9\u00a0puisque\u00a0pratiqu\u00e9es ensemble, les deux techniques voient leurs effets augmenter. D&rsquo;un c\u00f4t\u00e9, il est beaucoup plus facile\u00a0de d\u00e9faire les tensions\u00a0lors du massage.\u00a0De l&rsquo;autre, vous profitez de l&rsquo;occasion pour travailler un objectif de votre choix sous hypnose.<\/p>\n<p>Voil\u00e0\u00a0une \u00e9conomie de temps et d&rsquo;argent pour vous.<\/p>\n<p>Il est donc possible de vous mettre en relaxation par hypnose afin de vous aider \u00e0 travailler un d\u00e9fi personnel \u00e0\u00a0relever.<\/p>\n<h4>Par exemple :<img decoding=\"async\" loading=\"lazy\" class=\"alignright wp-image-397\" src=\"http:\/\/www.benoitboisverthypnotherapeute.com\/wp-content\/uploads\/2015\/07\/\u00e9cureuils-287x300.jpg\" alt=\"Hypno massage\" width=\"168\" height=\"176\" \/><\/h4>\n<ul>\n<li>Diminution de la douleur<\/li>\n<li>Gestion du stress<\/li>\n<li>Pr\u00e9paration \u00e0 une chirurgie<\/li>\n<li>Etc.<\/li>\n<\/ul>\n<p>Une chose est certaine : vous repartirez plus d\u00e9tendu.<\/p>\n<p>Vous \u00eates invit\u00e9 \u00e0 suivre Beno\u00eet Boisvert, hypnoth\u00e9rapeute, sur <a href=\"https:\/\/www.facebook.com\/benoitboisverthypnotherapeute?ref=hl\" target=\"_blank\"><u>Facebook<\/u><\/a> et <a href=\"https:\/\/www.linkedin.com\/profile\/view?id=AAIAABgE5V8BnbhfR7imAaVMcm2YTi4vM3drj6s&amp;trk=nav_responsive_tab_profile_pic\" target=\"_blank\"><u>LinkedIn<\/u><\/a>.<\/p>\n<hr \/>\n<h3>T\u00e9moignage<\/h3>\n<p>\u00ab&nbsp;Wow! Mais c&rsquo;est quoi \u00e7a?\u00a0Je n&rsquo;avais jamais v\u00e9cu quelque chose d&rsquo;aussi intense. Oui, j&rsquo;ai \u00e9t\u00e9 mass\u00e9 dans ma vie, mais l\u00e0, wow!\u00a0Je vous le recommande.\u00a0C&rsquo;est indescriptible, excellent, fabuleux.\u00a0Il faut le vivre pour le comprendre.\u00a0Merci \u00e0 vous deux.&nbsp;\u00bb<\/p>\n<p>\u2014 Steph 30 ans<\/p>\n<div class=\"fcbkbttn_buttons_block\" id=\"fcbkbttn_left\"><div class=\"fcbkbttn_like \"><fb:like href=\"https:\/\/www.consuljl.com\/developpement3\/services\/hypno-massage\/\" action=\"like\" colorscheme=\"light\" layout=\"button_count\"  size=\"small\"><\/fb:like><\/div><\/div>","protected":false},"excerpt":{"rendered":"<p>Le massage et l&rsquo;hypnose, une combinaison\u00a0parfaite! Pendant que vous recevez votre massage, vous \u00eates aussi sous hypnose. Nous profitons donc de l&rsquo;occasion pour travailler un objectif, car la progression\u00a0se fait tr\u00e8s bien. Vous ressentirez un bien-\u00eatre multipli\u00e9\u00a0puisque\u00a0pratiqu\u00e9es ensemble, les deux <span class=\"excerpt-dots\">&hellip;<\/span> <a class=\"more-link\" href=\"https:\/\/www.consuljl.com\/developpement3\/services\/hypno-massage\/\"><span class=\"more-msg\">Lire la suite &rarr;<\/span><\/a><\/p>\n","protected":false},"author":2,"featured_media":733,"parent":27,"menu_order":80,"comment_status":"closed","ping_status":"closed","template":"","meta":[],"yoast_head":"<!-- This site is optimized with the Yoast SEO plugin v20.10 - https:\/\/yoast.com\/wordpress\/plugins\/seo\/ -->\n<title>Hypno massage - Beno\u00eet Boisvert Hypnoth\u00e9rapeute<\/title>\n<meta name=\"description\" content=\"Hypno massage : Le massage et l&#039;hypnose, une combinaison parfaite! Travaillez un objectif particulier tout en profitant d&#039;un massage de d\u00e9tente.\" \/>\n<meta name=\"robots\" content=\"noindex, follow, max-snippet:-1, max-image-preview:large, max-video-preview:-1\" \/>\n<meta property=\"og:locale\" content=\"fr_FR\" \/>\n<meta property=\"og:type\" content=\"article\" \/>\n<meta property=\"og:title\" content=\"Hypno massage - Beno\u00eet Boisvert Hypnoth\u00e9rapeute\" \/>\n<meta property=\"og:description\" content=\"Hypno massage : Le massage et l&#039;hypnose, une combinaison parfaite! Travaillez un objectif particulier tout en profitant d&#039;un massage de d\u00e9tente.\" \/>\n<meta property=\"og:url\" content=\"https:\/\/www.consuljl.com\/developpement3\/services\/hypno-massage\/\" \/>\n<meta property=\"og:site_name\" content=\"Beno\u00eet Boisvert Hypnoth\u00e9rapeute\" \/>\n<meta property=\"article:publisher\" content=\"http:\/\/facebook.com\/benoitboisverthypnotherapeute\" \/>\n<meta property=\"article:modified_time\" content=\"2015-08-30T22:48:05+00:00\" \/>\n<meta property=\"og:image\" content=\"https:\/\/www.consuljl.com\/developpement3\/wp-content\/uploads\/2015\/07\/t\u00e9l\u00e9chargement-81.jpg\" \/>\n\t<meta property=\"og:image:width\" content=\"275\" \/>\n\t<meta property=\"og:image:height\" content=\"183\" \/>\n\t<meta property=\"og:image:type\" content=\"image\/jpeg\" \/>\n<meta name=\"twitter:card\" content=\"summary_large_image\" \/>\n<meta name=\"twitter:label1\" content=\"Dur\u00e9e de lecture estim\u00e9e\" \/>\n\t<meta name=\"twitter:data1\" content=\"1 minute\" \/>\n<script type=\"application\/ld+json\" class=\"yoast-schema-graph\">{\"@context\":\"https:\/\/schema.org\",\"@graph\":[{\"@type\":\"WebPage\",\"@id\":\"https:\/\/www.consuljl.com\/developpement3\/services\/hypno-massage\/\",\"url\":\"https:\/\/www.consuljl.com\/developpement3\/services\/hypno-massage\/\",\"name\":\"Hypno massage - Beno\u00eet Boisvert Hypnoth\u00e9rapeute\",\"isPartOf\":{\"@id\":\"https:\/\/www.consuljl.com\/developpement3\/#website\"},\"datePublished\":\"2015-06-09T14:45:58+00:00\",\"dateModified\":\"2015-08-30T22:48:05+00:00\",\"description\":\"Hypno massage : Le massage et l'hypnose, une combinaison parfaite! Travaillez un objectif particulier tout en profitant d'un massage de d\u00e9tente.\",\"breadcrumb\":{\"@id\":\"https:\/\/www.consuljl.com\/developpement3\/services\/hypno-massage\/#breadcrumb\"},\"inLanguage\":\"fr-FR\",\"potentialAction\":[{\"@type\":\"ReadAction\",\"target\":[\"https:\/\/www.consuljl.com\/developpement3\/services\/hypno-massage\/\"]}]},{\"@type\":\"BreadcrumbList\",\"@id\":\"https:\/\/www.consuljl.com\/developpement3\/services\/hypno-massage\/#breadcrumb\",\"itemListElement\":[{\"@type\":\"ListItem\",\"position\":1,\"name\":\"Accueil\",\"item\":\"https:\/\/www.consuljl.com\/developpement3\/\"},{\"@type\":\"ListItem\",\"position\":2,\"name\":\"Services\",\"item\":\"https:\/\/www.consuljl.com\/developpement3\/services\/\"},{\"@type\":\"ListItem\",\"position\":3,\"name\":\"Hypno massage\"}]},{\"@type\":\"WebSite\",\"@id\":\"https:\/\/www.consuljl.com\/developpement3\/#website\",\"url\":\"https:\/\/www.consuljl.com\/developpement3\/\",\"name\":\"Beno\u00eet Boisvert Hypnoth\u00e9rapeute\",\"description\":\"R\u00e9v\u00e9lez la force de votre esprit par l&#039;hypnose\",\"potentialAction\":[{\"@type\":\"SearchAction\",\"target\":{\"@type\":\"EntryPoint\",\"urlTemplate\":\"https:\/\/www.consuljl.com\/developpement3\/?s={search_term_string}\"},\"query-input\":\"required name=search_term_string\"}],\"inLanguage\":\"fr-FR\"}]}<\/script>\n<!-- \/ Yoast SEO plugin. -->","yoast_head_json":{"title":"Hypno massage - Beno\u00eet Boisvert Hypnoth\u00e9rapeute","description":"Hypno massage : Le massage et l'hypnose, une combinaison parfaite! Travaillez un objectif particulier tout en profitant d'un massage de d\u00e9tente.","robots":{"index":"noindex","follow":"follow","max-snippet":"max-snippet:-1","max-image-preview":"max-image-preview:large","max-video-preview":"max-video-preview:-1"},"og_locale":"fr_FR","og_type":"article","og_title":"Hypno massage - Beno\u00eet Boisvert Hypnoth\u00e9rapeute","og_description":"Hypno massage : Le massage et l'hypnose, une combinaison parfaite! Travaillez un objectif particulier tout en profitant d'un massage de d\u00e9tente.","og_url":"https:\/\/www.consuljl.com\/developpement3\/services\/hypno-massage\/","og_site_name":"Beno\u00eet Boisvert Hypnoth\u00e9rapeute","article_publisher":"http:\/\/facebook.com\/benoitboisverthypnotherapeute","article_modified_time":"2015-08-30T22:48:05+00:00","og_image":[{"width":275,"height":183,"url":"https:\/\/www.consuljl.com\/developpement3\/wp-content\/uploads\/2015\/07\/t\u00e9l\u00e9chargement-81.jpg","type":"image\/jpeg"}],"twitter_card":"summary_large_image","twitter_misc":{"Dur\u00e9e de lecture estim\u00e9e":"1 minute"},"schema":{"@context":"https:\/\/schema.org","@graph":[{"@type":"WebPage","@id":"https:\/\/www.consuljl.com\/developpement3\/services\/hypno-massage\/","url":"https:\/\/www.consuljl.com\/developpement3\/services\/hypno-massage\/","name":"Hypno massage - Beno\u00eet Boisvert Hypnoth\u00e9rapeute","isPartOf":{"@id":"https:\/\/www.consuljl.com\/developpement3\/#website"},"datePublished":"2015-06-09T14:45:58+00:00","dateModified":"2015-08-30T22:48:05+00:00","description":"Hypno massage : Le massage et l'hypnose, une combinaison parfaite! Travaillez un objectif particulier tout en profitant d'un massage de d\u00e9tente.","breadcrumb":{"@id":"https:\/\/www.consuljl.com\/developpement3\/services\/hypno-massage\/#breadcrumb"},"inLanguage":"fr-FR","potentialAction":[{"@type":"ReadAction","target":["https:\/\/www.consuljl.com\/developpement3\/services\/hypno-massage\/"]}]},{"@type":"BreadcrumbList","@id":"https:\/\/www.consuljl.com\/developpement3\/services\/hypno-massage\/#breadcrumb","itemListElement":[{"@type":"ListItem","position":1,"name":"Accueil","item":"https:\/\/www.consuljl.com\/developpement3\/"},{"@type":"ListItem","position":2,"name":"Services","item":"https:\/\/www.consuljl.com\/developpement3\/services\/"},{"@type":"ListItem","position":3,"name":"Hypno massage"}]},{"@type":"WebSite","@id":"https:\/\/www.consuljl.com\/developpement3\/#website","url":"https:\/\/www.consuljl.com\/developpement3\/","name":"Beno\u00eet Boisvert Hypnoth\u00e9rapeute","description":"R\u00e9v\u00e9lez la force de votre esprit par l&#039;hypnose","potentialAction":[{"@type":"SearchAction","target":{"@type":"EntryPoint","urlTemplate":"https:\/\/www.consuljl.com\/developpement3\/?s={search_term_string}"},"query-input":"required name=search_term_string"}],"inLanguage":"fr-FR"}]}},"_links":{"self":[{"href":"https:\/\/www.consuljl.com\/developpement3\/wp-json\/wp\/v2\/pages\/88"}],"collection":[{"href":"https:\/\/www.consuljl.com\/developpement3\/wp-json\/wp\/v2\/pages"}],"about":[{"href":"https:\/\/www.consuljl.com\/developpement3\/wp-json\/wp\/v2\/types\/page"}],"author":[{"embeddable":true,"href":"https:\/\/www.consuljl.com\/developpement3\/wp-json\/wp\/v2\/users\/2"}],"replies":[{"embeddable":true,"href":"https:\/\/www.consuljl.com\/developpement3\/wp-json\/wp\/v2\/comments?post=88"}],"version-history":[{"count":23,"href":"https:\/\/www.consuljl.com\/developpement3\/wp-json\/wp\/v2\/pages\/88\/revisions"}],"predecessor-version":[{"id":1377,"href":"https:\/\/www.consuljl.com\/developpement3\/wp-json\/wp\/v2\/pages\/88\/revisions\/1377"}],"up":[{"embeddable":true,"href":"https:\/\/www.consuljl.com\/developpement3\/wp-json\/wp\/v2\/pages\/27"}],"wp:featuredmedia":[{"embeddable":true,"href":"https:\/\/www.consuljl.com\/developpement3\/wp-json\/wp\/v2\/media\/733"}],"wp:attachment":[{"href":"https:\/\/www.consuljl.com\/developpement3\/wp-json\/wp\/v2\/media?parent=88"}],"curies":[{"name":"wp","href":"https:\/\/api.w.org\/{rel}","templated":true}]}}